{"id":16369,"date":"2025-08-08T11:49:54","date_gmt":"2025-08-08T11:49:54","guid":{"rendered":"https:\/\/junewax.com\/?post_type=product&#038;p=16369"},"modified":"2026-04-15T20:10:53","modified_gmt":"2026-04-15T20:10:53","slug":"junewax-mavi-detay-fircasi-dogal-kil-5li-set","status":"publish","type":"product","link":"https:\/\/junewax.com\/?product=junewax-mavi-detay-fircasi-dogal-kil-5li-set","title":{"rendered":"JuneWax Mavi Detay F\u0131r\u00e7as\u0131 Do\u011fal K\u0131l 5&#8217;li Set"},"content":{"rendered":"","protected":false},"excerpt":{"rendered":"","protected":false},"featured_media":17028,"comment_status":"open","ping_status":"closed","template":"","meta":[],"product_brand":[514],"product_cat":[515,379,524,356,431],"product_tag":[],"class_list":{"0":"post-16369","1":"product","2":"type-product","3":"status-publish","4":"has-post-thumbnail","6":"product_brand-junewax","7":"product_cat-dagitici-siseler-fircalar-aksesuarlar","8":"product_cat-detayli-temizlik-urunleri","9":"product_cat-fircalar","10":"product_cat-ic-bakim-urunleri","11":"product_cat-lastik-ve-jant-bakim-urunleri","13":"first","14":"instock","15":"shipping-taxable","16":"purchasable","17":"product-type-simple"},"jetpack_sharing_enabled":true,"_links":{"self":[{"href":"https:\/\/junewax.com\/index.php?rest_route=\/wp\/v2\/product\/16369","targetHints":{"allow":["GET"]}}],"collection":[{"href":"https:\/\/junewax.com\/index.php?rest_route=\/wp\/v2\/product"}],"about":[{"href":"https:\/\/junewax.com\/index.php?rest_route=\/wp\/v2\/types\/product"}],"replies":[{"embeddable":true,"href":"https:\/\/junewax.com\/index.php?rest_route=%2Fwp%2Fv2%2Fcomments&post=16369"}],"version-history":[{"count":1,"href":"https:\/\/junewax.com\/index.php?rest_route=\/wp\/v2\/product\/16369\/revisions"}],"predecessor-version":[{"id":16370,"href":"https:\/\/junewax.com\/index.php?rest_route=\/wp\/v2\/product\/16369\/revisions\/16370"}],"wp:featuredmedia":[{"embeddable":true,"href":"https:\/\/junewax.com\/index.php?rest_route=\/wp\/v2\/media\/17028"}],"wp:attachment":[{"href":"https:\/\/junewax.com\/index.php?rest_route=%2Fwp%2Fv2%2Fmedia&parent=16369"}],"wp:term":[{"taxonomy":"product_brand","embeddable":true,"href":"https:\/\/junewax.com\/index.php?rest_route=%2Fwp%2Fv2%2Fproduct_brand&post=16369"},{"taxonomy":"product_cat","embeddable":true,"href":"https:\/\/junewax.com\/index.php?rest_route=%2Fwp%2Fv2%2Fproduct_cat&post=16369"},{"taxonomy":"product_tag","embeddable":true,"href":"https:\/\/junewax.com\/index.php?rest_route=%2Fwp%2Fv2%2Fproduct_tag&post=16369"}],"curies":[{"name":"wp","href":"https:\/\/api.w.org\/{rel}","templated":true}]}}