{"id":16387,"date":"2025-08-08T11:58:58","date_gmt":"2025-08-08T11:58:58","guid":{"rendered":"https:\/\/junewax.com\/?post_type=product&#038;p=16387"},"modified":"2025-08-25T11:17:04","modified_gmt":"2025-08-25T11:17:04","slug":"junewax-plus-arac-ici-detayli-temizleyici-5kg","status":"publish","type":"product","link":"https:\/\/junewax.com\/?product=junewax-plus-arac-ici-detayli-temizleyici-5kg","title":{"rendered":"JuneWax Plus Ara\u00e7 \u0130\u00e7i Detayl\u0131 Temizleyici 5kg"},"content":{"rendered":"","protected":false},"excerpt":{"rendered":"","protected":false},"featured_media":0,"comment_status":"open","ping_status":"closed","template":"","meta":[],"product_brand":[514],"product_cat":[357,379,356],"product_tag":[],"class_list":{"0":"post-16387","1":"product","2":"type-product","3":"status-publish","5":"product_brand-junewax","6":"product_cat-deri-temizleme-ve-koruma","7":"product_cat-detayli-temizlik-urunleri","8":"product_cat-ic-bakim-urunleri","10":"first","11":"instock","12":"shipping-taxable","13":"purchasable","14":"product-type-simple"},"jetpack_sharing_enabled":true,"_links":{"self":[{"href":"https:\/\/junewax.com\/index.php?rest_route=\/wp\/v2\/product\/16387","targetHints":{"allow":["GET"]}}],"collection":[{"href":"https:\/\/junewax.com\/index.php?rest_route=\/wp\/v2\/product"}],"about":[{"href":"https:\/\/junewax.com\/index.php?rest_route=\/wp\/v2\/types\/product"}],"replies":[{"embeddable":true,"href":"https:\/\/junewax.com\/index.php?rest_route=%2Fwp%2Fv2%2Fcomments&post=16387"}],"version-history":[{"count":1,"href":"https:\/\/junewax.com\/index.php?rest_route=\/wp\/v2\/product\/16387\/revisions"}],"predecessor-version":[{"id":16388,"href":"https:\/\/junewax.com\/index.php?rest_route=\/wp\/v2\/product\/16387\/revisions\/16388"}],"wp:attachment":[{"href":"https:\/\/junewax.com\/index.php?rest_route=%2Fwp%2Fv2%2Fmedia&parent=16387"}],"wp:term":[{"taxonomy":"product_brand","embeddable":true,"href":"https:\/\/junewax.com\/index.php?rest_route=%2Fwp%2Fv2%2Fproduct_brand&post=16387"},{"taxonomy":"product_cat","embeddable":true,"href":"https:\/\/junewax.com\/index.php?rest_route=%2Fwp%2Fv2%2Fproduct_cat&post=16387"},{"taxonomy":"product_tag","embeddable":true,"href":"https:\/\/junewax.com\/index.php?rest_route=%2Fwp%2Fv2%2Fproduct_tag&post=16387"}],"curies":[{"name":"wp","href":"https:\/\/api.w.org\/{rel}","templated":true}]}}