{"id":16394,"date":"2025-08-08T12:02:19","date_gmt":"2025-08-08T12:02:19","guid":{"rendered":"https:\/\/junewax.com\/?post_type=product&#038;p=16394"},"modified":"2026-02-18T11:46:40","modified_gmt":"2026-02-18T11:46:40","slug":"junewax-plus-lastik-parlatici-23-kg-sivi","status":"publish","type":"product","link":"https:\/\/junewax.com\/?product=junewax-plus-lastik-parlatici-23-kg-sivi","title":{"rendered":"JuneWax Plus Lastik Parlat\u0131c\u0131 23 kg (S\u0131v\u0131)"},"content":{"rendered":"","protected":false},"excerpt":{"rendered":"","protected":false},"featured_media":17020,"comment_status":"open","ping_status":"closed","template":"","meta":[],"product_brand":[514],"product_cat":[396,431],"product_tag":[],"class_list":{"0":"post-16394","1":"product","2":"type-product","3":"status-publish","4":"has-post-thumbnail","6":"product_brand-junewax","7":"product_cat-dis-bakim-urunleri","8":"product_cat-lastik-ve-jant-bakim-urunleri","10":"first","11":"instock","12":"shipping-taxable","13":"purchasable","14":"product-type-simple"},"jetpack_sharing_enabled":true,"_links":{"self":[{"href":"https:\/\/junewax.com\/index.php?rest_route=\/wp\/v2\/product\/16394","targetHints":{"allow":["GET"]}}],"collection":[{"href":"https:\/\/junewax.com\/index.php?rest_route=\/wp\/v2\/product"}],"about":[{"href":"https:\/\/junewax.com\/index.php?rest_route=\/wp\/v2\/types\/product"}],"replies":[{"embeddable":true,"href":"https:\/\/junewax.com\/index.php?rest_route=%2Fwp%2Fv2%2Fcomments&post=16394"}],"version-history":[{"count":1,"href":"https:\/\/junewax.com\/index.php?rest_route=\/wp\/v2\/product\/16394\/revisions"}],"predecessor-version":[{"id":16395,"href":"https:\/\/junewax.com\/index.php?rest_route=\/wp\/v2\/product\/16394\/revisions\/16395"}],"wp:featuredmedia":[{"embeddable":true,"href":"https:\/\/junewax.com\/index.php?rest_route=\/wp\/v2\/media\/17020"}],"wp:attachment":[{"href":"https:\/\/junewax.com\/index.php?rest_route=%2Fwp%2Fv2%2Fmedia&parent=16394"}],"wp:term":[{"taxonomy":"product_brand","embeddable":true,"href":"https:\/\/junewax.com\/index.php?rest_route=%2Fwp%2Fv2%2Fproduct_brand&post=16394"},{"taxonomy":"product_cat","embeddable":true,"href":"https:\/\/junewax.com\/index.php?rest_route=%2Fwp%2Fv2%2Fproduct_cat&post=16394"},{"taxonomy":"product_tag","embeddable":true,"href":"https:\/\/junewax.com\/index.php?rest_route=%2Fwp%2Fv2%2Fproduct_tag&post=16394"}],"curies":[{"name":"wp","href":"https:\/\/api.w.org\/{rel}","templated":true}]}}