{"id":16398,"date":"2025-08-08T12:03:47","date_gmt":"2025-08-08T12:03:47","guid":{"rendered":"https:\/\/junewax.com\/?post_type=product&#038;p=16398"},"modified":"2025-08-25T11:15:47","modified_gmt":"2025-08-25T11:15:47","slug":"junewax-plus-lastik-parlatici-5kg-sivi","status":"publish","type":"product","link":"https:\/\/junewax.com\/?product=junewax-plus-lastik-parlatici-5kg-sivi","title":{"rendered":"JuneWax Plus Lastik Parlat\u0131c\u0131 5kg (S\u0131v\u0131)"},"content":{"rendered":"","protected":false},"excerpt":{"rendered":"","protected":false},"featured_media":0,"comment_status":"open","ping_status":"closed","template":"","meta":[],"product_brand":[514],"product_cat":[396,431],"product_tag":[],"class_list":{"0":"post-16398","1":"product","2":"type-product","3":"status-publish","5":"product_brand-junewax","6":"product_cat-dis-bakim-urunleri","7":"product_cat-lastik-ve-jant-bakim-urunleri","9":"first","10":"instock","11":"shipping-taxable","12":"purchasable","13":"product-type-simple"},"jetpack_sharing_enabled":true,"_links":{"self":[{"href":"https:\/\/junewax.com\/index.php?rest_route=\/wp\/v2\/product\/16398","targetHints":{"allow":["GET"]}}],"collection":[{"href":"https:\/\/junewax.com\/index.php?rest_route=\/wp\/v2\/product"}],"about":[{"href":"https:\/\/junewax.com\/index.php?rest_route=\/wp\/v2\/types\/product"}],"replies":[{"embeddable":true,"href":"https:\/\/junewax.com\/index.php?rest_route=%2Fwp%2Fv2%2Fcomments&post=16398"}],"version-history":[{"count":1,"href":"https:\/\/junewax.com\/index.php?rest_route=\/wp\/v2\/product\/16398\/revisions"}],"predecessor-version":[{"id":16399,"href":"https:\/\/junewax.com\/index.php?rest_route=\/wp\/v2\/product\/16398\/revisions\/16399"}],"wp:attachment":[{"href":"https:\/\/junewax.com\/index.php?rest_route=%2Fwp%2Fv2%2Fmedia&parent=16398"}],"wp:term":[{"taxonomy":"product_brand","embeddable":true,"href":"https:\/\/junewax.com\/index.php?rest_route=%2Fwp%2Fv2%2Fproduct_brand&post=16398"},{"taxonomy":"product_cat","embeddable":true,"href":"https:\/\/junewax.com\/index.php?rest_route=%2Fwp%2Fv2%2Fproduct_cat&post=16398"},{"taxonomy":"product_tag","embeddable":true,"href":"https:\/\/junewax.com\/index.php?rest_route=%2Fwp%2Fv2%2Fproduct_tag&post=16398"}],"curies":[{"name":"wp","href":"https:\/\/api.w.org\/{rel}","templated":true}]}}