{"id":16411,"date":"2025-08-08T12:09:09","date_gmt":"2025-08-08T12:09:09","guid":{"rendered":"https:\/\/junewax.com\/?post_type=product&#038;p=16411"},"modified":"2026-04-15T20:08:42","modified_gmt":"2026-04-15T20:08:42","slug":"junewax-premium-arac-ici-detayli-temizleyici-22kg","status":"publish","type":"product","link":"https:\/\/junewax.com\/?product=junewax-premium-arac-ici-detayli-temizleyici-22kg","title":{"rendered":"JuneWax Premium Ara\u00e7 \u0130\u00e7i Detayl\u0131 Temizleyici 22kg"},"content":{"rendered":"","protected":false},"excerpt":{"rendered":"","protected":false},"featured_media":0,"comment_status":"open","ping_status":"closed","template":"","meta":[],"product_brand":[514],"product_cat":[357,379,356],"product_tag":[],"class_list":{"0":"post-16411","1":"product","2":"type-product","3":"status-publish","5":"product_brand-junewax","6":"product_cat-deri-temizleme-ve-koruma","7":"product_cat-detayli-temizlik-urunleri","8":"product_cat-ic-bakim-urunleri","10":"first","11":"instock","12":"shipping-taxable","13":"purchasable","14":"product-type-simple"},"jetpack_sharing_enabled":true,"_links":{"self":[{"href":"https:\/\/junewax.com\/index.php?rest_route=\/wp\/v2\/product\/16411","targetHints":{"allow":["GET"]}}],"collection":[{"href":"https:\/\/junewax.com\/index.php?rest_route=\/wp\/v2\/product"}],"about":[{"href":"https:\/\/junewax.com\/index.php?rest_route=\/wp\/v2\/types\/product"}],"replies":[{"embeddable":true,"href":"https:\/\/junewax.com\/index.php?rest_route=%2Fwp%2Fv2%2Fcomments&post=16411"}],"version-history":[{"count":1,"href":"https:\/\/junewax.com\/index.php?rest_route=\/wp\/v2\/product\/16411\/revisions"}],"predecessor-version":[{"id":16412,"href":"https:\/\/junewax.com\/index.php?rest_route=\/wp\/v2\/product\/16411\/revisions\/16412"}],"wp:attachment":[{"href":"https:\/\/junewax.com\/index.php?rest_route=%2Fwp%2Fv2%2Fmedia&parent=16411"}],"wp:term":[{"taxonomy":"product_brand","embeddable":true,"href":"https:\/\/junewax.com\/index.php?rest_route=%2Fwp%2Fv2%2Fproduct_brand&post=16411"},{"taxonomy":"product_cat","embeddable":true,"href":"https:\/\/junewax.com\/index.php?rest_route=%2Fwp%2Fv2%2Fproduct_cat&post=16411"},{"taxonomy":"product_tag","embeddable":true,"href":"https:\/\/junewax.com\/index.php?rest_route=%2Fwp%2Fv2%2Fproduct_tag&post=16411"}],"curies":[{"name":"wp","href":"https:\/\/api.w.org\/{rel}","templated":true}]}}