{"id":16415,"date":"2025-08-08T12:14:26","date_gmt":"2025-08-08T12:14:26","guid":{"rendered":"https:\/\/junewax.com\/?post_type=product&#038;p=16415"},"modified":"2025-08-25T11:12:46","modified_gmt":"2025-08-25T11:12:46","slug":"junewax-premium-torpido-bakim-koruyucu-parlatici-500ml","status":"publish","type":"product","link":"https:\/\/junewax.com\/?product=junewax-premium-torpido-bakim-koruyucu-parlatici-500ml","title":{"rendered":"JuneWax Premium Torpido Bak\u0131m Koruyucu Parlat\u0131c\u0131 500ml"},"content":{"rendered":"","protected":false},"excerpt":{"rendered":"","protected":false},"featured_media":0,"comment_status":"open","ping_status":"closed","template":"","meta":[],"product_brand":[514],"product_cat":[356,387],"product_tag":[],"class_list":{"0":"post-16415","1":"product","2":"type-product","3":"status-publish","5":"product_brand-junewax","6":"product_cat-ic-bakim-urunleri","7":"product_cat-plastik-aksam-koruma","9":"first","10":"instock","11":"shipping-taxable","12":"purchasable","13":"product-type-simple"},"jetpack_sharing_enabled":true,"_links":{"self":[{"href":"https:\/\/junewax.com\/index.php?rest_route=\/wp\/v2\/product\/16415","targetHints":{"allow":["GET"]}}],"collection":[{"href":"https:\/\/junewax.com\/index.php?rest_route=\/wp\/v2\/product"}],"about":[{"href":"https:\/\/junewax.com\/index.php?rest_route=\/wp\/v2\/types\/product"}],"replies":[{"embeddable":true,"href":"https:\/\/junewax.com\/index.php?rest_route=%2Fwp%2Fv2%2Fcomments&post=16415"}],"version-history":[{"count":1,"href":"https:\/\/junewax.com\/index.php?rest_route=\/wp\/v2\/product\/16415\/revisions"}],"predecessor-version":[{"id":16416,"href":"https:\/\/junewax.com\/index.php?rest_route=\/wp\/v2\/product\/16415\/revisions\/16416"}],"wp:attachment":[{"href":"https:\/\/junewax.com\/index.php?rest_route=%2Fwp%2Fv2%2Fmedia&parent=16415"}],"wp:term":[{"taxonomy":"product_brand","embeddable":true,"href":"https:\/\/junewax.com\/index.php?rest_route=%2Fwp%2Fv2%2Fproduct_brand&post=16415"},{"taxonomy":"product_cat","embeddable":true,"href":"https:\/\/junewax.com\/index.php?rest_route=%2Fwp%2Fv2%2Fproduct_cat&post=16415"},{"taxonomy":"product_tag","embeddable":true,"href":"https:\/\/junewax.com\/index.php?rest_route=%2Fwp%2Fv2%2Fproduct_tag&post=16415"}],"curies":[{"name":"wp","href":"https:\/\/api.w.org\/{rel}","templated":true}]}}