{"id":16434,"date":"2025-08-08T12:22:38","date_gmt":"2025-08-08T12:22:38","guid":{"rendered":"https:\/\/junewax.com\/?post_type=product&#038;p=16434"},"modified":"2025-08-25T11:10:55","modified_gmt":"2025-08-25T11:10:55","slug":"junewax-sunger-ve-kece-asma-standi","status":"publish","type":"product","link":"https:\/\/junewax.com\/?product=junewax-sunger-ve-kece-asma-standi","title":{"rendered":"JuneWax S\u00fcnger Ve Ke\u00e7e Asma Stand\u0131"},"content":{"rendered":"","protected":false},"excerpt":{"rendered":"","protected":false},"featured_media":17006,"comment_status":"open","ping_status":"closed","template":"","meta":[],"product_brand":[514],"product_cat":[218,515,527,243,265,194,440,280,439],"product_tag":[],"class_list":{"0":"post-16434","1":"product","2":"type-product","3":"status-publish","4":"has-post-thumbnail","6":"product_brand-junewax","7":"product_cat-agresif-kalin-pastalar","8":"product_cat-dagitici-siseler-fircalar-aksesuarlar","9":"product_cat-ekipman-standlari","10":"product_cat-hare-giderici","11":"product_cat-ince-pastalar","12":"product_cat-pasta-ve-hare-gidericiler","13":"product_cat-pedler-ve-keceler","14":"product_cat-tek-adim-pastalar","15":"product_cat-uygulama-pedleri-ve-bezler","17":"first","18":"instock","19":"shipping-taxable","20":"purchasable","21":"product-type-simple"},"jetpack_sharing_enabled":true,"_links":{"self":[{"href":"https:\/\/junewax.com\/index.php?rest_route=\/wp\/v2\/product\/16434","targetHints":{"allow":["GET"]}}],"collection":[{"href":"https:\/\/junewax.com\/index.php?rest_route=\/wp\/v2\/product"}],"about":[{"href":"https:\/\/junewax.com\/index.php?rest_route=\/wp\/v2\/types\/product"}],"replies":[{"embeddable":true,"href":"https:\/\/junewax.com\/index.php?rest_route=%2Fwp%2Fv2%2Fcomments&post=16434"}],"version-history":[{"count":1,"href":"https:\/\/junewax.com\/index.php?rest_route=\/wp\/v2\/product\/16434\/revisions"}],"predecessor-version":[{"id":16435,"href":"https:\/\/junewax.com\/index.php?rest_route=\/wp\/v2\/product\/16434\/revisions\/16435"}],"wp:featuredmedia":[{"embeddable":true,"href":"https:\/\/junewax.com\/index.php?rest_route=\/wp\/v2\/media\/17006"}],"wp:attachment":[{"href":"https:\/\/junewax.com\/index.php?rest_route=%2Fwp%2Fv2%2Fmedia&parent=16434"}],"wp:term":[{"taxonomy":"product_brand","embeddable":true,"href":"https:\/\/junewax.com\/index.php?rest_route=%2Fwp%2Fv2%2Fproduct_brand&post=16434"},{"taxonomy":"product_cat","embeddable":true,"href":"https:\/\/junewax.com\/index.php?rest_route=%2Fwp%2Fv2%2Fproduct_cat&post=16434"},{"taxonomy":"product_tag","embeddable":true,"href":"https:\/\/junewax.com\/index.php?rest_route=%2Fwp%2Fv2%2Fproduct_tag&post=16434"}],"curies":[{"name":"wp","href":"https:\/\/api.w.org\/{rel}","templated":true}]}}