{"id":16436,"date":"2025-08-08T12:44:47","date_gmt":"2025-08-08T12:44:47","guid":{"rendered":"https:\/\/junewax.com\/?post_type=product&#038;p=16436"},"modified":"2025-08-30T09:48:26","modified_gmt":"2025-08-30T09:48:26","slug":"junewax-tex-jw20-deri-kumas-plastik-temizleme-kopugu-aerosol-600ml","status":"publish","type":"product","link":"https:\/\/junewax.com\/?product=junewax-tex-jw20-deri-kumas-plastik-temizleme-kopugu-aerosol-600ml","title":{"rendered":"JuneWax Tex JW20 Deri &#8211; Kuma\u015f &#8211; Plastik Temizleme K\u00f6p\u00fc\u011f\u00fc Aerosol 600ml"},"content":{"rendered":"","protected":false},"excerpt":{"rendered":"","protected":false},"featured_media":17280,"comment_status":"open","ping_status":"closed","template":"","meta":[],"product_brand":[514],"product_cat":[357,379,356,539],"product_tag":[],"class_list":{"0":"post-16436","1":"product","2":"type-product","3":"status-publish","4":"has-post-thumbnail","6":"product_brand-junewax","7":"product_cat-deri-temizleme-ve-koruma","8":"product_cat-detayli-temizlik-urunleri","9":"product_cat-ic-bakim-urunleri","10":"product_cat-junewax-aeresol","12":"first","13":"instock","14":"sale","15":"shipping-taxable","16":"purchasable","17":"product-type-simple"},"jetpack_sharing_enabled":true,"_links":{"self":[{"href":"https:\/\/junewax.com\/index.php?rest_route=\/wp\/v2\/product\/16436","targetHints":{"allow":["GET"]}}],"collection":[{"href":"https:\/\/junewax.com\/index.php?rest_route=\/wp\/v2\/product"}],"about":[{"href":"https:\/\/junewax.com\/index.php?rest_route=\/wp\/v2\/types\/product"}],"replies":[{"embeddable":true,"href":"https:\/\/junewax.com\/index.php?rest_route=%2Fwp%2Fv2%2Fcomments&post=16436"}],"version-history":[{"count":1,"href":"https:\/\/junewax.com\/index.php?rest_route=\/wp\/v2\/product\/16436\/revisions"}],"predecessor-version":[{"id":16437,"href":"https:\/\/junewax.com\/index.php?rest_route=\/wp\/v2\/product\/16436\/revisions\/16437"}],"wp:featuredmedia":[{"embeddable":true,"href":"https:\/\/junewax.com\/index.php?rest_route=\/wp\/v2\/media\/17280"}],"wp:attachment":[{"href":"https:\/\/junewax.com\/index.php?rest_route=%2Fwp%2Fv2%2Fmedia&parent=16436"}],"wp:term":[{"taxonomy":"product_brand","embeddable":true,"href":"https:\/\/junewax.com\/index.php?rest_route=%2Fwp%2Fv2%2Fproduct_brand&post=16436"},{"taxonomy":"product_cat","embeddable":true,"href":"https:\/\/junewax.com\/index.php?rest_route=%2Fwp%2Fv2%2Fproduct_cat&post=16436"},{"taxonomy":"product_tag","embeddable":true,"href":"https:\/\/junewax.com\/index.php?rest_route=%2Fwp%2Fv2%2Fproduct_tag&post=16436"}],"curies":[{"name":"wp","href":"https:\/\/api.w.org\/{rel}","templated":true}]}}