{"id":16442,"date":"2025-08-08T12:46:53","date_gmt":"2025-08-08T12:46:53","guid":{"rendered":"https:\/\/junewax.com\/?post_type=product&#038;p=16442"},"modified":"2025-09-19T12:09:06","modified_gmt":"2025-09-19T12:09:06","slug":"junewax-twisted-oto-kurulama-havlu-bez-50x80-450gsm","status":"publish","type":"product","link":"https:\/\/junewax.com\/?product=junewax-twisted-oto-kurulama-havlu-bez-50x80-450gsm","title":{"rendered":"JuneWax Twisted Oto Kurulama Havlu Bez 50&#215;80 1200gsm ( 4 RENK )"},"content":{"rendered":"<p>\u0130stedi\u011finiz renk se\u00e7ene\u011fini sipari\u015f a\u00e7\u0131klamas\u0131na yaz\u0131n\u0131z.<\/p>\n","protected":false},"excerpt":{"rendered":"<p>\u0130stedi\u011finiz renk se\u00e7ene\u011fini sipari\u015f a\u00e7\u0131klamas\u0131na yaz\u0131n\u0131z.<\/p>\n","protected":false},"featured_media":16631,"comment_status":"open","ping_status":"closed","template":"","meta":[],"product_brand":[514],"product_cat":[525,439],"product_tag":[],"class_list":{"0":"post-16442","1":"product","2":"type-product","3":"status-publish","4":"has-post-thumbnail","6":"product_brand-junewax","7":"product_cat-kurulama-havlulari-ve-cam-bezleri","8":"product_cat-uygulama-pedleri-ve-bezler","10":"first","11":"instock","12":"shipping-taxable","13":"purchasable","14":"product-type-simple"},"jetpack_sharing_enabled":true,"_links":{"self":[{"href":"https:\/\/junewax.com\/index.php?rest_route=\/wp\/v2\/product\/16442","targetHints":{"allow":["GET"]}}],"collection":[{"href":"https:\/\/junewax.com\/index.php?rest_route=\/wp\/v2\/product"}],"about":[{"href":"https:\/\/junewax.com\/index.php?rest_route=\/wp\/v2\/types\/product"}],"replies":[{"embeddable":true,"href":"https:\/\/junewax.com\/index.php?rest_route=%2Fwp%2Fv2%2Fcomments&post=16442"}],"version-history":[{"count":4,"href":"https:\/\/junewax.com\/index.php?rest_route=\/wp\/v2\/product\/16442\/revisions"}],"predecessor-version":[{"id":17878,"href":"https:\/\/junewax.com\/index.php?rest_route=\/wp\/v2\/product\/16442\/revisions\/17878"}],"wp:featuredmedia":[{"embeddable":true,"href":"https:\/\/junewax.com\/index.php?rest_route=\/wp\/v2\/media\/16631"}],"wp:attachment":[{"href":"https:\/\/junewax.com\/index.php?rest_route=%2Fwp%2Fv2%2Fmedia&parent=16442"}],"wp:term":[{"taxonomy":"product_brand","embeddable":true,"href":"https:\/\/junewax.com\/index.php?rest_route=%2Fwp%2Fv2%2Fproduct_brand&post=16442"},{"taxonomy":"product_cat","embeddable":true,"href":"https:\/\/junewax.com\/index.php?rest_route=%2Fwp%2Fv2%2Fproduct_cat&post=16442"},{"taxonomy":"product_tag","embeddable":true,"href":"https:\/\/junewax.com\/index.php?rest_route=%2Fwp%2Fv2%2Fproduct_tag&post=16442"}],"curies":[{"name":"wp","href":"https:\/\/api.w.org\/{rel}","templated":true}]}}