{"id":16444,"date":"2025-08-08T12:48:22","date_gmt":"2025-08-08T12:48:22","guid":{"rendered":"https:\/\/junewax.com\/?post_type=product&#038;p=16444"},"modified":"2026-04-15T20:07:15","modified_gmt":"2026-04-15T20:07:15","slug":"junewax-urun-cantasi","status":"publish","type":"product","link":"https:\/\/junewax.com\/?product=junewax-urun-cantasi","title":{"rendered":"Junewax \u00dcr\u00fcn \u00c7antas\u0131"},"content":{"rendered":"","protected":false},"excerpt":{"rendered":"","protected":false},"featured_media":0,"comment_status":"open","ping_status":"closed","template":"","meta":[],"product_brand":[514],"product_cat":[515,527],"product_tag":[],"class_list":{"0":"post-16444","1":"product","2":"type-product","3":"status-publish","5":"product_brand-junewax","6":"product_cat-dagitici-siseler-fircalar-aksesuarlar","7":"product_cat-ekipman-standlari","9":"first","10":"instock","11":"shipping-taxable","12":"purchasable","13":"product-type-simple"},"jetpack_sharing_enabled":true,"_links":{"self":[{"href":"https:\/\/junewax.com\/index.php?rest_route=\/wp\/v2\/product\/16444","targetHints":{"allow":["GET"]}}],"collection":[{"href":"https:\/\/junewax.com\/index.php?rest_route=\/wp\/v2\/product"}],"about":[{"href":"https:\/\/junewax.com\/index.php?rest_route=\/wp\/v2\/types\/product"}],"replies":[{"embeddable":true,"href":"https:\/\/junewax.com\/index.php?rest_route=%2Fwp%2Fv2%2Fcomments&post=16444"}],"version-history":[{"count":1,"href":"https:\/\/junewax.com\/index.php?rest_route=\/wp\/v2\/product\/16444\/revisions"}],"predecessor-version":[{"id":16445,"href":"https:\/\/junewax.com\/index.php?rest_route=\/wp\/v2\/product\/16444\/revisions\/16445"}],"wp:attachment":[{"href":"https:\/\/junewax.com\/index.php?rest_route=%2Fwp%2Fv2%2Fmedia&parent=16444"}],"wp:term":[{"taxonomy":"product_brand","embeddable":true,"href":"https:\/\/junewax.com\/index.php?rest_route=%2Fwp%2Fv2%2Fproduct_brand&post=16444"},{"taxonomy":"product_cat","embeddable":true,"href":"https:\/\/junewax.com\/index.php?rest_route=%2Fwp%2Fv2%2Fproduct_cat&post=16444"},{"taxonomy":"product_tag","embeddable":true,"href":"https:\/\/junewax.com\/index.php?rest_route=%2Fwp%2Fv2%2Fproduct_tag&post=16444"}],"curies":[{"name":"wp","href":"https:\/\/api.w.org\/{rel}","templated":true}]}}