{"id":16492,"date":"2025-08-08T13:21:40","date_gmt":"2025-08-08T13:21:40","guid":{"rendered":"https:\/\/junewax.com\/?post_type=product&#038;p=16492"},"modified":"2026-04-15T20:26:05","modified_gmt":"2026-04-15T20:26:05","slug":"spark-m2316-mikrofiber-oto-kurulama-havlu-bez-60x90","status":"publish","type":"product","link":"https:\/\/junewax.com\/?product=spark-m2316-mikrofiber-oto-kurulama-havlu-bez-60x90","title":{"rendered":"Spark M2316 Mikrofiber Oto Kurulama Havlu Bez 60&#215;90"},"content":{"rendered":"<p><span class=\"relative -mx-px my-[-0.2rem] rounded px-px py-[0.2rem] transition-colors duration-100 ease-in-out\"><strong data-start=\"0\" data-end=\"72\" data-is-only-node=\"\">Spark 2316 Mikrofiber Pelu\u015f Oto Kurulama ve Temizlik Bezi (60&#215;90 cm)<\/strong>, ara\u00e7 bak\u0131m\u0131nda kullan\u0131lan y\u00fcksek kaliteli bir mikrofiber bezdir.<\/span>\u00a0<span class=\"relative -mx-px my-[-0.2rem] rounded px-px py-[0.2rem] transition-colors duration-100 ease-in-out\">Bu \u00fcr\u00fcn, \u00f6zellikle ara\u00e7 y\u00fczeylerini nazik\u00e7e temizlemek ve kurutmak i\u00e7in tasarlanm\u0131\u015ft\u0131r.<\/span><\/p>\n","protected":false},"excerpt":{"rendered":"<p>Spark 2316 Mikrofiber Pelu\u015f Oto Kurulama ve Temizlik Bezi (60&#215;90 cm), ara\u00e7 bak\u0131m\u0131nda kullan\u0131lan y\u00fcksek kaliteli bir mikrofiber bezdir.\u00a0Bu \u00fcr\u00fcn,<\/p>\n","protected":false},"featured_media":16588,"comment_status":"open","ping_status":"closed","template":"","meta":[],"product_brand":[531],"product_cat":[525,439],"product_tag":[],"class_list":{"0":"post-16492","1":"product","2":"type-product","3":"status-publish","4":"has-post-thumbnail","6":"product_brand-spark","7":"product_cat-kurulama-havlulari-ve-cam-bezleri","8":"product_cat-uygulama-pedleri-ve-bezler","10":"first","11":"instock","12":"sale","13":"shipping-taxable","14":"purchasable","15":"product-type-simple"},"jetpack_sharing_enabled":true,"_links":{"self":[{"href":"https:\/\/junewax.com\/index.php?rest_route=\/wp\/v2\/product\/16492","targetHints":{"allow":["GET"]}}],"collection":[{"href":"https:\/\/junewax.com\/index.php?rest_route=\/wp\/v2\/product"}],"about":[{"href":"https:\/\/junewax.com\/index.php?rest_route=\/wp\/v2\/types\/product"}],"replies":[{"embeddable":true,"href":"https:\/\/junewax.com\/index.php?rest_route=%2Fwp%2Fv2%2Fcomments&post=16492"}],"version-history":[{"count":2,"href":"https:\/\/junewax.com\/index.php?rest_route=\/wp\/v2\/product\/16492\/revisions"}],"predecessor-version":[{"id":16591,"href":"https:\/\/junewax.com\/index.php?rest_route=\/wp\/v2\/product\/16492\/revisions\/16591"}],"wp:featuredmedia":[{"embeddable":true,"href":"https:\/\/junewax.com\/index.php?rest_route=\/wp\/v2\/media\/16588"}],"wp:attachment":[{"href":"https:\/\/junewax.com\/index.php?rest_route=%2Fwp%2Fv2%2Fmedia&parent=16492"}],"wp:term":[{"taxonomy":"product_brand","embeddable":true,"href":"https:\/\/junewax.com\/index.php?rest_route=%2Fwp%2Fv2%2Fproduct_brand&post=16492"},{"taxonomy":"product_cat","embeddable":true,"href":"https:\/\/junewax.com\/index.php?rest_route=%2Fwp%2Fv2%2Fproduct_cat&post=16492"},{"taxonomy":"product_tag","embeddable":true,"href":"https:\/\/junewax.com\/index.php?rest_route=%2Fwp%2Fv2%2Fproduct_tag&post=16492"}],"curies":[{"name":"wp","href":"https:\/\/api.w.org\/{rel}","templated":true}]}}