{"id":16496,"date":"2025-08-08T13:22:56","date_gmt":"2025-08-08T13:22:56","guid":{"rendered":"https:\/\/junewax.com\/?post_type=product&#038;p=16496"},"modified":"2025-08-25T10:55:26","modified_gmt":"2025-08-25T10:55:26","slug":"spark-mikro-guderi-oto-kurulama-bezi-50x70","status":"publish","type":"product","link":"https:\/\/junewax.com\/?product=spark-mikro-guderi-oto-kurulama-bezi-50x70","title":{"rendered":"SPARK M\u0130KRO G\u00dcDER\u0130 OTO KURULAMA BEZ\u0130 50&#215;70"},"content":{"rendered":"<p>Profesyonel Mikro G\u00fcderi Oto Kurulama Bezi Y\u00fcksek su emi\u015f kapasitesine sahiptir.Y\u0131kanan ara\u00e7lar\u0131n kurulanmas\u0131nda \u00fcst\u00fcn performans sa\u011flar.Kaporta ve camda iz, t\u00fcy, hav ve leke b\u0131rakmaz.Ara\u00e7 y\u00fczeyini \u00e7izmez ve boyaya ekstra parlakl\u0131k verir.Spark oto kurulama bezi di\u011fer bezlere g\u00f6re \u00e7ok daha uzun \u00f6m\u00fcrl\u00fcd\u00fcr.A\u011f\u0131rl\u0131k: 95 gr. \u00d6l\u00e7\u00fc: 70 x 50 cm Adet: 1 Paket i\u00e7eri\u011finde 1 adet \u00fcr\u00fcn bulunmaktad\u0131r.<\/p>\n","protected":false},"excerpt":{"rendered":"<p>Profesyonel Mikro G\u00fcderi Oto Kurulama Bezi Y\u00fcksek su emi\u015f kapasitesine sahiptir.Y\u0131kanan ara\u00e7lar\u0131n kurulanmas\u0131nda \u00fcst\u00fcn performans sa\u011flar.Kaporta ve camda iz, t\u00fcy,<\/p>\n","protected":false},"featured_media":16581,"comment_status":"open","ping_status":"closed","template":"","meta":[],"product_brand":[531],"product_cat":[525,439],"product_tag":[],"class_list":{"0":"post-16496","1":"product","2":"type-product","3":"status-publish","4":"has-post-thumbnail","6":"product_brand-spark","7":"product_cat-kurulama-havlulari-ve-cam-bezleri","8":"product_cat-uygulama-pedleri-ve-bezler","10":"first","11":"instock","12":"shipping-taxable","13":"purchasable","14":"product-type-simple"},"jetpack_sharing_enabled":true,"_links":{"self":[{"href":"https:\/\/junewax.com\/index.php?rest_route=\/wp\/v2\/product\/16496","targetHints":{"allow":["GET"]}}],"collection":[{"href":"https:\/\/junewax.com\/index.php?rest_route=\/wp\/v2\/product"}],"about":[{"href":"https:\/\/junewax.com\/index.php?rest_route=\/wp\/v2\/types\/product"}],"replies":[{"embeddable":true,"href":"https:\/\/junewax.com\/index.php?rest_route=%2Fwp%2Fv2%2Fcomments&post=16496"}],"version-history":[{"count":2,"href":"https:\/\/junewax.com\/index.php?rest_route=\/wp\/v2\/product\/16496\/revisions"}],"predecessor-version":[{"id":16583,"href":"https:\/\/junewax.com\/index.php?rest_route=\/wp\/v2\/product\/16496\/revisions\/16583"}],"wp:featuredmedia":[{"embeddable":true,"href":"https:\/\/junewax.com\/index.php?rest_route=\/wp\/v2\/media\/16581"}],"wp:attachment":[{"href":"https:\/\/junewax.com\/index.php?rest_route=%2Fwp%2Fv2%2Fmedia&parent=16496"}],"wp:term":[{"taxonomy":"product_brand","embeddable":true,"href":"https:\/\/junewax.com\/index.php?rest_route=%2Fwp%2Fv2%2Fproduct_brand&post=16496"},{"taxonomy":"product_cat","embeddable":true,"href":"https:\/\/junewax.com\/index.php?rest_route=%2Fwp%2Fv2%2Fproduct_cat&post=16496"},{"taxonomy":"product_tag","embeddable":true,"href":"https:\/\/junewax.com\/index.php?rest_route=%2Fwp%2Fv2%2Fproduct_tag&post=16496"}],"curies":[{"name":"wp","href":"https:\/\/api.w.org\/{rel}","templated":true}]}}