{"id":16503,"date":"2025-08-08T13:25:12","date_gmt":"2025-08-08T13:25:12","guid":{"rendered":"https:\/\/junewax.com\/?post_type=product&#038;p=16503"},"modified":"2025-08-25T10:53:53","modified_gmt":"2025-08-25T10:53:53","slug":"spark-mikrofiber-yikama-eldiveni","status":"publish","type":"product","link":"https:\/\/junewax.com\/?product=spark-mikrofiber-yikama-eldiveni","title":{"rendered":"SPARK M\u0130KROF\u0130BER YIKAMA ELD\u0130VEN\u0130"},"content":{"rendered":"<ul class=\"a-unordered-list a-vertical a-spacing-mini\">\n<li class=\"a-spacing-mini\"><span class=\"a-list-item\">Spark Auto 7050 Mikrofiber Y\u0131kama Eldiveni &#8211; Arabas\u0131n\u0131 seven ve g\u00f6steri\u015fli parlak bir temizlik yapmak isteyenler i\u00e7in m\u00fckemmel sonu\u00e7lar \u00fcreten harika bir y\u0131kama eldivenidir. S\u00fcper yumu\u015fak, ekstra kal\u0131n y\u0131kama eldivenimiz kiri kald\u0131r\u0131p hapsederek girdaps\u0131z y\u0131kama sa\u011flar.<\/span><\/li>\n<li class=\"a-spacing-mini\"><span class=\"a-list-item\">Konforlu Kullan\u0131m &#8211; H\u0131zl\u0131 Sonu\u00e7 &#8211; Bu birinci s\u0131n\u0131f eldiven, rahat kullan\u0131m i\u00e7in rahat oturan bir man\u015fete ve yumu\u015fak i\u00e7 y\u00fczeye sahiptir. S\u00fcper emici mikrofiber, daha h\u0131zl\u0131, daha g\u00fcvenli y\u0131kama i\u00e7in daha fazla k\u00f6p\u00fck ve suyu kald\u0131r\u0131r ve ta\u015f\u0131r, t\u00fcm otomobil y\u00fczeylerinde parlak bir y\u00fczey sa\u011flar.<\/span><\/li>\n<li class=\"a-spacing-mini\"><span class=\"a-list-item\">\u0130deal Boyut &#8211; 16X24 cm boyutu ile her ele kolayl\u0131kla uyar, kullan\u0131m ve y\u0131kama esnas\u0131nda savrulma yapmaz. \u00c7ama\u015f\u0131r makinesinde y\u0131kanabilir. Sererek veya asarak kurutulabilir.<\/span><\/li>\n<li class=\"a-spacing-mini\"><span class=\"a-list-item\">Teknik \u00d6zellikler &#8211; Marka: Spark Auto, Renk: Gri, Ebat: 16cm x 24cm, 2 y\u00fczl\u00fc eldiven; 1 y\u00fcz\u00fc Mikrofiber \u015e\u00f6nil dokuma, di\u011fer y\u00fcz\u00fc mikrofiber havlu. A\u011f\u0131rl\u0131k: yakla\u015f\u0131k 160 gram.<\/span><\/li>\n<\/ul>\n","protected":false},"excerpt":{"rendered":"<p>Spark Auto 7050 Mikrofiber Y\u0131kama Eldiveni &#8211; Arabas\u0131n\u0131 seven ve g\u00f6steri\u015fli parlak bir temizlik yapmak isteyenler i\u00e7in m\u00fckemmel sonu\u00e7lar \u00fcreten<\/p>\n","protected":false},"featured_media":16570,"comment_status":"open","ping_status":"closed","template":"","meta":[],"product_brand":[531],"product_cat":[525,439],"product_tag":[],"class_list":{"0":"post-16503","1":"product","2":"type-product","3":"status-publish","4":"has-post-thumbnail","6":"product_brand-spark","7":"product_cat-kurulama-havlulari-ve-cam-bezleri","8":"product_cat-uygulama-pedleri-ve-bezler","10":"first","11":"instock","12":"shipping-taxable","13":"purchasable","14":"product-type-simple"},"jetpack_sharing_enabled":true,"_links":{"self":[{"href":"https:\/\/junewax.com\/index.php?rest_route=\/wp\/v2\/product\/16503","targetHints":{"allow":["GET"]}}],"collection":[{"href":"https:\/\/junewax.com\/index.php?rest_route=\/wp\/v2\/product"}],"about":[{"href":"https:\/\/junewax.com\/index.php?rest_route=\/wp\/v2\/types\/product"}],"replies":[{"embeddable":true,"href":"https:\/\/junewax.com\/index.php?rest_route=%2Fwp%2Fv2%2Fcomments&post=16503"}],"version-history":[{"count":3,"href":"https:\/\/junewax.com\/index.php?rest_route=\/wp\/v2\/product\/16503\/revisions"}],"predecessor-version":[{"id":16573,"href":"https:\/\/junewax.com\/index.php?rest_route=\/wp\/v2\/product\/16503\/revisions\/16573"}],"wp:featuredmedia":[{"embeddable":true,"href":"https:\/\/junewax.com\/index.php?rest_route=\/wp\/v2\/media\/16570"}],"wp:attachment":[{"href":"https:\/\/junewax.com\/index.php?rest_route=%2Fwp%2Fv2%2Fmedia&parent=16503"}],"wp:term":[{"taxonomy":"product_brand","embeddable":true,"href":"https:\/\/junewax.com\/index.php?rest_route=%2Fwp%2Fv2%2Fproduct_brand&post=16503"},{"taxonomy":"product_cat","embeddable":true,"href":"https:\/\/junewax.com\/index.php?rest_route=%2Fwp%2Fv2%2Fproduct_cat&post=16503"},{"taxonomy":"product_tag","embeddable":true,"href":"https:\/\/junewax.com\/index.php?rest_route=%2Fwp%2Fv2%2Fproduct_tag&post=16503"}],"curies":[{"name":"wp","href":"https:\/\/api.w.org\/{rel}","templated":true}]}}