{"id":16509,"date":"2025-08-08T13:27:54","date_gmt":"2025-08-08T13:27:54","guid":{"rendered":"https:\/\/junewax.com\/?post_type=product&#038;p=16509"},"modified":"2026-04-15T20:20:17","modified_gmt":"2026-04-15T20:20:17","slug":"standart-baskili-latex-suya-dayanikli-kagit-paspas-500-adet","status":"publish","type":"product","link":"https:\/\/junewax.com\/?product=standart-baskili-latex-suya-dayanikli-kagit-paspas-500-adet","title":{"rendered":"Standart Bask\u0131l\u0131 Latex Suya Dayan\u0131kl\u0131 Ka\u011f\u0131t Paspas 500 Adet"},"content":{"rendered":"","protected":false},"excerpt":{"rendered":"","protected":false},"featured_media":0,"comment_status":"open","ping_status":"closed","template":"","meta":[],"product_brand":[514],"product_cat":[515,379,356],"product_tag":[],"class_list":{"0":"post-16509","1":"product","2":"type-product","3":"status-publish","5":"product_brand-junewax","6":"product_cat-dagitici-siseler-fircalar-aksesuarlar","7":"product_cat-detayli-temizlik-urunleri","8":"product_cat-ic-bakim-urunleri","10":"first","11":"instock","12":"shipping-taxable","13":"purchasable","14":"product-type-simple"},"jetpack_sharing_enabled":true,"_links":{"self":[{"href":"https:\/\/junewax.com\/index.php?rest_route=\/wp\/v2\/product\/16509","targetHints":{"allow":["GET"]}}],"collection":[{"href":"https:\/\/junewax.com\/index.php?rest_route=\/wp\/v2\/product"}],"about":[{"href":"https:\/\/junewax.com\/index.php?rest_route=\/wp\/v2\/types\/product"}],"replies":[{"embeddable":true,"href":"https:\/\/junewax.com\/index.php?rest_route=%2Fwp%2Fv2%2Fcomments&post=16509"}],"version-history":[{"count":1,"href":"https:\/\/junewax.com\/index.php?rest_route=\/wp\/v2\/product\/16509\/revisions"}],"predecessor-version":[{"id":16510,"href":"https:\/\/junewax.com\/index.php?rest_route=\/wp\/v2\/product\/16509\/revisions\/16510"}],"wp:attachment":[{"href":"https:\/\/junewax.com\/index.php?rest_route=%2Fwp%2Fv2%2Fmedia&parent=16509"}],"wp:term":[{"taxonomy":"product_brand","embeddable":true,"href":"https:\/\/junewax.com\/index.php?rest_route=%2Fwp%2Fv2%2Fproduct_brand&post=16509"},{"taxonomy":"product_cat","embeddable":true,"href":"https:\/\/junewax.com\/index.php?rest_route=%2Fwp%2Fv2%2Fproduct_cat&post=16509"},{"taxonomy":"product_tag","embeddable":true,"href":"https:\/\/junewax.com\/index.php?rest_route=%2Fwp%2Fv2%2Fproduct_tag&post=16509"}],"curies":[{"name":"wp","href":"https:\/\/api.w.org\/{rel}","templated":true}]}}