{"id":16511,"date":"2025-08-08T13:28:49","date_gmt":"2025-08-08T13:28:49","guid":{"rendered":"https:\/\/junewax.com\/?post_type=product&#038;p=16511"},"modified":"2025-08-25T10:53:13","modified_gmt":"2025-08-25T10:53:13","slug":"suff-a28-lale-mikrofiber-cam-bezi-50x70-320gr","status":"publish","type":"product","link":"https:\/\/junewax.com\/?product=suff-a28-lale-mikrofiber-cam-bezi-50x70-320gr","title":{"rendered":"Suff  A28 Lale Mikrofiber Cam Bezi 50&#215;70 320gr"},"content":{"rendered":"<p><strong data-start=\"872\" data-end=\"917\">Suff Mikrofiber Cam Temizleme Bezi (Lale)<\/strong>, camlarda ve di\u011fer hassas y\u00fczeylerde \u00e7izik b\u0131rakmadan, leke ve iz olmadan temizli\u011finizi sa\u011flar.<\/p>\n","protected":false},"excerpt":{"rendered":"<p>Suff Mikrofiber Cam Temizleme Bezi (Lale), camlarda ve di\u011fer hassas y\u00fczeylerde \u00e7izik b\u0131rakmadan, leke ve iz olmadan temizli\u011finizi sa\u011flar.<\/p>\n","protected":false},"featured_media":16564,"comment_status":"open","ping_status":"closed","template":"","meta":[],"product_brand":[532],"product_cat":[525,439],"product_tag":[],"class_list":{"0":"post-16511","1":"product","2":"type-product","3":"status-publish","4":"has-post-thumbnail","6":"product_brand-suff","7":"product_cat-kurulama-havlulari-ve-cam-bezleri","8":"product_cat-uygulama-pedleri-ve-bezler","10":"first","11":"instock","12":"shipping-taxable","13":"purchasable","14":"product-type-simple"},"jetpack_sharing_enabled":true,"_links":{"self":[{"href":"https:\/\/junewax.com\/index.php?rest_route=\/wp\/v2\/product\/16511","targetHints":{"allow":["GET"]}}],"collection":[{"href":"https:\/\/junewax.com\/index.php?rest_route=\/wp\/v2\/product"}],"about":[{"href":"https:\/\/junewax.com\/index.php?rest_route=\/wp\/v2\/types\/product"}],"replies":[{"embeddable":true,"href":"https:\/\/junewax.com\/index.php?rest_route=%2Fwp%2Fv2%2Fcomments&post=16511"}],"version-history":[{"count":2,"href":"https:\/\/junewax.com\/index.php?rest_route=\/wp\/v2\/product\/16511\/revisions"}],"predecessor-version":[{"id":16565,"href":"https:\/\/junewax.com\/index.php?rest_route=\/wp\/v2\/product\/16511\/revisions\/16565"}],"wp:featuredmedia":[{"embeddable":true,"href":"https:\/\/junewax.com\/index.php?rest_route=\/wp\/v2\/media\/16564"}],"wp:attachment":[{"href":"https:\/\/junewax.com\/index.php?rest_route=%2Fwp%2Fv2%2Fmedia&parent=16511"}],"wp:term":[{"taxonomy":"product_brand","embeddable":true,"href":"https:\/\/junewax.com\/index.php?rest_route=%2Fwp%2Fv2%2Fproduct_brand&post=16511"},{"taxonomy":"product_cat","embeddable":true,"href":"https:\/\/junewax.com\/index.php?rest_route=%2Fwp%2Fv2%2Fproduct_cat&post=16511"},{"taxonomy":"product_tag","embeddable":true,"href":"https:\/\/junewax.com\/index.php?rest_route=%2Fwp%2Fv2%2Fproduct_tag&post=16511"}],"curies":[{"name":"wp","href":"https:\/\/api.w.org\/{rel}","templated":true}]}}