{"id":16513,"date":"2025-08-08T13:29:35","date_gmt":"2025-08-08T13:29:35","guid":{"rendered":"https:\/\/junewax.com\/?post_type=product&#038;p=16513"},"modified":"2025-08-25T10:52:41","modified_gmt":"2025-08-25T10:52:41","slug":"suff-a02-gul-mikrofiber-genel-temizlik-bezi-4lu-40x30-230gr","status":"publish","type":"product","link":"https:\/\/junewax.com\/?product=suff-a02-gul-mikrofiber-genel-temizlik-bezi-4lu-40x30-230gr","title":{"rendered":"Suff A02 G\u00fcl Mikrofiber Genel Temizlik Bezi 4&#8217;l\u00fc 40&#215;30-230gr"},"content":{"rendered":"<p>Mikrofiber yap\u0131s\u0131 sayesinde, y\u00fczeylerdeki toz ve kirleri kolayca \u00e7eker ve temizler.<br \/>\n40 x 30 cm boyutlar\u0131ndaki kompakt tasar\u0131m\u0131, dar alanlarda bile rahat\u00e7a kullan\u0131labilir.<\/p>\n","protected":false},"excerpt":{"rendered":"<p>Mikrofiber yap\u0131s\u0131 sayesinde, y\u00fczeylerdeki toz ve kirleri kolayca \u00e7eker ve temizler. 40 x 30 cm boyutlar\u0131ndaki kompakt tasar\u0131m\u0131, dar alanlarda<\/p>\n","protected":false},"featured_media":16562,"comment_status":"open","ping_status":"closed","template":"","meta":[],"product_brand":[532],"product_cat":[525,439],"product_tag":[],"class_list":{"0":"post-16513","1":"product","2":"type-product","3":"status-publish","4":"has-post-thumbnail","6":"product_brand-suff","7":"product_cat-kurulama-havlulari-ve-cam-bezleri","8":"product_cat-uygulama-pedleri-ve-bezler","10":"first","11":"instock","12":"shipping-taxable","13":"purchasable","14":"product-type-simple"},"jetpack_sharing_enabled":true,"_links":{"self":[{"href":"https:\/\/junewax.com\/index.php?rest_route=\/wp\/v2\/product\/16513","targetHints":{"allow":["GET"]}}],"collection":[{"href":"https:\/\/junewax.com\/index.php?rest_route=\/wp\/v2\/product"}],"about":[{"href":"https:\/\/junewax.com\/index.php?rest_route=\/wp\/v2\/types\/product"}],"replies":[{"embeddable":true,"href":"https:\/\/junewax.com\/index.php?rest_route=%2Fwp%2Fv2%2Fcomments&post=16513"}],"version-history":[{"count":2,"href":"https:\/\/junewax.com\/index.php?rest_route=\/wp\/v2\/product\/16513\/revisions"}],"predecessor-version":[{"id":16563,"href":"https:\/\/junewax.com\/index.php?rest_route=\/wp\/v2\/product\/16513\/revisions\/16563"}],"wp:featuredmedia":[{"embeddable":true,"href":"https:\/\/junewax.com\/index.php?rest_route=\/wp\/v2\/media\/16562"}],"wp:attachment":[{"href":"https:\/\/junewax.com\/index.php?rest_route=%2Fwp%2Fv2%2Fmedia&parent=16513"}],"wp:term":[{"taxonomy":"product_brand","embeddable":true,"href":"https:\/\/junewax.com\/index.php?rest_route=%2Fwp%2Fv2%2Fproduct_brand&post=16513"},{"taxonomy":"product_cat","embeddable":true,"href":"https:\/\/junewax.com\/index.php?rest_route=%2Fwp%2Fv2%2Fproduct_cat&post=16513"},{"taxonomy":"product_tag","embeddable":true,"href":"https:\/\/junewax.com\/index.php?rest_route=%2Fwp%2Fv2%2Fproduct_tag&post=16513"}],"curies":[{"name":"wp","href":"https:\/\/api.w.org\/{rel}","templated":true}]}}