{"id":16515,"date":"2025-08-08T13:30:17","date_gmt":"2025-08-08T13:30:17","guid":{"rendered":"https:\/\/junewax.com\/?post_type=product&#038;p=16515"},"modified":"2025-08-25T10:52:29","modified_gmt":"2025-08-25T10:52:29","slug":"suff-a06-lavanta-mikrofiber-tirtikli-detay-kuafor-bezi-40x40-320gr","status":"publish","type":"product","link":"https:\/\/junewax.com\/?product=suff-a06-lavanta-mikrofiber-tirtikli-detay-kuafor-bezi-40x40-320gr","title":{"rendered":"Suff A06 Lavanta Mikrofiber T\u0131rt\u0131kl\u0131 Detay-Kuaf\u00f6r Bezi 40&#215;40 320gr"},"content":{"rendered":"<p>Bir taraf\u0131 mikrofiber di\u011fer taraf\u0131 t\u0131rt\u0131kl\u0131 olan \u00f6zel bir bezdir. T\u0131rt\u0131kl\u0131 y\u00fczeyi hal\u0131, koltuk, d\u00f6\u015feme, vb. y\u00fczeylerdeki kahve, meyve suyu gibi zor lekeleri \u00e7\u0131karmada etkilidir, bunun d\u0131\u015f\u0131nda bu y\u00fczeylerdeki k\u0131l, sa\u00e7, evcil hayvan t\u00fcy\u00fc gibi nesneleri de toparlar. Evcil hayvan besleyenlere \u00f6zel tavsiyedir. \u00d6zel t\u0131rt\u0131kl\u0131 y\u00fczeyini arabalar\u0131n\u0131z\u0131n koltuklar\u0131n\u0131n ve tavan d\u00f6\u015femelerinin hem temizli\u011finde, hem de buralarda olu\u015fan t\u00fcylenmeleri toplamada kullanabilir. D\u00fcz y\u00fczeyi ise araba ve evde toz almak i\u00e7in kullan\u0131labilir.<\/p>\n","protected":false},"excerpt":{"rendered":"<p>Bir taraf\u0131 mikrofiber di\u011fer taraf\u0131 t\u0131rt\u0131kl\u0131 olan \u00f6zel bir bezdir. T\u0131rt\u0131kl\u0131 y\u00fczeyi hal\u0131, koltuk, d\u00f6\u015feme, vb. y\u00fczeylerdeki kahve, meyve suyu<\/p>\n","protected":false},"featured_media":16560,"comment_status":"open","ping_status":"closed","template":"","meta":[],"product_brand":[],"product_cat":[525,357,379,356,439],"product_tag":[],"class_list":{"0":"post-16515","1":"product","2":"type-product","3":"status-publish","4":"has-post-thumbnail","6":"product_cat-kurulama-havlulari-ve-cam-bezleri","7":"product_cat-deri-temizleme-ve-koruma","8":"product_cat-detayli-temizlik-urunleri","9":"product_cat-ic-bakim-urunleri","10":"product_cat-uygulama-pedleri-ve-bezler","12":"first","13":"instock","14":"shipping-taxable","15":"purchasable","16":"product-type-simple"},"jetpack_sharing_enabled":true,"_links":{"self":[{"href":"https:\/\/junewax.com\/index.php?rest_route=\/wp\/v2\/product\/16515","targetHints":{"allow":["GET"]}}],"collection":[{"href":"https:\/\/junewax.com\/index.php?rest_route=\/wp\/v2\/product"}],"about":[{"href":"https:\/\/junewax.com\/index.php?rest_route=\/wp\/v2\/types\/product"}],"replies":[{"embeddable":true,"href":"https:\/\/junewax.com\/index.php?rest_route=%2Fwp%2Fv2%2Fcomments&post=16515"}],"version-history":[{"count":2,"href":"https:\/\/junewax.com\/index.php?rest_route=\/wp\/v2\/product\/16515\/revisions"}],"predecessor-version":[{"id":16561,"href":"https:\/\/junewax.com\/index.php?rest_route=\/wp\/v2\/product\/16515\/revisions\/16561"}],"wp:featuredmedia":[{"embeddable":true,"href":"https:\/\/junewax.com\/index.php?rest_route=\/wp\/v2\/media\/16560"}],"wp:attachment":[{"href":"https:\/\/junewax.com\/index.php?rest_route=%2Fwp%2Fv2%2Fmedia&parent=16515"}],"wp:term":[{"taxonomy":"product_brand","embeddable":true,"href":"https:\/\/junewax.com\/index.php?rest_route=%2Fwp%2Fv2%2Fproduct_brand&post=16515"},{"taxonomy":"product_cat","embeddable":true,"href":"https:\/\/junewax.com\/index.php?rest_route=%2Fwp%2Fv2%2Fproduct_cat&post=16515"},{"taxonomy":"product_tag","embeddable":true,"href":"https:\/\/junewax.com\/index.php?rest_route=%2Fwp%2Fv2%2Fproduct_tag&post=16515"}],"curies":[{"name":"wp","href":"https:\/\/api.w.org\/{rel}","templated":true}]}}