{"id":16521,"date":"2025-08-08T13:32:11","date_gmt":"2025-08-08T13:32:11","guid":{"rendered":"https:\/\/junewax.com\/?post_type=product&#038;p=16521"},"modified":"2025-08-25T10:51:49","modified_gmt":"2025-08-25T10:51:49","slug":"suff-a07-orkide-mikrofiber-pasta-cila-kurulama-bezi-40x40-420gr","status":"publish","type":"product","link":"https:\/\/junewax.com\/?product=suff-a07-orkide-mikrofiber-pasta-cila-kurulama-bezi-40x40-420gr","title":{"rendered":"Suff A07 Orkide Mikrofiber Pasta-Cila-Kurulama Bezi 40&#215;40 420gr"},"content":{"rendered":"<p>Ekstra t\u00fcyl\u00fc yap\u0131s\u0131, y\u00fcksek toz ve emi\u015f g\u00fcc\u00fcyle pasta\/cila uygulamalar\u0131nda ve kurulamada etkili sonu\u00e7 verir.<\/p>\n<p>\u00d6zelmikrofiber dokusu sayesinde m\u00fckemmel su emme g\u00fcc\u00fcne sahiptir, kurulama gerektiren her y\u00fczeyde etkili bir bi\u00e7imde kullan\u0131labilir.<\/p>\n<p>Oto temizli\u011finde, kurulama ve pasta-cilada kullan\u0131m\u0131nda etkili sonu\u00e7 verir.<\/p>\n<p>Di\u011fer temizlik bezlerine oranla 10 kat daha fazla emi\u015f g\u00fcc\u00fcne sahip olmas\u0131 sayesinde temizlik i\u015fleminde size zaman tasarrufu sa\u011flar, temizlik s\u00fcresi yar\u0131 yar\u0131ya iner.<\/p>\n<p>Ayr\u0131yeten %40 daha fazla toz tutan \u00f6zel yap\u0131s\u0131 sayesinde di\u011fer bezlere g\u00f6re \u00e7ok daha fazla toz toplar ve kirleri kolayca temizler.<\/p>\n<p>Her t\u00fcrl\u00fc y\u00fczeydeki tozu m\u0131knat\u0131s gibi \u00e7ekerek i\u00e7ine hapseder.<\/p>\n","protected":false},"excerpt":{"rendered":"<p>Ekstra t\u00fcyl\u00fc yap\u0131s\u0131, y\u00fcksek toz ve emi\u015f g\u00fcc\u00fcyle pasta\/cila uygulamalar\u0131nda ve kurulamada etkili sonu\u00e7 verir. \u00d6zelmikrofiber dokusu sayesinde m\u00fckemmel su<\/p>\n","protected":false},"featured_media":16554,"comment_status":"open","ping_status":"closed","template":"","meta":[],"product_brand":[532],"product_cat":[525,439],"product_tag":[],"class_list":{"0":"post-16521","1":"product","2":"type-product","3":"status-publish","4":"has-post-thumbnail","6":"product_brand-suff","7":"product_cat-kurulama-havlulari-ve-cam-bezleri","8":"product_cat-uygulama-pedleri-ve-bezler","10":"first","11":"instock","12":"shipping-taxable","13":"purchasable","14":"product-type-simple"},"jetpack_sharing_enabled":true,"_links":{"self":[{"href":"https:\/\/junewax.com\/index.php?rest_route=\/wp\/v2\/product\/16521","targetHints":{"allow":["GET"]}}],"collection":[{"href":"https:\/\/junewax.com\/index.php?rest_route=\/wp\/v2\/product"}],"about":[{"href":"https:\/\/junewax.com\/index.php?rest_route=\/wp\/v2\/types\/product"}],"replies":[{"embeddable":true,"href":"https:\/\/junewax.com\/index.php?rest_route=%2Fwp%2Fv2%2Fcomments&post=16521"}],"version-history":[{"count":2,"href":"https:\/\/junewax.com\/index.php?rest_route=\/wp\/v2\/product\/16521\/revisions"}],"predecessor-version":[{"id":16555,"href":"https:\/\/junewax.com\/index.php?rest_route=\/wp\/v2\/product\/16521\/revisions\/16555"}],"wp:featuredmedia":[{"embeddable":true,"href":"https:\/\/junewax.com\/index.php?rest_route=\/wp\/v2\/media\/16554"}],"wp:attachment":[{"href":"https:\/\/junewax.com\/index.php?rest_route=%2Fwp%2Fv2%2Fmedia&parent=16521"}],"wp:term":[{"taxonomy":"product_brand","embeddable":true,"href":"https:\/\/junewax.com\/index.php?rest_route=%2Fwp%2Fv2%2Fproduct_brand&post=16521"},{"taxonomy":"product_cat","embeddable":true,"href":"https:\/\/junewax.com\/index.php?rest_route=%2Fwp%2Fv2%2Fproduct_cat&post=16521"},{"taxonomy":"product_tag","embeddable":true,"href":"https:\/\/junewax.com\/index.php?rest_route=%2Fwp%2Fv2%2Fproduct_tag&post=16521"}],"curies":[{"name":"wp","href":"https:\/\/api.w.org\/{rel}","templated":true}]}}