{"id":16523,"date":"2025-08-08T13:32:55","date_gmt":"2025-08-08T13:32:55","guid":{"rendered":"https:\/\/junewax.com\/?post_type=product&#038;p=16523"},"modified":"2025-08-18T11:34:04","modified_gmt":"2025-08-18T11:34:04","slug":"suff-a28-kadife-cicegi-mikrofiber-kurulama-bezi-50x70-420gr","status":"publish","type":"product","link":"https:\/\/junewax.com\/?product=suff-a28-kadife-cicegi-mikrofiber-kurulama-bezi-50x70-420gr","title":{"rendered":"Suff A28 Kadife \u00c7i\u00e7e\u011fi Mikrofiber Kurulama Bezi 50&#215;70 420gr"},"content":{"rendered":"<p>Kadife \u00e7i\u00e7e\u011fi dokusu ile hem estetik hem yumu\u015fak bir temizlik deneyimi sunar. 50&#215;70 cm geni\u015f ebat\u0131yla ara\u00e7, cam ve mobilya gibi b\u00fcy\u00fck y\u00fczeylerde etkili sonu\u00e7 verir. Y\u00fcksek emicili\u011fi sayesinde suyu h\u0131zla \u00e7eker, leke ve iz b\u0131rakmadan kurular. Yumu\u015fak dokusu y\u00fczeyleri \u00e7izmeden nazik\u00e7e temizler. Dayan\u0131kl\u0131 yap\u0131s\u0131yla defalarca y\u0131kanarak uzun s\u00fcre kullan\u0131labilir. Ev ve ara\u00e7 temizli\u011fi i\u00e7in ideal bir tercihtir.<\/p>\n","protected":false},"excerpt":{"rendered":"<p>Kadife \u00e7i\u00e7e\u011fi dokusu ile hem estetik hem yumu\u015fak bir temizlik deneyimi sunar. 50&#215;70 cm geni\u015f ebat\u0131yla ara\u00e7, cam ve mobilya<\/p>\n","protected":false},"featured_media":16552,"comment_status":"open","ping_status":"closed","template":"","meta":[],"product_brand":[532],"product_cat":[525,439],"product_tag":[],"class_list":{"0":"post-16523","1":"product","2":"type-product","3":"status-publish","4":"has-post-thumbnail","6":"product_brand-suff","7":"product_cat-kurulama-havlulari-ve-cam-bezleri","8":"product_cat-uygulama-pedleri-ve-bezler","10":"first","11":"instock","12":"shipping-taxable","13":"product-type-simple"},"jetpack_sharing_enabled":true,"_links":{"self":[{"href":"https:\/\/junewax.com\/index.php?rest_route=\/wp\/v2\/product\/16523","targetHints":{"allow":["GET"]}}],"collection":[{"href":"https:\/\/junewax.com\/index.php?rest_route=\/wp\/v2\/product"}],"about":[{"href":"https:\/\/junewax.com\/index.php?rest_route=\/wp\/v2\/types\/product"}],"replies":[{"embeddable":true,"href":"https:\/\/junewax.com\/index.php?rest_route=%2Fwp%2Fv2%2Fcomments&post=16523"}],"version-history":[{"count":2,"href":"https:\/\/junewax.com\/index.php?rest_route=\/wp\/v2\/product\/16523\/revisions"}],"predecessor-version":[{"id":16553,"href":"https:\/\/junewax.com\/index.php?rest_route=\/wp\/v2\/product\/16523\/revisions\/16553"}],"wp:featuredmedia":[{"embeddable":true,"href":"https:\/\/junewax.com\/index.php?rest_route=\/wp\/v2\/media\/16552"}],"wp:attachment":[{"href":"https:\/\/junewax.com\/index.php?rest_route=%2Fwp%2Fv2%2Fmedia&parent=16523"}],"wp:term":[{"taxonomy":"product_brand","embeddable":true,"href":"https:\/\/junewax.com\/index.php?rest_route=%2Fwp%2Fv2%2Fproduct_brand&post=16523"},{"taxonomy":"product_cat","embeddable":true,"href":"https:\/\/junewax.com\/index.php?rest_route=%2Fwp%2Fv2%2Fproduct_cat&post=16523"},{"taxonomy":"product_tag","embeddable":true,"href":"https:\/\/junewax.com\/index.php?rest_route=%2Fwp%2Fv2%2Fproduct_tag&post=16523"}],"curies":[{"name":"wp","href":"https:\/\/api.w.org\/{rel}","templated":true}]}}