{"id":16636,"date":"2025-08-19T10:31:46","date_gmt":"2025-08-19T10:31:46","guid":{"rendered":"https:\/\/junewax.com\/?post_type=product&#038;p=16636"},"modified":"2025-08-19T10:33:24","modified_gmt":"2025-08-19T10:33:24","slug":"carpro-release-spray-wax-hizli-sprey-boya-koruyucu-cila-500ml","status":"publish","type":"product","link":"https:\/\/junewax.com\/?product=carpro-release-spray-wax-hizli-sprey-boya-koruyucu-cila-500ml","title":{"rendered":"Carpro Release Spray Wax H\u0131zl\u0131 Sprey Boya Koruyucu Cila 500ml."},"content":{"rendered":"<div>Bazen pratiklik ve verimlilik aray\u0131\u015f\u0131, sizi tamamen yeni ke\u015fiflere y\u00f6nlendirebilir. Bu do\u011frultuda, CARPRO Release&#8217;\u0131 tan\u0131tmaktan mutluluk duyuyoruz. Release, taze seramik kaplamalar\u0131n kuruma s\u00fcresi boyunca korunmas\u0131na adanm\u0131\u015f ilk boya koruyucu h\u0131zl\u0131 cilad\u0131r.<\/div>\n<div><\/div>\n<div>CARPRO Release, \u00f6zellikle yo\u011fun detayland\u0131rma st\u00fcdyolar\u0131 ve sab\u0131rs\u0131z detayc\u0131lar i\u00e7in tasarlanm\u0131\u015ft\u0131r. Her seramik kaplama, su, b\u00f6cekler ve ku\u015f d\u0131\u015fk\u0131lar\u0131 gibi unsurlardan korunmak i\u00e7in belirli bir s\u00fcre gerektirir. CARPRO Release, bu s\u00fcre\u00e7te kaplamay\u0131 koruyarak, yeni kaplanm\u0131\u015f ara\u00e7lar\u0131n beklemeden tamamen kurumas\u0131n\u0131 sa\u011flar.<\/div>\n<div><\/div>\n<div>Uygulama s\u00fcreci son derece basittir ve kullan\u0131c\u0131 dostudur. Ayr\u0131ca, Release, tek ba\u015f\u0131na h\u0131zl\u0131 bir detayland\u0131r\u0131c\u0131 olarak da kullan\u0131labilir. Bu \u00f6zellik, hem profesyonel hem de amat\u00f6r kullan\u0131c\u0131lar i\u00e7in b\u00fcy\u00fck bir kolayl\u0131k sunar.<\/div>\n<div><\/div>\n<div>Sonu\u00e7 olarak, CARPRO Release, seramik kaplamalar\u0131n korunmas\u0131nda ve detayland\u0131rma s\u00fcre\u00e7lerinde devrim yaratan bir \u00fcr\u00fcnd\u00fcr. Geli\u015fmi\u015f form\u00fcl\u00fc sayesinde, ara\u00e7 sahipleri ve detayc\u0131lar i\u00e7in vazge\u00e7ilmez bir yard\u0131mc\u0131 haline gelmektedir.<\/div>\n","protected":false},"excerpt":{"rendered":"<p>Bazen pratiklik ve verimlilik aray\u0131\u015f\u0131, sizi tamamen yeni ke\u015fiflere y\u00f6nlendirebilir. Bu do\u011frultuda, CARPRO Release&#8217;\u0131 tan\u0131tmaktan mutluluk duyuyoruz. Release, taze seramik<\/p>\n","protected":false},"featured_media":16637,"comment_status":"open","ping_status":"closed","template":"","meta":[],"product_brand":[233],"product_cat":[299,298],"product_tag":[],"class_list":{"0":"post-16636","1":"product","2":"type-product","3":"status-publish","4":"has-post-thumbnail","6":"product_brand-carpro","7":"product_cat-cila","8":"product_cat-seramik-ve-korumalar","10":"first","11":"instock","12":"shipping-taxable","13":"purchasable","14":"product-type-simple"},"jetpack_sharing_enabled":true,"_links":{"self":[{"href":"https:\/\/junewax.com\/index.php?rest_route=\/wp\/v2\/product\/16636","targetHints":{"allow":["GET"]}}],"collection":[{"href":"https:\/\/junewax.com\/index.php?rest_route=\/wp\/v2\/product"}],"about":[{"href":"https:\/\/junewax.com\/index.php?rest_route=\/wp\/v2\/types\/product"}],"replies":[{"embeddable":true,"href":"https:\/\/junewax.com\/index.php?rest_route=%2Fwp%2Fv2%2Fcomments&post=16636"}],"version-history":[{"count":1,"href":"https:\/\/junewax.com\/index.php?rest_route=\/wp\/v2\/product\/16636\/revisions"}],"predecessor-version":[{"id":16638,"href":"https:\/\/junewax.com\/index.php?rest_route=\/wp\/v2\/product\/16636\/revisions\/16638"}],"wp:featuredmedia":[{"embeddable":true,"href":"https:\/\/junewax.com\/index.php?rest_route=\/wp\/v2\/media\/16637"}],"wp:attachment":[{"href":"https:\/\/junewax.com\/index.php?rest_route=%2Fwp%2Fv2%2Fmedia&parent=16636"}],"wp:term":[{"taxonomy":"product_brand","embeddable":true,"href":"https:\/\/junewax.com\/index.php?rest_route=%2Fwp%2Fv2%2Fproduct_brand&post=16636"},{"taxonomy":"product_cat","embeddable":true,"href":"https:\/\/junewax.com\/index.php?rest_route=%2Fwp%2Fv2%2Fproduct_cat&post=16636"},{"taxonomy":"product_tag","embeddable":true,"href":"https:\/\/junewax.com\/index.php?rest_route=%2Fwp%2Fv2%2Fproduct_tag&post=16636"}],"curies":[{"name":"wp","href":"https:\/\/api.w.org\/{rel}","templated":true}]}}