{"id":16652,"date":"2025-08-19T10:54:58","date_gmt":"2025-08-19T10:54:58","guid":{"rendered":"https:\/\/junewax.com\/?post_type=product&#038;p=16652"},"modified":"2025-08-19T10:54:58","modified_gmt":"2025-08-19T10:54:58","slug":"carpro-flyby-windshield-coating-cam-seramigi-20ml","status":"publish","type":"product","link":"https:\/\/junewax.com\/?product=carpro-flyby-windshield-coating-cam-seramigi-20ml","title":{"rendered":"Carpro Flyby WindShield Coating Cam Serami\u011fi 20ml."},"content":{"rendered":"<p>CarPro FlyBy30, ara\u00e7 camlar\u0131 i\u00e7in geli\u015ftirilmi\u015f ileri teknoloji bir seramik kaplama \u00fcr\u00fcn\u00fcd\u00fcr ve cam y\u00fczeylerde 8 aya kadar dayan\u0131kl\u0131 koruma sa\u011flar. Suyu, kiri, tozu, kar\u0131 ve di\u011fer kirleticileri iterek \u00f6n cam, yan camlar ve aynalar gibi y\u00fczeylerin temiz kalmas\u0131n\u0131 kolayla\u015ft\u0131r\u0131r.<\/p>\n<p>50 km\/s \u00fczerindeki h\u0131zlarda suyu damlac\u0131k haline getirme \u00f6zelli\u011fi sayesinde silecek kullan\u0131m\u0131n\u0131 azalt\u0131r ve s\u00fcr\u00fc\u015f g\u00fcvenli\u011fini art\u0131r\u0131r. Kristal berrakl\u0131\u011f\u0131nda bir hidrofobik kaplama sunan FlyBy, bu\u011fu veya leke olu\u015fumuna neden olmaz ve \u00f6zellikle k\u0131\u015f aylar\u0131nda kar, buz ve sulu kar\u0131n kolayca temizlenebilmesi i\u00e7in ideal bir \u00fcr\u00fcnd\u00fcr.<\/p>\n<p>Uygulama s\u0131ras\u0131nda cam y\u00fczeylerin serin ve g\u00f6lgede olmas\u0131 \u00f6nerilir; \u015fi\u015fe \u00e7alkaland\u0131ktan sonra cam cilas\u0131 uygulan\u0131r, ard\u0131ndan CarPro Eraser ile y\u00fczey temizlenir.<\/p>\n<p>FlyBy, s\u00fcet aplikat\u00f6rle \u00e7apraz hareketlerle uygulan\u0131r ve k\u00fcrlenme s\u00fcresi tamamland\u0131ktan sonra temiz bir mikrofiber bezle kal\u0131nt\u0131lar silinir. \u00dcr\u00fcn, su boncuklanma etkisi ve kirleticileri<\/p>\n","protected":false},"excerpt":{"rendered":"<p>CarPro FlyBy30, ara\u00e7 camlar\u0131 i\u00e7in geli\u015ftirilmi\u015f ileri teknoloji bir seramik kaplama \u00fcr\u00fcn\u00fcd\u00fcr ve cam y\u00fczeylerde 8 aya kadar dayan\u0131kl\u0131 koruma<\/p>\n","protected":false},"featured_media":16653,"comment_status":"open","ping_status":"closed","template":"","meta":[],"product_brand":[233],"product_cat":[337,298],"product_tag":[],"class_list":{"0":"post-16652","1":"product","2":"type-product","3":"status-publish","4":"has-post-thumbnail","6":"product_brand-carpro","7":"product_cat-seramik","8":"product_cat-seramik-ve-korumalar","10":"first","11":"instock","12":"shipping-taxable","13":"purchasable","14":"product-type-simple"},"jetpack_sharing_enabled":true,"_links":{"self":[{"href":"https:\/\/junewax.com\/index.php?rest_route=\/wp\/v2\/product\/16652","targetHints":{"allow":["GET"]}}],"collection":[{"href":"https:\/\/junewax.com\/index.php?rest_route=\/wp\/v2\/product"}],"about":[{"href":"https:\/\/junewax.com\/index.php?rest_route=\/wp\/v2\/types\/product"}],"replies":[{"embeddable":true,"href":"https:\/\/junewax.com\/index.php?rest_route=%2Fwp%2Fv2%2Fcomments&post=16652"}],"version-history":[{"count":1,"href":"https:\/\/junewax.com\/index.php?rest_route=\/wp\/v2\/product\/16652\/revisions"}],"predecessor-version":[{"id":16654,"href":"https:\/\/junewax.com\/index.php?rest_route=\/wp\/v2\/product\/16652\/revisions\/16654"}],"wp:featuredmedia":[{"embeddable":true,"href":"https:\/\/junewax.com\/index.php?rest_route=\/wp\/v2\/media\/16653"}],"wp:attachment":[{"href":"https:\/\/junewax.com\/index.php?rest_route=%2Fwp%2Fv2%2Fmedia&parent=16652"}],"wp:term":[{"taxonomy":"product_brand","embeddable":true,"href":"https:\/\/junewax.com\/index.php?rest_route=%2Fwp%2Fv2%2Fproduct_brand&post=16652"},{"taxonomy":"product_cat","embeddable":true,"href":"https:\/\/junewax.com\/index.php?rest_route=%2Fwp%2Fv2%2Fproduct_cat&post=16652"},{"taxonomy":"product_tag","embeddable":true,"href":"https:\/\/junewax.com\/index.php?rest_route=%2Fwp%2Fv2%2Fproduct_tag&post=16652"}],"curies":[{"name":"wp","href":"https:\/\/api.w.org\/{rel}","templated":true}]}}