{"id":16655,"date":"2025-08-19T10:56:20","date_gmt":"2025-08-19T10:56:20","guid":{"rendered":"https:\/\/junewax.com\/?post_type=product&#038;p=16655"},"modified":"2025-08-19T10:56:38","modified_gmt":"2025-08-19T10:56:38","slug":"carpro-elixir-nano-hidrofobik-hizli-sprey-cila-500ml","status":"publish","type":"product","link":"https:\/\/junewax.com\/?product=carpro-elixir-nano-hidrofobik-hizli-sprey-cila-500ml","title":{"rendered":"CARPRO EL\u0130X\u0130R &#8211; NANO H\u0130DROFOB\u0130K HIZLI SPREY C\u0130LA 500ML"},"content":{"rendered":"<h3>\u00dcr\u00fcn Tan\u0131t\u0131m\u0131<\/h3>\n<p>CarPro EliXir, arac\u0131n\u0131z\u0131n y\u00fczeyini hem temizleyen hem de parlatan, hidrofobik \u00f6zellikler kazand\u0131ran bir h\u0131zl\u0131 detayland\u0131r\u0131c\u0131d\u0131r. Kullan\u0131m\u0131 son derece kolayd\u0131r ve arac\u0131n\u0131z\u0131n g\u00f6r\u00fcn\u00fcm\u00fcn\u00fc an\u0131nda iyile\u015ftirir. Su damlac\u0131klar\u0131n\u0131n y\u00fczeyde birikmesini engelleyerek, arac\u0131n\u0131z\u0131n her zaman temiz ve bak\u0131ml\u0131 g\u00f6r\u00fcnmesini sa\u011flar.<\/p>\n<h3>\u00dcr\u00fcn \u00d6zellikleri<\/h3>\n<ul>\n<li>H\u0131zl\u0131 ve Kolay Uygulama:\n<ul>\n<li>Kullan\u0131m\u0131 son derece basittir, seyreltme gerektirmez.<\/li>\n<\/ul>\n<\/li>\n<li>Derinlik ve Parlakl\u0131k:\n<ul>\n<li>Arac\u0131n\u0131za yo\u011fun bir parlakl\u0131k ve derinlik kazand\u0131r\u0131r.<\/li>\n<\/ul>\n<\/li>\n<li>M\u00fckemmel Hidrofobik \u00d6zellikler:\n<ul>\n<li>Su boncu\u011fu olu\u015fturarak h\u0131zl\u0131 bir \u015fekilde y\u00fczeyden akmas\u0131n\u0131 sa\u011flar.<\/li>\n<\/ul>\n<\/li>\n<li>\u00c7ok Y\u00f6nl\u00fc Kullan\u0131m:\n<ul>\n<li>Hem kaplamal\u0131 hem de kaplamas\u0131z ara\u00e7larda etkili bir \u015fekilde \u00e7al\u0131\u015f\u0131r.<\/li>\n<\/ul>\n<\/li>\n<li>Direkt G\u00fcne\u015fte Kullan\u0131m:\n<ul>\n<li>G\u00fcne\u015f alt\u0131nda bile m\u00fckemmel sonu\u00e7lar verir.<\/li>\n<\/ul>\n<\/li>\n<\/ul>\n<h3>Kullan\u0131m Talimatlar\u0131<\/h3>\n<ol>\n<li>\u00c7alkalama:\n<ul>\n<li>\u00dcr\u00fcn\u00fc kullanmadan \u00f6nce iyice \u00e7alkalay\u0131n.<\/li>\n<\/ul>\n<\/li>\n<li>Uygulama:\n<ul>\n<li>Arac\u0131n y\u00fczeyine az miktarda p\u00fcsk\u00fcrt\u00fcn.<\/li>\n<\/ul>\n<\/li>\n<li>Yayma ve Parlatma:\n<ul>\n<li>Hemen e\u015fit bir \u015fekilde yay\u0131n, parlat\u0131n ve silin.<\/li>\n<\/ul>\n<\/li>\n<li>Son Kontrol:\n<ul>\n<li>Temiz bir &#8220;son silme&#8221; havlusu kullanarak y\u00fczeyi kontrol edin ve bir sonraki b\u00f6l\u00fcme ge\u00e7meden \u00f6nce m\u00fckemmel olup olmad\u0131\u011f\u0131n\u0131 kontrol edin.<\/li>\n<\/ul>\n<\/li>\n<\/ol>\n","protected":false},"excerpt":{"rendered":"<p>\u00dcr\u00fcn Tan\u0131t\u0131m\u0131 CarPro EliXir, arac\u0131n\u0131z\u0131n y\u00fczeyini hem temizleyen hem de parlatan, hidrofobik \u00f6zellikler kazand\u0131ran bir h\u0131zl\u0131 detayland\u0131r\u0131c\u0131d\u0131r. Kullan\u0131m\u0131 son derece<\/p>\n","protected":false},"featured_media":16656,"comment_status":"open","ping_status":"closed","template":"","meta":[],"product_brand":[233],"product_cat":[299,298],"product_tag":[],"class_list":{"0":"post-16655","1":"product","2":"type-product","3":"status-publish","4":"has-post-thumbnail","6":"product_brand-carpro","7":"product_cat-cila","8":"product_cat-seramik-ve-korumalar","10":"first","11":"instock","12":"shipping-taxable","13":"purchasable","14":"product-type-simple"},"jetpack_sharing_enabled":true,"_links":{"self":[{"href":"https:\/\/junewax.com\/index.php?rest_route=\/wp\/v2\/product\/16655","targetHints":{"allow":["GET"]}}],"collection":[{"href":"https:\/\/junewax.com\/index.php?rest_route=\/wp\/v2\/product"}],"about":[{"href":"https:\/\/junewax.com\/index.php?rest_route=\/wp\/v2\/types\/product"}],"replies":[{"embeddable":true,"href":"https:\/\/junewax.com\/index.php?rest_route=%2Fwp%2Fv2%2Fcomments&post=16655"}],"version-history":[{"count":1,"href":"https:\/\/junewax.com\/index.php?rest_route=\/wp\/v2\/product\/16655\/revisions"}],"predecessor-version":[{"id":16657,"href":"https:\/\/junewax.com\/index.php?rest_route=\/wp\/v2\/product\/16655\/revisions\/16657"}],"wp:featuredmedia":[{"embeddable":true,"href":"https:\/\/junewax.com\/index.php?rest_route=\/wp\/v2\/media\/16656"}],"wp:attachment":[{"href":"https:\/\/junewax.com\/index.php?rest_route=%2Fwp%2Fv2%2Fmedia&parent=16655"}],"wp:term":[{"taxonomy":"product_brand","embeddable":true,"href":"https:\/\/junewax.com\/index.php?rest_route=%2Fwp%2Fv2%2Fproduct_brand&post=16655"},{"taxonomy":"product_cat","embeddable":true,"href":"https:\/\/junewax.com\/index.php?rest_route=%2Fwp%2Fv2%2Fproduct_cat&post=16655"},{"taxonomy":"product_tag","embeddable":true,"href":"https:\/\/junewax.com\/index.php?rest_route=%2Fwp%2Fv2%2Fproduct_tag&post=16655"}],"curies":[{"name":"wp","href":"https:\/\/api.w.org\/{rel}","templated":true}]}}