{"id":16664,"date":"2025-08-19T11:01:09","date_gmt":"2025-08-19T11:01:09","guid":{"rendered":"https:\/\/junewax.com\/?post_type=product&#038;p=16664"},"modified":"2025-08-19T11:01:13","modified_gmt":"2025-08-19T11:01:13","slug":"carpro-perl-trim-ve-plastik-aksam-yenileyici-4lt","status":"publish","type":"product","link":"https:\/\/junewax.com\/?product=carpro-perl-trim-ve-plastik-aksam-yenileyici-4lt","title":{"rendered":"CARPRO PERL &#8211; TR\u0130M VE PLAST\u0130K AKSAM YEN\u0130LEY\u0130C\u0130 4LT"},"content":{"rendered":"<h3>\u00dcr\u00fcn Tan\u0131t\u0131m\u0131<\/h3>\n<p>CarPro PERL, muazzam UV korumas\u0131 sunan, plastikler, kau\u00e7uk ve deri i\u00e7in geli\u015ftirilmi\u015f konsantre, \u00e7ok y\u00f6nl\u00fc su bazl\u0131 bir koruyucu kaplamad\u0131r.<\/p>\n<h3>Kullan\u0131m Talimatlar\u0131<\/h3>\n<ul>\n<li>D\u0131\u015f Plastikler:\n<ul>\n<li>Seyreltme Oran\u0131: 1 k\u0131s\u0131m PERL : 1 ~ 3 k\u0131s\u0131m su<\/li>\n<\/ul>\n<\/li>\n<li>Motor:\n<ul>\n<li>Seyreltme Oran\u0131: 1 k\u0131s\u0131m PERL : 1 ~ 3 k\u0131s\u0131m su<\/li>\n<\/ul>\n<\/li>\n<li>Lastikler ve Kau\u00e7uk:\n<ul>\n<li>Seyreltilmemi\u015f. En iyi g\u00f6r\u00fcn\u00fcm i\u00e7in 20 dakika veya daha uzun s\u00fcreli 2 ince kat \u00f6nerilir.<\/li>\n<\/ul>\n<\/li>\n<li>\u0130\u00e7 Vinil ve Deri:\n<ul>\n<li>Seyreltme Oran\u0131: 1 k\u0131s\u0131m PERL : 5 k\u0131s\u0131m su<\/li>\n<\/ul>\n<\/li>\n<\/ul>\n<h3>\u00dcr\u00fcn \u00d6zellikleri<\/h3>\n<ul>\n<li>UV Korumas\u0131:\n<ul>\n<li>Y\u00fczeylerin esnekli\u011fini ve orijinal rengini korurken y\u00fcksek dereceli UV dejenerasyonuna kar\u015f\u0131 koruma sa\u011flar.<\/li>\n<\/ul>\n<\/li>\n<li>\u00c7ok Y\u00f6nl\u00fcl\u00fck:\n<ul>\n<li>\u0130\u00e7 vinil, plastik, bitmi\u015f deri, d\u0131\u015f plastik, kau\u00e7uk kaplama, pencere contalar\u0131, lastikler ve motor b\u00f6lmeleri i\u00e7in uygundur.<\/li>\n<\/ul>\n<\/li>\n<li>Fiyat ve De\u011fer:\n<ul>\n<li>Konsantre formda sat\u0131lmaktad\u0131r; talimatlara g\u00f6re suyla seyreltin ve bir sprey \u015fi\u015fesine d\u00f6k\u00fcn.<\/li>\n<\/ul>\n<\/li>\n<li>G\u00f6r\u00fcn\u00fc\u015f:\n<ul>\n<li>Zengin saten g\u00f6r\u00fcn\u00fcm\u00fc, ya\u011fl\u0131 olmayan bir dokuya sahiptir.<\/li>\n<\/ul>\n<\/li>\n<\/ul>\n<h3>Koruma ve Bak\u0131m<\/h3>\n<ul>\n<li>Donuk ve Soluk Y\u00fczeyler:\n<ul>\n<li>Kau\u00e7uk, plastik, vinil, akrilik ve deriyi canland\u0131r\u0131r.<\/li>\n<\/ul>\n<\/li>\n<li>Hidrofobik Katman:\n<ul>\n<li>Kuruduktan sonra su, kir ve kiri iten m\u00fcthi\u015f bir hidrofobik katman olu\u015fturur.<\/li>\n<\/ul>\n<\/li>\n<li>Derinin Korunmas\u0131:\n<ul>\n<li>Derinin \u00e7atlamas\u0131n\u0131 \u00f6nler, kir ve lekelerden korur.<\/li>\n<\/ul>\n<\/li>\n<\/ul>\n<h3>Temizlik ve Bak\u0131m Kolayl\u0131\u011f\u0131<\/h3>\n<p>PERL ile i\u015flenen y\u00fczeyler daha az temizlik gerektirir ve yeni g\u00f6r\u00fcn\u00fcmlerini daha uzun s\u00fcre korurlar.<\/p>\n","protected":false},"excerpt":{"rendered":"<p>\u00dcr\u00fcn Tan\u0131t\u0131m\u0131 CarPro PERL, muazzam UV korumas\u0131 sunan, plastikler, kau\u00e7uk ve deri i\u00e7in geli\u015ftirilmi\u015f konsantre, \u00e7ok y\u00f6nl\u00fc su bazl\u0131 bir<\/p>\n","protected":false},"featured_media":16665,"comment_status":"open","ping_status":"closed","template":"","meta":[],"product_brand":[233],"product_cat":[396,356,387],"product_tag":[],"class_list":{"0":"post-16664","1":"product","2":"type-product","3":"status-publish","4":"has-post-thumbnail","6":"product_brand-carpro","7":"product_cat-dis-bakim-urunleri","8":"product_cat-ic-bakim-urunleri","9":"product_cat-plastik-aksam-koruma","11":"first","12":"instock","13":"shipping-taxable","14":"purchasable","15":"product-type-simple"},"jetpack_sharing_enabled":true,"_links":{"self":[{"href":"https:\/\/junewax.com\/index.php?rest_route=\/wp\/v2\/product\/16664","targetHints":{"allow":["GET"]}}],"collection":[{"href":"https:\/\/junewax.com\/index.php?rest_route=\/wp\/v2\/product"}],"about":[{"href":"https:\/\/junewax.com\/index.php?rest_route=\/wp\/v2\/types\/product"}],"replies":[{"embeddable":true,"href":"https:\/\/junewax.com\/index.php?rest_route=%2Fwp%2Fv2%2Fcomments&post=16664"}],"version-history":[{"count":1,"href":"https:\/\/junewax.com\/index.php?rest_route=\/wp\/v2\/product\/16664\/revisions"}],"predecessor-version":[{"id":16666,"href":"https:\/\/junewax.com\/index.php?rest_route=\/wp\/v2\/product\/16664\/revisions\/16666"}],"wp:featuredmedia":[{"embeddable":true,"href":"https:\/\/junewax.com\/index.php?rest_route=\/wp\/v2\/media\/16665"}],"wp:attachment":[{"href":"https:\/\/junewax.com\/index.php?rest_route=%2Fwp%2Fv2%2Fmedia&parent=16664"}],"wp:term":[{"taxonomy":"product_brand","embeddable":true,"href":"https:\/\/junewax.com\/index.php?rest_route=%2Fwp%2Fv2%2Fproduct_brand&post=16664"},{"taxonomy":"product_cat","embeddable":true,"href":"https:\/\/junewax.com\/index.php?rest_route=%2Fwp%2Fv2%2Fproduct_cat&post=16664"},{"taxonomy":"product_tag","embeddable":true,"href":"https:\/\/junewax.com\/index.php?rest_route=%2Fwp%2Fv2%2Fproduct_tag&post=16664"}],"curies":[{"name":"wp","href":"https:\/\/api.w.org\/{rel}","templated":true}]}}