{"id":16667,"date":"2025-08-19T11:03:18","date_gmt":"2025-08-19T11:03:18","guid":{"rendered":"https:\/\/junewax.com\/?post_type=product&#038;p=16667"},"modified":"2025-08-19T11:03:19","modified_gmt":"2025-08-19T11:03:19","slug":"carpro-cquartz-lite-seramik-kaplama-100ml","status":"publish","type":"product","link":"https:\/\/junewax.com\/?product=carpro-cquartz-lite-seramik-kaplama-100ml","title":{"rendered":"Carpro Cquartz Lite Seramik Kaplama 100ml."},"content":{"rendered":"<p>CQ Lite, daha \u00f6nce hi\u00e7 deneyiminiz olmasa bile uygulamas\u0131 olduk\u00e7a kolay olan, kullan\u0131c\u0131 dostu bir seramik kaplamad\u0131r.<\/p>\n<div>Lite, dayan\u0131kl\u0131l\u0131\u011f\u0131 ve performans\u0131yla d\u00fcnya \u00e7ap\u0131nda \u00fcnlenen inan\u0131lmaz CQ.UK Seramik Kaplama Teknolojisi&#8217;ne dayanmaktad\u0131r. CQUARTZ Lite, 6 aydan uzun s\u00fcre dayanan tek ba\u015f\u0131na bir seramik kaplama olarak uygulanabilir veya mevcut CQUARTZ kaplamalar i\u00e7in \u00fcst kat olarak bile kullan\u0131labilir.<\/div>\n<div><\/div>\n<div>CQUARTZ Lite, profesyonel kaplamalar\u0131m\u0131z\u0131n sekt\u00f6r lideri g\u00fcc\u00fcne dalmaya haz\u0131r olmayan ancak yine de yaln\u0131zca CQUARTZ kaplamalar\u0131n sundu\u011fu performans\u0131n keyfini \u00e7\u0131karmak isteyenler i\u00e7in tasarlanm\u0131\u015ft\u0131r. Lite, daha az etkili geleneksel Boya Korumalar ile bir\u00e7ok ki\u015finin sevdi\u011fi CQUARTZ Seramik kaplamalar\u0131n geli\u015fmi\u015f nanoteknolojisi aras\u0131ndaki bo\u015flu\u011fu kapat\u0131r.<\/div>\n","protected":false},"excerpt":{"rendered":"<p>CQ Lite, daha \u00f6nce hi\u00e7 deneyiminiz olmasa bile uygulamas\u0131 olduk\u00e7a kolay olan, kullan\u0131c\u0131 dostu bir seramik kaplamad\u0131r. Lite, dayan\u0131kl\u0131l\u0131\u011f\u0131 ve<\/p>\n","protected":false},"featured_media":16668,"comment_status":"open","ping_status":"closed","template":"","meta":[],"product_brand":[233],"product_cat":[337,298],"product_tag":[],"class_list":{"0":"post-16667","1":"product","2":"type-product","3":"status-publish","4":"has-post-thumbnail","6":"product_brand-carpro","7":"product_cat-seramik","8":"product_cat-seramik-ve-korumalar","10":"first","11":"instock","12":"shipping-taxable","13":"purchasable","14":"product-type-simple"},"jetpack_sharing_enabled":true,"_links":{"self":[{"href":"https:\/\/junewax.com\/index.php?rest_route=\/wp\/v2\/product\/16667","targetHints":{"allow":["GET"]}}],"collection":[{"href":"https:\/\/junewax.com\/index.php?rest_route=\/wp\/v2\/product"}],"about":[{"href":"https:\/\/junewax.com\/index.php?rest_route=\/wp\/v2\/types\/product"}],"replies":[{"embeddable":true,"href":"https:\/\/junewax.com\/index.php?rest_route=%2Fwp%2Fv2%2Fcomments&post=16667"}],"version-history":[{"count":1,"href":"https:\/\/junewax.com\/index.php?rest_route=\/wp\/v2\/product\/16667\/revisions"}],"predecessor-version":[{"id":16669,"href":"https:\/\/junewax.com\/index.php?rest_route=\/wp\/v2\/product\/16667\/revisions\/16669"}],"wp:featuredmedia":[{"embeddable":true,"href":"https:\/\/junewax.com\/index.php?rest_route=\/wp\/v2\/media\/16668"}],"wp:attachment":[{"href":"https:\/\/junewax.com\/index.php?rest_route=%2Fwp%2Fv2%2Fmedia&parent=16667"}],"wp:term":[{"taxonomy":"product_brand","embeddable":true,"href":"https:\/\/junewax.com\/index.php?rest_route=%2Fwp%2Fv2%2Fproduct_brand&post=16667"},{"taxonomy":"product_cat","embeddable":true,"href":"https:\/\/junewax.com\/index.php?rest_route=%2Fwp%2Fv2%2Fproduct_cat&post=16667"},{"taxonomy":"product_tag","embeddable":true,"href":"https:\/\/junewax.com\/index.php?rest_route=%2Fwp%2Fv2%2Fproduct_tag&post=16667"}],"curies":[{"name":"wp","href":"https:\/\/api.w.org\/{rel}","templated":true}]}}