{"id":16670,"date":"2025-08-19T11:05:17","date_gmt":"2025-08-19T11:05:17","guid":{"rendered":"https:\/\/junewax.com\/?post_type=product&#038;p=16670"},"modified":"2025-08-19T11:05:17","modified_gmt":"2025-08-19T11:05:17","slug":"carpro-spotless-2-0-kirec-lekesi-giderici-500ml","status":"publish","type":"product","link":"https:\/\/junewax.com\/?product=carpro-spotless-2-0-kirec-lekesi-giderici-500ml","title":{"rendered":"Carpro Spotless 2.0 Kire\u00e7 Lekesi Giderici 500ml."},"content":{"rendered":"<div>Spotless 2.0, y\u00fczeydeki mineral birikintilerini etkili bir \u015fekilde par\u00e7alamak i\u00e7in daha g\u00fc\u00e7l\u00fc asitlerle geli\u015ftirilmi\u015f bir kimyasal form\u00fcl kullan\u0131r. Bu yenilik\u00e7i yakla\u015f\u0131m, y\u00fczeye yap\u0131\u015fmadan Kire\u00e7\u00a0 birikintilerini hedef alarak zaman al\u0131c\u0131 cilalama ihtiyac\u0131n\u0131 ortadan kald\u0131r\u0131r ve boya filminin \u00f6mr\u00fcn\u00fc uzat\u0131r.<\/div>\n<div><\/div>\n<div>Spotless&#8217;\u0131n dikkatlice dengelenmi\u015f asitlerden olu\u015fan tescilli kar\u0131\u015f\u0131m\u0131, \u00e7o\u011fu sert malzemedeki Kire\u00e7 birikintilerini g\u00fcvenli bir \u015fekilde par\u00e7alar. Bu \u00f6zellik, \u00fcr\u00fcn\u00fc sadece genel temizlikte de\u011fil, ayn\u0131 zamanda CQUARTZ kaplamalarda da kullan\u0131labilir hale getirir. B\u00f6ylece, ara\u00e7 sahipleri, ara\u00e7lar\u0131n\u0131 lekesiz tutma konusunda b\u00fcy\u00fck bir avantaj elde ederler.<\/div>\n<div><\/div>\n<div>Spotless 2.0, mat boyay\u0131 kaplama ve\/veya bak\u0131m i\u00e7in haz\u0131rlamak i\u00e7in olmazsa olmaz bir \u00fcr\u00fcnd\u00fcr. Uygulama sonras\u0131 y\u00fczey, p\u00fcr\u00fczs\u00fcz ve temiz bir g\u00f6r\u00fcn\u00fcm kazan\u0131r, bu da hem estetik hem de i\u015flevsellik a\u00e7\u0131s\u0131ndan \u00f6nemli bir katk\u0131 sa\u011flar. Kullan\u0131c\u0131lar, bu \u00fcr\u00fcnle hem zaman kazan\u0131r hem de ara\u00e7lar\u0131n\u0131n bak\u0131m\u0131n\u0131 daha kolay hale getirir.<\/div>\n<div><\/div>\n<div>Sonu\u00e7 olarak, Spotless 2.0, ara\u00e7 bak\u0131m\u0131nda devrim yaratan bir \u00e7\u00f6z\u00fcm sunmakta ve hem profesyonel hem de amat\u00f6r kullan\u0131c\u0131lar i\u00e7in ideal bir tercih olarak \u00f6ne \u00e7\u0131kmaktad\u0131r. Geli\u015fmi\u015f form\u00fcl\u00fc sayesinde, ara\u00e7lar\u0131n temizli\u011fi ve korunmas\u0131 konusunda y\u00fcksek standartlar arayan herkes i\u00e7in m\u00fckemmel bir se\u00e7enek sunmaktad\u0131r.<\/div>\n","protected":false},"excerpt":{"rendered":"<p>Spotless 2.0, y\u00fczeydeki mineral birikintilerini etkili bir \u015fekilde par\u00e7alamak i\u00e7in daha g\u00fc\u00e7l\u00fc asitlerle geli\u015ftirilmi\u015f bir kimyasal form\u00fcl kullan\u0131r. Bu yenilik\u00e7i<\/p>\n","protected":false},"featured_media":16671,"comment_status":"open","ping_status":"closed","template":"","meta":[],"product_brand":[233],"product_cat":[441,396,503],"product_tag":[],"class_list":{"0":"post-16670","1":"product","2":"type-product","3":"status-publish","4":"has-post-thumbnail","6":"product_brand-carpro","7":"product_cat-cam-ve-far-urunleri","8":"product_cat-dis-bakim-urunleri","9":"product_cat-krom-ve-metal-parlatici","11":"first","12":"instock","13":"shipping-taxable","14":"purchasable","15":"product-type-simple"},"jetpack_sharing_enabled":true,"_links":{"self":[{"href":"https:\/\/junewax.com\/index.php?rest_route=\/wp\/v2\/product\/16670","targetHints":{"allow":["GET"]}}],"collection":[{"href":"https:\/\/junewax.com\/index.php?rest_route=\/wp\/v2\/product"}],"about":[{"href":"https:\/\/junewax.com\/index.php?rest_route=\/wp\/v2\/types\/product"}],"replies":[{"embeddable":true,"href":"https:\/\/junewax.com\/index.php?rest_route=%2Fwp%2Fv2%2Fcomments&post=16670"}],"version-history":[{"count":1,"href":"https:\/\/junewax.com\/index.php?rest_route=\/wp\/v2\/product\/16670\/revisions"}],"predecessor-version":[{"id":16672,"href":"https:\/\/junewax.com\/index.php?rest_route=\/wp\/v2\/product\/16670\/revisions\/16672"}],"wp:featuredmedia":[{"embeddable":true,"href":"https:\/\/junewax.com\/index.php?rest_route=\/wp\/v2\/media\/16671"}],"wp:attachment":[{"href":"https:\/\/junewax.com\/index.php?rest_route=%2Fwp%2Fv2%2Fmedia&parent=16670"}],"wp:term":[{"taxonomy":"product_brand","embeddable":true,"href":"https:\/\/junewax.com\/index.php?rest_route=%2Fwp%2Fv2%2Fproduct_brand&post=16670"},{"taxonomy":"product_cat","embeddable":true,"href":"https:\/\/junewax.com\/index.php?rest_route=%2Fwp%2Fv2%2Fproduct_cat&post=16670"},{"taxonomy":"product_tag","embeddable":true,"href":"https:\/\/junewax.com\/index.php?rest_route=%2Fwp%2Fv2%2Fproduct_tag&post=16670"}],"curies":[{"name":"wp","href":"https:\/\/api.w.org\/{rel}","templated":true}]}}