{"id":16673,"date":"2025-08-19T11:14:03","date_gmt":"2025-08-19T11:14:03","guid":{"rendered":"https:\/\/junewax.com\/?post_type=product&#038;p=16673"},"modified":"2025-08-19T11:14:03","modified_gmt":"2025-08-19T11:14:03","slug":"carpro-iron-x-demir-tozu-temizleyici-sprey-500ml","status":"publish","type":"product","link":"https:\/\/junewax.com\/?product=carpro-iron-x-demir-tozu-temizleyici-sprey-500ml","title":{"rendered":"Carpro \u0130ron X Demir Tozu Temizleyici Sprey 500ml."},"content":{"rendered":"<div>IronX\u2019in geli\u015fmi\u015f pH dengeli (pH-7) form\u00fcl\u00fc, otomotiv frenleri, rayl\u0131 ula\u015f\u0131m ve in\u015faat kaynakl\u0131 ferrous metalik kirlenmeyi hassas ara\u00e7 y\u00fczeylerinden g\u00fcvenli bir \u015fekilde giderir.<\/p>\n<p>IronX, y\u00fczeye yerle\u015fmi\u015f demir partik\u00fclleriyle suyla \u00e7\u00f6z\u00fcnebilen bir kompleks olu\u015fturarak onlar\u0131 serbest b\u0131rak\u0131r ve yaln\u0131zca y\u0131kama veya kil uygulamas\u0131ndan daha derin bir temizlik sa\u011flar. Boya, plastik, krom, cam ve ala\u015f\u0131m jantlarda kullan\u0131labilir.<\/p><\/div>\n<div><\/div>\n<div>ANA \u00d6ZELL\u0130KLER<\/div>\n<div>Yeni form\u00fcl ile daha az koku!<\/div>\n<div>G\u00fc\u00e7l\u00fc Demir Tozu ve Kir Temizleyici<\/div>\n<div>Demir Kal\u0131nt\u0131lar\u0131n\u0131 \u00c7\u00f6zer<\/div>\n","protected":false},"excerpt":{"rendered":"<p>IronX\u2019in geli\u015fmi\u015f pH dengeli (pH-7) form\u00fcl\u00fc, otomotiv frenleri, rayl\u0131 ula\u015f\u0131m ve in\u015faat kaynakl\u0131 ferrous metalik kirlenmeyi hassas ara\u00e7 y\u00fczeylerinden g\u00fcvenli<\/p>\n","protected":false},"featured_media":16674,"comment_status":"open","ping_status":"closed","template":"","meta":[],"product_brand":[233],"product_cat":[396,478,431],"product_tag":[],"class_list":{"0":"post-16673","1":"product","2":"type-product","3":"status-publish","4":"has-post-thumbnail","6":"product_brand-carpro","7":"product_cat-dis-bakim-urunleri","8":"product_cat-kil-urunleri","9":"product_cat-lastik-ve-jant-bakim-urunleri","11":"first","12":"instock","13":"shipping-taxable","14":"purchasable","15":"product-type-simple"},"jetpack_sharing_enabled":true,"_links":{"self":[{"href":"https:\/\/junewax.com\/index.php?rest_route=\/wp\/v2\/product\/16673","targetHints":{"allow":["GET"]}}],"collection":[{"href":"https:\/\/junewax.com\/index.php?rest_route=\/wp\/v2\/product"}],"about":[{"href":"https:\/\/junewax.com\/index.php?rest_route=\/wp\/v2\/types\/product"}],"replies":[{"embeddable":true,"href":"https:\/\/junewax.com\/index.php?rest_route=%2Fwp%2Fv2%2Fcomments&post=16673"}],"version-history":[{"count":1,"href":"https:\/\/junewax.com\/index.php?rest_route=\/wp\/v2\/product\/16673\/revisions"}],"predecessor-version":[{"id":16675,"href":"https:\/\/junewax.com\/index.php?rest_route=\/wp\/v2\/product\/16673\/revisions\/16675"}],"wp:featuredmedia":[{"embeddable":true,"href":"https:\/\/junewax.com\/index.php?rest_route=\/wp\/v2\/media\/16674"}],"wp:attachment":[{"href":"https:\/\/junewax.com\/index.php?rest_route=%2Fwp%2Fv2%2Fmedia&parent=16673"}],"wp:term":[{"taxonomy":"product_brand","embeddable":true,"href":"https:\/\/junewax.com\/index.php?rest_route=%2Fwp%2Fv2%2Fproduct_brand&post=16673"},{"taxonomy":"product_cat","embeddable":true,"href":"https:\/\/junewax.com\/index.php?rest_route=%2Fwp%2Fv2%2Fproduct_cat&post=16673"},{"taxonomy":"product_tag","embeddable":true,"href":"https:\/\/junewax.com\/index.php?rest_route=%2Fwp%2Fv2%2Fproduct_tag&post=16673"}],"curies":[{"name":"wp","href":"https:\/\/api.w.org\/{rel}","templated":true}]}}