{"id":16677,"date":"2025-08-19T11:17:18","date_gmt":"2025-08-19T11:17:18","guid":{"rendered":"https:\/\/junewax.com\/?post_type=product&#038;p=16677"},"modified":"2025-08-19T11:17:20","modified_gmt":"2025-08-19T11:17:20","slug":"carpro-glass-cut-rayon-cam-cizik-giderici-kece-130mm","status":"publish","type":"product","link":"https:\/\/junewax.com\/?product=carpro-glass-cut-rayon-cam-cizik-giderici-kece-130mm","title":{"rendered":"Carpro Glass Cut Rayon Cam \u00c7izik Giderici Ke\u00e7e 130mm"},"content":{"rendered":"<div class=\"product-detail-tab-row active\">\n<div class=\"active\" data-tab-content=\"1\">\n<div class=\"product-detail\">Gri cam pedi, yumu\u015fak ancak yo\u011fun bir a\u015f\u0131nd\u0131r\u0131c\u0131 malzemeden yap\u0131lm\u0131\u015ft\u0131r ve inat\u00e7\u0131 su lekelerini ve hafif \u00e7izikleri kolayca giderebilen dokulu bir Polisaj y\u00fczeyi sunar. Pedin hafif bir yast\u0131klama \u00f6zelli\u011fi vard\u0131r, bu da a\u015f\u0131r\u0131 bask\u0131y\u0131 emmeye yard\u0131mc\u0131 olur ve minimum bask\u0131 kullanarak p\u00fcr\u00fczs\u00fcz bir cilalama deneyimi sa\u011flar.<\/div>\n<\/div>\n<\/div>\n<div class=\"product-detail-tab-row\">\n<div class=\"\" data-tab-content=\"2\">\n<div id=\"product-detail-comments\">\n<div class=\"product-detail-comments-info\">\n<div class=\"row\"><\/div>\n<\/div>\n<\/div>\n<\/div>\n<\/div>\n","protected":false},"excerpt":{"rendered":"<p>Gri cam pedi, yumu\u015fak ancak yo\u011fun bir a\u015f\u0131nd\u0131r\u0131c\u0131 malzemeden yap\u0131lm\u0131\u015ft\u0131r ve inat\u00e7\u0131 su lekelerini ve hafif \u00e7izikleri kolayca giderebilen dokulu<\/p>\n","protected":false},"featured_media":16678,"comment_status":"open","ping_status":"closed","template":"","meta":[],"product_brand":[233],"product_cat":[440,439],"product_tag":[],"class_list":{"0":"post-16677","1":"product","2":"type-product","3":"status-publish","4":"has-post-thumbnail","6":"product_brand-carpro","7":"product_cat-pedler-ve-keceler","8":"product_cat-uygulama-pedleri-ve-bezler","10":"first","11":"instock","12":"shipping-taxable","13":"purchasable","14":"product-type-simple"},"jetpack_sharing_enabled":true,"_links":{"self":[{"href":"https:\/\/junewax.com\/index.php?rest_route=\/wp\/v2\/product\/16677","targetHints":{"allow":["GET"]}}],"collection":[{"href":"https:\/\/junewax.com\/index.php?rest_route=\/wp\/v2\/product"}],"about":[{"href":"https:\/\/junewax.com\/index.php?rest_route=\/wp\/v2\/types\/product"}],"replies":[{"embeddable":true,"href":"https:\/\/junewax.com\/index.php?rest_route=%2Fwp%2Fv2%2Fcomments&post=16677"}],"version-history":[{"count":1,"href":"https:\/\/junewax.com\/index.php?rest_route=\/wp\/v2\/product\/16677\/revisions"}],"predecessor-version":[{"id":16679,"href":"https:\/\/junewax.com\/index.php?rest_route=\/wp\/v2\/product\/16677\/revisions\/16679"}],"wp:featuredmedia":[{"embeddable":true,"href":"https:\/\/junewax.com\/index.php?rest_route=\/wp\/v2\/media\/16678"}],"wp:attachment":[{"href":"https:\/\/junewax.com\/index.php?rest_route=%2Fwp%2Fv2%2Fmedia&parent=16677"}],"wp:term":[{"taxonomy":"product_brand","embeddable":true,"href":"https:\/\/junewax.com\/index.php?rest_route=%2Fwp%2Fv2%2Fproduct_brand&post=16677"},{"taxonomy":"product_cat","embeddable":true,"href":"https:\/\/junewax.com\/index.php?rest_route=%2Fwp%2Fv2%2Fproduct_cat&post=16677"},{"taxonomy":"product_tag","embeddable":true,"href":"https:\/\/junewax.com\/index.php?rest_route=%2Fwp%2Fv2%2Fproduct_tag&post=16677"}],"curies":[{"name":"wp","href":"https:\/\/api.w.org\/{rel}","templated":true}]}}