{"id":16680,"date":"2025-08-19T11:18:34","date_gmt":"2025-08-19T11:18:34","guid":{"rendered":"https:\/\/junewax.com\/?post_type=product&#038;p=16680"},"modified":"2026-02-10T10:40:37","modified_gmt":"2026-02-10T10:40:37","slug":"carpro-leather-skin-care-kit-deri-bakim-seti-150ml","status":"publish","type":"product","link":"https:\/\/junewax.com\/?product=carpro-leather-skin-care-kit-deri-bakim-seti-150ml","title":{"rendered":"Carpro Leather Skin Care Kit Deri Bak\u0131m Seti 150ml. ( KOKU HED\u0130YE )"},"content":{"rendered":"<p>CARPRO SkinCare KIT, deri y\u00fczeyleri do\u011fal g\u00f6r\u00fcn\u00fcmlerini de\u011fi\u015ftirmeden d\u00fczenli olarak bak\u0131m yapman\u0131za ve koruman\u0131za olanak tan\u0131yan her \u015feyle donat\u0131lm\u0131\u015f bir \u00fcr\u00fcn setidir.<\/p>\n<p>Derinin g\u00f6zenekleri kir ile t\u0131kand\u0131\u011f\u0131nda, bu durum derinin erken y\u0131pranmas\u0131na neden olabilir. \u00d6zel deri f\u0131r\u00e7am\u0131zla birlikte kullan\u0131lan deri temizleyicimiz, derinizin g\u00f6zeneklerini ve y\u00fczeyini nazik\u00e7e ve etkili bir \u015fekilde temizleyerek Bak\u0131m i\u00e7in haz\u0131rlar. UV \u0131\u015f\u0131nlar\u0131 nedeniyle deri erken ya\u015flanabilir, \u00e7atlayabilir, solabilir ve kuruyabilir. \u00d6zel aplikat\u00f6r\u00fcm\u00fczle uygulanan deri bak\u0131m kremimiz, yo\u011fun dokulu deri y\u00fczeylerini bile tamamen kaplayarak yumu\u015fak ve p\u00fcr\u00fczs\u00fcz bir his kazand\u0131r\u0131r, UV hasar\u0131na kar\u015f\u0131 korur ve do\u011fal g\u00f6r\u00fcn\u00fcm\u00fcn\u00fc korur. CARPRO SkinCare KIT, t\u00fcm deri t\u00fcrleri i\u00e7in g\u00fcvenli olup ter, s\u0131v\u0131lar ve hafif kirlenmelere kar\u015f\u0131 koruma sa\u011flar ve derinin g\u00f6r\u00fcn\u00fcm\u00fcn\u00fc de\u011fi\u015ftirmez.<\/p>\n","protected":false},"excerpt":{"rendered":"<p>CARPRO SkinCare KIT, deri y\u00fczeyleri do\u011fal g\u00f6r\u00fcn\u00fcmlerini de\u011fi\u015ftirmeden d\u00fczenli olarak bak\u0131m yapman\u0131za ve koruman\u0131za olanak tan\u0131yan her \u015feyle donat\u0131lm\u0131\u015f bir<\/p>\n","protected":false},"featured_media":18072,"comment_status":"open","ping_status":"closed","template":"","meta":[],"product_brand":[233],"product_cat":[357,379,356],"product_tag":[],"class_list":{"0":"post-16680","1":"product","2":"type-product","3":"status-publish","4":"has-post-thumbnail","6":"product_brand-carpro","7":"product_cat-deri-temizleme-ve-koruma","8":"product_cat-detayli-temizlik-urunleri","9":"product_cat-ic-bakim-urunleri","11":"first","12":"instock","13":"shipping-taxable","14":"purchasable","15":"product-type-simple"},"jetpack_sharing_enabled":true,"_links":{"self":[{"href":"https:\/\/junewax.com\/index.php?rest_route=\/wp\/v2\/product\/16680","targetHints":{"allow":["GET"]}}],"collection":[{"href":"https:\/\/junewax.com\/index.php?rest_route=\/wp\/v2\/product"}],"about":[{"href":"https:\/\/junewax.com\/index.php?rest_route=\/wp\/v2\/types\/product"}],"replies":[{"embeddable":true,"href":"https:\/\/junewax.com\/index.php?rest_route=%2Fwp%2Fv2%2Fcomments&post=16680"}],"version-history":[{"count":2,"href":"https:\/\/junewax.com\/index.php?rest_route=\/wp\/v2\/product\/16680\/revisions"}],"predecessor-version":[{"id":18073,"href":"https:\/\/junewax.com\/index.php?rest_route=\/wp\/v2\/product\/16680\/revisions\/18073"}],"wp:featuredmedia":[{"embeddable":true,"href":"https:\/\/junewax.com\/index.php?rest_route=\/wp\/v2\/media\/18072"}],"wp:attachment":[{"href":"https:\/\/junewax.com\/index.php?rest_route=%2Fwp%2Fv2%2Fmedia&parent=16680"}],"wp:term":[{"taxonomy":"product_brand","embeddable":true,"href":"https:\/\/junewax.com\/index.php?rest_route=%2Fwp%2Fv2%2Fproduct_brand&post=16680"},{"taxonomy":"product_cat","embeddable":true,"href":"https:\/\/junewax.com\/index.php?rest_route=%2Fwp%2Fv2%2Fproduct_cat&post=16680"},{"taxonomy":"product_tag","embeddable":true,"href":"https:\/\/junewax.com\/index.php?rest_route=%2Fwp%2Fv2%2Fproduct_tag&post=16680"}],"curies":[{"name":"wp","href":"https:\/\/api.w.org\/{rel}","templated":true}]}}