{"id":16683,"date":"2025-08-19T11:21:57","date_gmt":"2025-08-19T11:21:57","guid":{"rendered":"https:\/\/junewax.com\/?post_type=product&#038;p=16683"},"modified":"2025-08-19T11:21:57","modified_gmt":"2025-08-19T11:21:57","slug":"carpro-leather-brush-deri-temizleme-fircasi","status":"publish","type":"product","link":"https:\/\/junewax.com\/?product=carpro-leather-brush-deri-temizleme-fircasi","title":{"rendered":"Carpro Leather Brush Deri Temizleme F\u0131r\u00e7as\u0131"},"content":{"rendered":"<p>Yeni f\u0131r\u00e7am\u0131z, deri, Alcantara, kuma\u015flar ve daha fazlas\u0131n\u0131 etkili bir \u015fekilde temizlemek i\u00e7in \u00f6zel olarak tasarland\u0131.<\/p>\n<p>Yumu\u015fak do\u011fal f\u0131r\u00e7a k\u0131llar\u0131, \u00fcr\u00fcn\u00fc y\u00fczeye etkili bir \u015fekilde yayar ve kirleri nazik\u00e7e temizlerken, CARPRO tasar\u0131m\u0131 karma\u015f\u0131k d\u00f6\u015femelerde rahat bir manevra kabiliyeti sa\u011flar.<\/p>\n","protected":false},"excerpt":{"rendered":"<p>Yeni f\u0131r\u00e7am\u0131z, deri, Alcantara, kuma\u015flar ve daha fazlas\u0131n\u0131 etkili bir \u015fekilde temizlemek i\u00e7in \u00f6zel olarak tasarland\u0131. Yumu\u015fak do\u011fal f\u0131r\u00e7a k\u0131llar\u0131,<\/p>\n","protected":false},"featured_media":16684,"comment_status":"open","ping_status":"closed","template":"","meta":[],"product_brand":[233],"product_cat":[515,357,379,524,356],"product_tag":[],"class_list":{"0":"post-16683","1":"product","2":"type-product","3":"status-publish","4":"has-post-thumbnail","6":"product_brand-carpro","7":"product_cat-dagitici-siseler-fircalar-aksesuarlar","8":"product_cat-deri-temizleme-ve-koruma","9":"product_cat-detayli-temizlik-urunleri","10":"product_cat-fircalar","11":"product_cat-ic-bakim-urunleri","13":"first","14":"instock","15":"shipping-taxable","16":"purchasable","17":"product-type-simple"},"jetpack_sharing_enabled":true,"_links":{"self":[{"href":"https:\/\/junewax.com\/index.php?rest_route=\/wp\/v2\/product\/16683","targetHints":{"allow":["GET"]}}],"collection":[{"href":"https:\/\/junewax.com\/index.php?rest_route=\/wp\/v2\/product"}],"about":[{"href":"https:\/\/junewax.com\/index.php?rest_route=\/wp\/v2\/types\/product"}],"replies":[{"embeddable":true,"href":"https:\/\/junewax.com\/index.php?rest_route=%2Fwp%2Fv2%2Fcomments&post=16683"}],"version-history":[{"count":1,"href":"https:\/\/junewax.com\/index.php?rest_route=\/wp\/v2\/product\/16683\/revisions"}],"predecessor-version":[{"id":16685,"href":"https:\/\/junewax.com\/index.php?rest_route=\/wp\/v2\/product\/16683\/revisions\/16685"}],"wp:featuredmedia":[{"embeddable":true,"href":"https:\/\/junewax.com\/index.php?rest_route=\/wp\/v2\/media\/16684"}],"wp:attachment":[{"href":"https:\/\/junewax.com\/index.php?rest_route=%2Fwp%2Fv2%2Fmedia&parent=16683"}],"wp:term":[{"taxonomy":"product_brand","embeddable":true,"href":"https:\/\/junewax.com\/index.php?rest_route=%2Fwp%2Fv2%2Fproduct_brand&post=16683"},{"taxonomy":"product_cat","embeddable":true,"href":"https:\/\/junewax.com\/index.php?rest_route=%2Fwp%2Fv2%2Fproduct_cat&post=16683"},{"taxonomy":"product_tag","embeddable":true,"href":"https:\/\/junewax.com\/index.php?rest_route=%2Fwp%2Fv2%2Fproduct_tag&post=16683"}],"curies":[{"name":"wp","href":"https:\/\/api.w.org\/{rel}","templated":true}]}}