{"id":16686,"date":"2025-08-19T11:29:19","date_gmt":"2025-08-19T11:29:19","guid":{"rendered":"https:\/\/junewax.com\/?post_type=product&#038;p=16686"},"modified":"2025-08-19T11:29:20","modified_gmt":"2025-08-19T11:29:20","slug":"carpro-hydr02-lite-spray-islak-gorunumlu-hizli-sprey-cila-500ml","status":"publish","type":"product","link":"https:\/\/junewax.com\/?product=carpro-hydr02-lite-spray-islak-gorunumlu-hizli-sprey-cila-500ml","title":{"rendered":"Carpro Hydr02 Lite Spray Islak G\u00f6r\u00fcn\u00fcml\u00fc H\u0131zl\u0131 Sprey Cila 500ml."},"content":{"rendered":"<p>HydrO2 Lite, t\u00fcm zamanlar\u0131n en b\u00fcy\u00fck yeniliklerinden biri olarak, kullan\u0131m\u0131 son derece kolay ve pratik bir form\u00fclle kar\u015f\u0131m\u0131za \u00e7\u0131k\u0131yor. Kullan\u0131ma haz\u0131r \u015fekilde sunulan bu \u00fcr\u00fcn, her ortamda rahatl\u0131kla uygulanabilir ve do\u011fru kullan\u0131ld\u0131\u011f\u0131nda iz b\u0131rakmaz.<\/p>\n<p>\u0130sterseniz Islak Araca S\u0131k\u0131p Tekrar Durulay\u0131n , ister yeni spreyle s\u00fcrme-silme y\u00f6ntemini deneyin, HydrO2 Lite her iki durumda da etkileyici sonu\u00e7lar sunar. HydrO2&#8217;nin konsantre form\u00fcl\u00fc 6 aya kadar dayan\u0131rken, HydrO2 Lite \u00f6nceden seyreltilmi\u015f bir form\u00fcl olarak 3 aydan fazla dayan\u0131kl\u0131l\u0131k sa\u011flar. Her y\u0131kamadan sonra h\u0131zl\u0131 bir detayland\u0131r\u0131c\u0131 veya s\u0131zd\u0131rmazl\u0131k maddesi olarak kullan\u0131labilen bu \u00fcr\u00fcn, boyan\u0131n parlakl\u0131\u011f\u0131n\u0131, derinli\u011fini ve p\u00fcr\u00fczs\u00fczl\u00fc\u011f\u00fcn\u00fc an\u0131nda art\u0131r\u0131r. Ayr\u0131ca, kir ve su iticilik \u00f6zellikleri sayesinde uzun s\u00fcreli kendi kendini temizleme etkisi sunarak hem<\/p>\n","protected":false},"excerpt":{"rendered":"<p>HydrO2 Lite, t\u00fcm zamanlar\u0131n en b\u00fcy\u00fck yeniliklerinden biri olarak, kullan\u0131m\u0131 son derece kolay ve pratik bir form\u00fclle kar\u015f\u0131m\u0131za \u00e7\u0131k\u0131yor. Kullan\u0131ma<\/p>\n","protected":false},"featured_media":16687,"comment_status":"open","ping_status":"closed","template":"","meta":[],"product_brand":[233],"product_cat":[299,298],"product_tag":[],"class_list":{"0":"post-16686","1":"product","2":"type-product","3":"status-publish","4":"has-post-thumbnail","6":"product_brand-carpro","7":"product_cat-cila","8":"product_cat-seramik-ve-korumalar","10":"first","11":"instock","12":"shipping-taxable","13":"purchasable","14":"product-type-simple"},"jetpack_sharing_enabled":true,"_links":{"self":[{"href":"https:\/\/junewax.com\/index.php?rest_route=\/wp\/v2\/product\/16686","targetHints":{"allow":["GET"]}}],"collection":[{"href":"https:\/\/junewax.com\/index.php?rest_route=\/wp\/v2\/product"}],"about":[{"href":"https:\/\/junewax.com\/index.php?rest_route=\/wp\/v2\/types\/product"}],"replies":[{"embeddable":true,"href":"https:\/\/junewax.com\/index.php?rest_route=%2Fwp%2Fv2%2Fcomments&post=16686"}],"version-history":[{"count":1,"href":"https:\/\/junewax.com\/index.php?rest_route=\/wp\/v2\/product\/16686\/revisions"}],"predecessor-version":[{"id":16688,"href":"https:\/\/junewax.com\/index.php?rest_route=\/wp\/v2\/product\/16686\/revisions\/16688"}],"wp:featuredmedia":[{"embeddable":true,"href":"https:\/\/junewax.com\/index.php?rest_route=\/wp\/v2\/media\/16687"}],"wp:attachment":[{"href":"https:\/\/junewax.com\/index.php?rest_route=%2Fwp%2Fv2%2Fmedia&parent=16686"}],"wp:term":[{"taxonomy":"product_brand","embeddable":true,"href":"https:\/\/junewax.com\/index.php?rest_route=%2Fwp%2Fv2%2Fproduct_brand&post=16686"},{"taxonomy":"product_cat","embeddable":true,"href":"https:\/\/junewax.com\/index.php?rest_route=%2Fwp%2Fv2%2Fproduct_cat&post=16686"},{"taxonomy":"product_tag","embeddable":true,"href":"https:\/\/junewax.com\/index.php?rest_route=%2Fwp%2Fv2%2Fproduct_tag&post=16686"}],"curies":[{"name":"wp","href":"https:\/\/api.w.org\/{rel}","templated":true}]}}