{"id":16692,"date":"2025-08-19T11:51:15","date_gmt":"2025-08-19T11:51:15","guid":{"rendered":"https:\/\/junewax.com\/?post_type=product&#038;p=16692"},"modified":"2025-08-19T11:51:16","modified_gmt":"2025-08-19T11:51:16","slug":"carpro-dhydrate-drying-towel-kurulma-bezi-70x100cm","status":"publish","type":"product","link":"https:\/\/junewax.com\/?product=carpro-dhydrate-drying-towel-kurulma-bezi-70x100cm","title":{"rendered":"Carpro Dhydrate Drying Towel Kurulma Bezi 70x100cm"},"content":{"rendered":"<p>CARPRO DHydrate Kurulama Havlular\u0131, ara\u00e7 y\u00fczeylerinde kolayca kayarak su damlalar\u0131n\u0131 tamamen temizlemek, y\u00fczeyi lekesiz ve parlak bir \u015fekilde b\u0131rakmak i\u00e7in tasarlanm\u0131\u015ft\u0131r.<\/p>\n<p>Havluyu y\u00fczey \u00fczerine d\u00fcz bir \u015fekilde yerle\u015ftirip yava\u015f\u00e7a \u00e7ekmeniz yeterlidir. DHydrate, \u00e7\u0131plak, cilalanm\u0131\u015f, kaplanm\u0131\u015f veya koruyucu uygulama yap\u0131lm\u0131\u015f y\u00fczeylerde kolayca kayarak \u00e7izgi b\u0131rakmayan bir sonu\u00e7 sa\u011flar ve hare izlerini \u00f6nlemeye yard\u0131mc\u0131 olur.<\/p>\n<p>A\u00e7\u0131k gri rengi sayesinde olas\u0131 kir par\u00e7ac\u0131klar\u0131n\u0131 kolayca g\u00f6sterir ve y\u00fczeydeki \u00e7izilmeleri \u00f6nlemeye katk\u0131da bulunur.<\/p>\n","protected":false},"excerpt":{"rendered":"<p>CARPRO DHydrate Kurulama Havlular\u0131, ara\u00e7 y\u00fczeylerinde kolayca kayarak su damlalar\u0131n\u0131 tamamen temizlemek, y\u00fczeyi lekesiz ve parlak bir \u015fekilde b\u0131rakmak i\u00e7in<\/p>\n","protected":false},"featured_media":16693,"comment_status":"open","ping_status":"closed","template":"","meta":[],"product_brand":[233],"product_cat":[525,439],"product_tag":[],"class_list":{"0":"post-16692","1":"product","2":"type-product","3":"status-publish","4":"has-post-thumbnail","6":"product_brand-carpro","7":"product_cat-kurulama-havlulari-ve-cam-bezleri","8":"product_cat-uygulama-pedleri-ve-bezler","10":"first","11":"instock","12":"shipping-taxable","13":"purchasable","14":"product-type-simple"},"jetpack_sharing_enabled":true,"_links":{"self":[{"href":"https:\/\/junewax.com\/index.php?rest_route=\/wp\/v2\/product\/16692","targetHints":{"allow":["GET"]}}],"collection":[{"href":"https:\/\/junewax.com\/index.php?rest_route=\/wp\/v2\/product"}],"about":[{"href":"https:\/\/junewax.com\/index.php?rest_route=\/wp\/v2\/types\/product"}],"replies":[{"embeddable":true,"href":"https:\/\/junewax.com\/index.php?rest_route=%2Fwp%2Fv2%2Fcomments&post=16692"}],"version-history":[{"count":1,"href":"https:\/\/junewax.com\/index.php?rest_route=\/wp\/v2\/product\/16692\/revisions"}],"predecessor-version":[{"id":16694,"href":"https:\/\/junewax.com\/index.php?rest_route=\/wp\/v2\/product\/16692\/revisions\/16694"}],"wp:featuredmedia":[{"embeddable":true,"href":"https:\/\/junewax.com\/index.php?rest_route=\/wp\/v2\/media\/16693"}],"wp:attachment":[{"href":"https:\/\/junewax.com\/index.php?rest_route=%2Fwp%2Fv2%2Fmedia&parent=16692"}],"wp:term":[{"taxonomy":"product_brand","embeddable":true,"href":"https:\/\/junewax.com\/index.php?rest_route=%2Fwp%2Fv2%2Fproduct_brand&post=16692"},{"taxonomy":"product_cat","embeddable":true,"href":"https:\/\/junewax.com\/index.php?rest_route=%2Fwp%2Fv2%2Fproduct_cat&post=16692"},{"taxonomy":"product_tag","embeddable":true,"href":"https:\/\/junewax.com\/index.php?rest_route=%2Fwp%2Fv2%2Fproduct_tag&post=16692"}],"curies":[{"name":"wp","href":"https:\/\/api.w.org\/{rel}","templated":true}]}}