{"id":16695,"date":"2025-08-19T11:52:28","date_gmt":"2025-08-19T11:52:28","guid":{"rendered":"https:\/\/junewax.com\/?post_type=product&#038;p=16695"},"modified":"2025-08-19T11:52:29","modified_gmt":"2025-08-19T11:52:29","slug":"carpro-dhydrate-bold-drying-towel-kurulma-bezi-70x90cm","status":"publish","type":"product","link":"https:\/\/junewax.com\/?product=carpro-dhydrate-bold-drying-towel-kurulma-bezi-70x90cm","title":{"rendered":"Carpro Dhydrate Bold Drying Towel Kurulma Bezi 70x90cm"},"content":{"rendered":"<p>DHydrate kurutma havlumuzu s\u00fcrekli geli\u015fim temas\u0131yla daha da iyile\u015ftirerek DHydrate BOLD&#8217;u geli\u015ftirdik;<\/p>\n<p>Daha emici ve daha verimli bir kurutma havlusu. \u00c7ift b\u00fck\u00fcml\u00fc d\u00f6ng\u00fcleri uzatt\u0131k ve GSM de\u011ferini neredeyse iki kat\u0131na \u00e7\u0131kararak 1000&#8217;e y\u00fckselttik.<\/p>\n<p>Bu sayede daha fazla y\u00fczey alan\u0131 temas\u0131 sa\u011flanarak suyun daha h\u0131zl\u0131 ve daha kapsaml\u0131 bir \u015fekilde emilmesi m\u00fcmk\u00fcn oldu, b\u00f6ylece y\u00fczeyde \u00e7izgi b\u0131rakmadan kurutma sa\u011flan\u0131yor. Daha y\u00fcksek GSM, daha fazla su depolayarak bir arac\u0131 kurutmak i\u00e7in birden fazla havluyu s\u0131kma gereksinimini ortadan kald\u0131r\u0131yor.<\/p>\n<p>DHydrate, olas\u0131 kir par\u00e7ac\u0131klar\u0131n\u0131 kolayca g\u00f6stermek ve \u00e7iziklerin \u00f6n\u00fcne ge\u00e7mek i\u00e7in a\u00e7\u0131k gri renkte tasarland\u0131.<\/p>\n","protected":false},"excerpt":{"rendered":"<p>DHydrate kurutma havlumuzu s\u00fcrekli geli\u015fim temas\u0131yla daha da iyile\u015ftirerek DHydrate BOLD&#8217;u geli\u015ftirdik; Daha emici ve daha verimli bir kurutma havlusu.<\/p>\n","protected":false},"featured_media":16696,"comment_status":"open","ping_status":"closed","template":"","meta":[],"product_brand":[233],"product_cat":[525,439],"product_tag":[],"class_list":{"0":"post-16695","1":"product","2":"type-product","3":"status-publish","4":"has-post-thumbnail","6":"product_brand-carpro","7":"product_cat-kurulama-havlulari-ve-cam-bezleri","8":"product_cat-uygulama-pedleri-ve-bezler","10":"first","11":"instock","12":"shipping-taxable","13":"purchasable","14":"product-type-simple"},"jetpack_sharing_enabled":true,"_links":{"self":[{"href":"https:\/\/junewax.com\/index.php?rest_route=\/wp\/v2\/product\/16695","targetHints":{"allow":["GET"]}}],"collection":[{"href":"https:\/\/junewax.com\/index.php?rest_route=\/wp\/v2\/product"}],"about":[{"href":"https:\/\/junewax.com\/index.php?rest_route=\/wp\/v2\/types\/product"}],"replies":[{"embeddable":true,"href":"https:\/\/junewax.com\/index.php?rest_route=%2Fwp%2Fv2%2Fcomments&post=16695"}],"version-history":[{"count":1,"href":"https:\/\/junewax.com\/index.php?rest_route=\/wp\/v2\/product\/16695\/revisions"}],"predecessor-version":[{"id":16697,"href":"https:\/\/junewax.com\/index.php?rest_route=\/wp\/v2\/product\/16695\/revisions\/16697"}],"wp:featuredmedia":[{"embeddable":true,"href":"https:\/\/junewax.com\/index.php?rest_route=\/wp\/v2\/media\/16696"}],"wp:attachment":[{"href":"https:\/\/junewax.com\/index.php?rest_route=%2Fwp%2Fv2%2Fmedia&parent=16695"}],"wp:term":[{"taxonomy":"product_brand","embeddable":true,"href":"https:\/\/junewax.com\/index.php?rest_route=%2Fwp%2Fv2%2Fproduct_brand&post=16695"},{"taxonomy":"product_cat","embeddable":true,"href":"https:\/\/junewax.com\/index.php?rest_route=%2Fwp%2Fv2%2Fproduct_cat&post=16695"},{"taxonomy":"product_tag","embeddable":true,"href":"https:\/\/junewax.com\/index.php?rest_route=%2Fwp%2Fv2%2Fproduct_tag&post=16695"}],"curies":[{"name":"wp","href":"https:\/\/api.w.org\/{rel}","templated":true}]}}