{"id":16698,"date":"2025-08-19T11:56:10","date_gmt":"2025-08-19T11:56:10","guid":{"rendered":"https:\/\/junewax.com\/?post_type=product&#038;p=16698"},"modified":"2025-08-19T11:56:13","modified_gmt":"2025-08-19T11:56:13","slug":"slopes-raptor-drying-towel-1400gsm-kurulama-bezi-47x70cm","status":"publish","type":"product","link":"https:\/\/junewax.com\/?product=slopes-raptor-drying-towel-1400gsm-kurulama-bezi-47x70cm","title":{"rendered":"Slopes Raptor Drying Towel 1400Gsm Kurulama Bezi 47x70cm"},"content":{"rendered":"<div>**Raptor Kurulama Havlusu: Arac\u0131n\u0131z \u0130\u00e7in M\u00fckemmel Bak\u0131m Partneri**<\/div>\n<div><\/div>\n<div>Arac\u0131n\u0131z\u0131 y\u0131kad\u0131ktan sonra, onu m\u00fckemmel bir \u015fekilde kurutmak ve \u00e7izilmeden parlatmak i\u00e7in do\u011fru ekipmana ihtiyac\u0131n\u0131z vard\u0131r. \u0130\u015fte tam da bu noktada **Raptor Kurulama Havlusu**, \u00fcst\u00fcn \u00f6zellikleriyle devreye giriyor. \u00d6zel olarak tasarlanm\u0131\u015f bu havlu, arac\u0131n\u0131za hak etti\u011fi \u00f6zeni g\u00f6stermeniz i\u00e7in gereken t\u00fcm detaylar\u0131 d\u00fc\u015f\u00fcn\u00fclerek \u00fcretilmi\u015ftir.<\/div>\n<div><\/div>\n<div>\u00a0 **\u00dcst\u00fcn Kaliteli Malzeme ve Tasar\u0131m**<\/p>\n<\/div>\n<div>Raptor Kurulama Havlusu, en kaliteli malzemelerden \u00fcretilmi\u015ftir. %70 polyester ve %30 poliamid kar\u0131\u015f\u0131ml\u0131 mikrofiber yap\u0131s\u0131, uzun \u00f6m\u00fcrl\u00fc ve l\u00fcks bir kullan\u0131m sunar. Mikrofiber b\u00fck\u00fcm t\u00fcyl\u00fc tasar\u0131m\u0131 sayesinde arac\u0131n\u0131zdaki suyu h\u0131zl\u0131ca emer ve y\u00fczeyde hi\u00e7bir iz b\u0131rakmaz. Ayr\u0131ca, \u00e7ift diki\u015fli yap\u0131s\u0131 dayan\u0131kl\u0131l\u0131\u011f\u0131 art\u0131r\u0131rken, bu diki\u015flerin gizlenmi\u015f olmas\u0131 \u00e7izilme riskini de minimuma indirir. Yani hem g\u00fcvenli hem de etkili bir kullan\u0131m sa\u011flar.<\/p>\n<\/div>\n<div><\/div>\n<div>**Ergonomik ve Kullan\u0131c\u0131 Dostu Detaylar**<\/p>\n<\/div>\n<div>Havlunun i\u00e7 k\u0131sm\u0131nda bulunan \u00f6zel diki\u015f, kullan\u0131m s\u0131ras\u0131nda elinizin kaymas\u0131n\u0131 \u00f6nler. Bu \u00f6zellik, \u00f6zellikle b\u00fcy\u00fck ara\u00e7lar\u0131n kurutulmas\u0131 s\u0131ras\u0131nda i\u015finizi kolayla\u015ft\u0131r\u0131r ve kontrol\u00fc elinizde tutman\u0131za yard\u0131mc\u0131 olur. Ergonomik tasar\u0131m\u0131 sayesinde, arac\u0131n\u0131z\u0131 kurutma i\u015flemi art\u0131k daha h\u0131zl\u0131 ve daha keyifli bir hale gelir.<\/div>\n<div><\/div>\n<div>**S\u00fcper Emicilik ve \u00c7abuk Kuruma**<\/p>\n<\/div>\n<div>Raptor Kurulama Havlusu&#8217;nun s\u00fcper emici yap\u0131s\u0131, suyu saniyeler i\u00e7inde i\u00e7ine \u00e7eker. B\u00f6ylece arac\u0131n\u0131zda su lekesi kalmaz ve kurutma i\u015flemi k\u0131sa s\u00fcrede tamamlan\u0131r. Ayr\u0131ca, havlu \u00e7abuk kuruyan bir yap\u0131ya sahiptir, bu da onu tekrar kullan\u0131ma h\u0131zla haz\u0131r hale getirir. T\u00fcy b\u0131rakmayan dokusu da arac\u0131n\u0131z\u0131n y\u00fczeyinde istenmeyen kal\u0131nt\u0131lar olu\u015fmas\u0131n\u0131 engeller.<\/div>\n<div><\/div>\n<div>\n**Kolay Temizlik ve Dayan\u0131kl\u0131l\u0131k**<\/p>\n<\/div>\n<div>Raptor Kurulama Havlusu makinede y\u0131kanabilir \u00f6zelli\u011fiyle de dikkat \u00e7eker. Tekrar tekrar y\u0131kansa bile formunu korur ve ilk g\u00fcnk\u00fc performans\u0131n\u0131 sergiler. Bu da uzun s\u00fcreli kullan\u0131m i\u00e7in m\u00fckemmel bir \u00e7\u00f6z\u00fcm sunar.<\/div>\n<div><\/div>\n<div>**Sonu\u00e7: Arac\u0131n\u0131za Hak Etti\u011fi De\u011feri Verin**<\/p>\n<\/div>\n<div>Arac\u0131n\u0131z\u0131n temizli\u011fi ve bak\u0131m\u0131, onun uzun \u00f6m\u00fcrl\u00fc olmas\u0131 ve her zaman \u015f\u0131k g\u00f6r\u00fcnmesi i\u00e7in olduk\u00e7a \u00f6nemlidir. Raptor Kurulama Havlusu, \u00fcst\u00fcn \u00f6zellikleriyle bu s\u00fcreci kolayla\u015ft\u0131r\u0131r ve arac\u0131n\u0131za hak etti\u011fi \u00f6zeni g\u00f6stermenizi sa\u011flar. S\u00fcper emici yap\u0131s\u0131, \u00e7izilme kar\u015f\u0131t\u0131 tasar\u0131m\u0131 ve dayan\u0131kl\u0131l\u0131\u011f\u0131 ile bu havlu, ara\u00e7 bak\u0131m rutininizin vazge\u00e7ilmez bir par\u00e7as\u0131 olmaya aday.<\/div>\n<div><\/div>\n<div>Arac\u0131n\u0131z\u0131 seviyorsan\u0131z, ona en iyisini verin. Raptor Kurulama Havlusu ile arac\u0131n\u0131z\u0131 hem koruyun hem de parlat\u0131n!<\/div>\n","protected":false},"excerpt":{"rendered":"<p>**Raptor Kurulama Havlusu: Arac\u0131n\u0131z \u0130\u00e7in M\u00fckemmel Bak\u0131m Partneri** Arac\u0131n\u0131z\u0131 y\u0131kad\u0131ktan sonra, onu m\u00fckemmel bir \u015fekilde kurutmak ve \u00e7izilmeden parlatmak i\u00e7in<\/p>\n","protected":false},"featured_media":16699,"comment_status":"open","ping_status":"closed","template":"","meta":[],"product_brand":[193],"product_cat":[525,439],"product_tag":[],"class_list":{"0":"post-16698","1":"product","2":"type-product","3":"status-publish","4":"has-post-thumbnail","6":"product_brand-slopes","7":"product_cat-kurulama-havlulari-ve-cam-bezleri","8":"product_cat-uygulama-pedleri-ve-bezler","10":"first","11":"instock","12":"shipping-taxable","13":"purchasable","14":"product-type-simple"},"jetpack_sharing_enabled":true,"_links":{"self":[{"href":"https:\/\/junewax.com\/index.php?rest_route=\/wp\/v2\/product\/16698","targetHints":{"allow":["GET"]}}],"collection":[{"href":"https:\/\/junewax.com\/index.php?rest_route=\/wp\/v2\/product"}],"about":[{"href":"https:\/\/junewax.com\/index.php?rest_route=\/wp\/v2\/types\/product"}],"replies":[{"embeddable":true,"href":"https:\/\/junewax.com\/index.php?rest_route=%2Fwp%2Fv2%2Fcomments&post=16698"}],"version-history":[{"count":1,"href":"https:\/\/junewax.com\/index.php?rest_route=\/wp\/v2\/product\/16698\/revisions"}],"predecessor-version":[{"id":16701,"href":"https:\/\/junewax.com\/index.php?rest_route=\/wp\/v2\/product\/16698\/revisions\/16701"}],"wp:featuredmedia":[{"embeddable":true,"href":"https:\/\/junewax.com\/index.php?rest_route=\/wp\/v2\/media\/16699"}],"wp:attachment":[{"href":"https:\/\/junewax.com\/index.php?rest_route=%2Fwp%2Fv2%2Fmedia&parent=16698"}],"wp:term":[{"taxonomy":"product_brand","embeddable":true,"href":"https:\/\/junewax.com\/index.php?rest_route=%2Fwp%2Fv2%2Fproduct_brand&post=16698"},{"taxonomy":"product_cat","embeddable":true,"href":"https:\/\/junewax.com\/index.php?rest_route=%2Fwp%2Fv2%2Fproduct_cat&post=16698"},{"taxonomy":"product_tag","embeddable":true,"href":"https:\/\/junewax.com\/index.php?rest_route=%2Fwp%2Fv2%2Fproduct_tag&post=16698"}],"curies":[{"name":"wp","href":"https:\/\/api.w.org\/{rel}","templated":true}]}}