{"id":16723,"date":"2025-08-19T12:32:12","date_gmt":"2025-08-19T12:32:12","guid":{"rendered":"https:\/\/junewax.com\/?post_type=product&#038;p=16723"},"modified":"2026-04-10T13:17:16","modified_gmt":"2026-04-10T13:17:16","slug":"shine-mate-eb251-akulu-rotary-polisaj-makinesi","status":"publish","type":"product","link":"https:\/\/junewax.com\/?product=shine-mate-eb251-akulu-rotary-polisaj-makinesi","title":{"rendered":"Shine Mate EB251 Ak\u00fcl\u00fc Rotary Polisaj Makinesi"},"content":{"rendered":"<div>Shine Mate \u015earjl\u0131 Rotary Polisaj Makinesi EB251, otomotiv ve end\u00fcstriyel polisaj i\u015fleri i\u00e7in profesyonelce tasarlanm\u0131\u015f ve \u00fcretilmi\u015ftir.<\/div>\n<div><\/div>\n<div>\n<div>\u00d6zellikler:<\/div>\n<div><\/div>\n<div>Modeli : EB251<\/div>\n<div>Destek Plakas\u0131: 125mm\/150mm<\/div>\n<div><\/div>\n<div>A\u011f\u0131rl\u0131k 1,70KG, 1,73KG<\/div>\n<div>Y\u00fcks\u00fcz H\u0131z 700-1500\/dak<\/div>\n<div>Di\u015fli Sistemi \u00c7ift red\u00fcksiyon<\/div>\n<div>\u00c7\u0131k\u0131\u015f Mili M14<\/div>\n<div>Voltaj 18VDC<\/div>\n<div>\u00d6nerilen Ortam +4\u2103 ila +40\u2103<\/div>\n<div>Aksesuarlar 5&#8221; Destek plakas\u0131, Yan Sap,<\/div>\n<\/div>\n","protected":false},"excerpt":{"rendered":"<p>Shine Mate \u015earjl\u0131 Rotary Polisaj Makinesi EB251, otomotiv ve end\u00fcstriyel polisaj i\u015fleri i\u00e7in profesyonelce tasarlanm\u0131\u015f ve \u00fcretilmi\u015ftir. \u00d6zellikler: Modeli :<\/p>\n","protected":false},"featured_media":16724,"comment_status":"open","ping_status":"closed","template":"","meta":[],"product_brand":[533],"product_cat":[534,518],"product_tag":[],"class_list":{"0":"post-16723","1":"product","2":"type-product","3":"status-publish","4":"has-post-thumbnail","6":"product_brand-shine-mate","7":"product_cat-polisaj-makineleri","8":"product_cat-polisaj-makineleri-ve-el-aletleri","10":"first","11":"instock","12":"shipping-taxable","13":"purchasable","14":"product-type-simple"},"jetpack_sharing_enabled":true,"_links":{"self":[{"href":"https:\/\/junewax.com\/index.php?rest_route=\/wp\/v2\/product\/16723","targetHints":{"allow":["GET"]}}],"collection":[{"href":"https:\/\/junewax.com\/index.php?rest_route=\/wp\/v2\/product"}],"about":[{"href":"https:\/\/junewax.com\/index.php?rest_route=\/wp\/v2\/types\/product"}],"replies":[{"embeddable":true,"href":"https:\/\/junewax.com\/index.php?rest_route=%2Fwp%2Fv2%2Fcomments&post=16723"}],"version-history":[{"count":1,"href":"https:\/\/junewax.com\/index.php?rest_route=\/wp\/v2\/product\/16723\/revisions"}],"predecessor-version":[{"id":16726,"href":"https:\/\/junewax.com\/index.php?rest_route=\/wp\/v2\/product\/16723\/revisions\/16726"}],"wp:featuredmedia":[{"embeddable":true,"href":"https:\/\/junewax.com\/index.php?rest_route=\/wp\/v2\/media\/16724"}],"wp:attachment":[{"href":"https:\/\/junewax.com\/index.php?rest_route=%2Fwp%2Fv2%2Fmedia&parent=16723"}],"wp:term":[{"taxonomy":"product_brand","embeddable":true,"href":"https:\/\/junewax.com\/index.php?rest_route=%2Fwp%2Fv2%2Fproduct_brand&post=16723"},{"taxonomy":"product_cat","embeddable":true,"href":"https:\/\/junewax.com\/index.php?rest_route=%2Fwp%2Fv2%2Fproduct_cat&post=16723"},{"taxonomy":"product_tag","embeddable":true,"href":"https:\/\/junewax.com\/index.php?rest_route=%2Fwp%2Fv2%2Fproduct_tag&post=16723"}],"curies":[{"name":"wp","href":"https:\/\/api.w.org\/{rel}","templated":true}]}}