{"id":16731,"date":"2025-08-19T12:37:27","date_gmt":"2025-08-19T12:37:27","guid":{"rendered":"https:\/\/junewax.com\/?post_type=product&#038;p=16731"},"modified":"2026-04-10T13:18:25","modified_gmt":"2026-04-10T13:18:25","slug":"shine-mate-ep820-rotary-polisaj-makinesi","status":"publish","type":"product","link":"https:\/\/junewax.com\/?product=shine-mate-ep820-rotary-polisaj-makinesi","title":{"rendered":"Shine Mate EP820 Rotary Polisaj Makinesi"},"content":{"rendered":"<div>\n<div>EP820 makinesi olarak da bilinen ShineMate&#8217;in yeni \u00e7ok y\u00f6nl\u00fc yeni rotary polisaj makinesidir.<\/div>\n<div>B\u00fcy\u00fck bir \u00e7izik alma kuvvetine ve y\u00fcksek verimlili\u011fe sahiptir, derin \u00e7izikleri h\u0131zla giderebilir, \u00e7e\u015fitli boya kusurlar\u0131n\u0131 kolayca onarabilir, parlakl\u0131k elde edebilir.<\/div>\n<div>\u00c7izik Giderme , Hare Giderme , Boya koruma vb. Uygulamalar\u00a0 i\u00e7in uygundur.<\/div>\n<\/div>\n<div><\/div>\n<div>\n<div>MODEL: EP820<\/div>\n<div>G\u0130R\u0130\u015e G\u00dcC\u00dc : 1200W(MAX.1800W)<\/div>\n<div>Y\u00dcKS\u00dcZ HIZ : 700-2500 RPM<\/div>\n<div>PED DESTEK D\u0130SK\u0130 :<\/div>\n<div>\u00d6NER\u0130LEN 125MM MAKS. 150MM<\/div>\n<div>UYGULAMA PED\u0130\u00a0 :<\/div>\n<div>\u00d6NER\u0130LEN 125MM MAKS. 150MM<\/div>\n<div>A\u011eIRLIK : 2.2KG<\/div>\n<div>D\u0130\u015eL\u0130 S\u0130STEM\u0130 : Y\u00dcKSEK TORKLU \u00c7\u0130FT D\u0130\u015eL\u0130<\/div>\n<div>BA\u011eLANTI UCU : M14<\/div>\n<\/div>\n","protected":false},"excerpt":{"rendered":"<p>EP820 makinesi olarak da bilinen ShineMate&#8217;in yeni \u00e7ok y\u00f6nl\u00fc yeni rotary polisaj makinesidir. B\u00fcy\u00fck bir \u00e7izik alma kuvvetine ve y\u00fcksek<\/p>\n","protected":false},"featured_media":16732,"comment_status":"open","ping_status":"closed","template":"","meta":[],"product_brand":[533],"product_cat":[534,518],"product_tag":[],"class_list":{"0":"post-16731","1":"product","2":"type-product","3":"status-publish","4":"has-post-thumbnail","6":"product_brand-shine-mate","7":"product_cat-polisaj-makineleri","8":"product_cat-polisaj-makineleri-ve-el-aletleri","10":"first","11":"instock","12":"shipping-taxable","13":"purchasable","14":"product-type-simple"},"jetpack_sharing_enabled":true,"_links":{"self":[{"href":"https:\/\/junewax.com\/index.php?rest_route=\/wp\/v2\/product\/16731","targetHints":{"allow":["GET"]}}],"collection":[{"href":"https:\/\/junewax.com\/index.php?rest_route=\/wp\/v2\/product"}],"about":[{"href":"https:\/\/junewax.com\/index.php?rest_route=\/wp\/v2\/types\/product"}],"replies":[{"embeddable":true,"href":"https:\/\/junewax.com\/index.php?rest_route=%2Fwp%2Fv2%2Fcomments&post=16731"}],"version-history":[{"count":1,"href":"https:\/\/junewax.com\/index.php?rest_route=\/wp\/v2\/product\/16731\/revisions"}],"predecessor-version":[{"id":16735,"href":"https:\/\/junewax.com\/index.php?rest_route=\/wp\/v2\/product\/16731\/revisions\/16735"}],"wp:featuredmedia":[{"embeddable":true,"href":"https:\/\/junewax.com\/index.php?rest_route=\/wp\/v2\/media\/16732"}],"wp:attachment":[{"href":"https:\/\/junewax.com\/index.php?rest_route=%2Fwp%2Fv2%2Fmedia&parent=16731"}],"wp:term":[{"taxonomy":"product_brand","embeddable":true,"href":"https:\/\/junewax.com\/index.php?rest_route=%2Fwp%2Fv2%2Fproduct_brand&post=16731"},{"taxonomy":"product_cat","embeddable":true,"href":"https:\/\/junewax.com\/index.php?rest_route=%2Fwp%2Fv2%2Fproduct_cat&post=16731"},{"taxonomy":"product_tag","embeddable":true,"href":"https:\/\/junewax.com\/index.php?rest_route=%2Fwp%2Fv2%2Fproduct_tag&post=16731"}],"curies":[{"name":"wp","href":"https:\/\/api.w.org\/{rel}","templated":true}]}}