{"id":16736,"date":"2025-08-19T12:38:50","date_gmt":"2025-08-19T12:38:50","guid":{"rendered":"https:\/\/junewax.com\/?post_type=product&#038;p=16736"},"modified":"2026-04-10T13:19:28","modified_gmt":"2026-04-10T13:19:28","slug":"shine-mate-es516-elektrikli-zimpara-makinesi-15mm","status":"publish","type":"product","link":"https:\/\/junewax.com\/?product=shine-mate-es516-elektrikli-zimpara-makinesi-15mm","title":{"rendered":"Shine Mate ES516 Elektrikli Z\u0131mpara Makinesi 15mm"},"content":{"rendered":"<div>ES516 \u00dcr\u00fcn \u00f6zellikleri :<\/div>\n<div>Modeli\u00a0 ES516<\/div>\n<div>Giri\u015f g\u00fcc\u00fc :\u00a0 400W<\/div>\n<div>H\u0131z :4000-10000\/dak<\/div>\n<div>Y\u00f6r\u00fcnge Boyutu :3mm; 5mm<\/div>\n<div>Destek Plakas\u0131 : 5\u201d(123mm); 6\u201d(148mm)<\/div>\n<div>Toz toplama Kendi kendine vakumlama; Merkezi vakumlama<\/div>\n<div>Adapt\u00f6r \u00c7ap\u0131 30 mm<\/div>\n<div>G\u00fc\u00e7 kablosu : 5m<\/div>\n<div>A\u011f\u0131rl\u0131k : 1,6 kg<\/div>\n","protected":false},"excerpt":{"rendered":"<p>ES516 \u00dcr\u00fcn \u00f6zellikleri : Modeli\u00a0 ES516 Giri\u015f g\u00fcc\u00fc :\u00a0 400W H\u0131z :4000-10000\/dak Y\u00f6r\u00fcnge Boyutu :3mm; 5mm Destek Plakas\u0131 : 5\u201d(123mm);<\/p>\n","protected":false},"featured_media":16737,"comment_status":"open","ping_status":"closed","template":"","meta":[],"product_brand":[533],"product_cat":[534,518],"product_tag":[],"class_list":{"0":"post-16736","1":"product","2":"type-product","3":"status-publish","4":"has-post-thumbnail","6":"product_brand-shine-mate","7":"product_cat-polisaj-makineleri","8":"product_cat-polisaj-makineleri-ve-el-aletleri","10":"first","11":"instock","12":"shipping-taxable","13":"purchasable","14":"product-type-simple"},"jetpack_sharing_enabled":true,"_links":{"self":[{"href":"https:\/\/junewax.com\/index.php?rest_route=\/wp\/v2\/product\/16736","targetHints":{"allow":["GET"]}}],"collection":[{"href":"https:\/\/junewax.com\/index.php?rest_route=\/wp\/v2\/product"}],"about":[{"href":"https:\/\/junewax.com\/index.php?rest_route=\/wp\/v2\/types\/product"}],"replies":[{"embeddable":true,"href":"https:\/\/junewax.com\/index.php?rest_route=%2Fwp%2Fv2%2Fcomments&post=16736"}],"version-history":[{"count":1,"href":"https:\/\/junewax.com\/index.php?rest_route=\/wp\/v2\/product\/16736\/revisions"}],"predecessor-version":[{"id":16738,"href":"https:\/\/junewax.com\/index.php?rest_route=\/wp\/v2\/product\/16736\/revisions\/16738"}],"wp:featuredmedia":[{"embeddable":true,"href":"https:\/\/junewax.com\/index.php?rest_route=\/wp\/v2\/media\/16737"}],"wp:attachment":[{"href":"https:\/\/junewax.com\/index.php?rest_route=%2Fwp%2Fv2%2Fmedia&parent=16736"}],"wp:term":[{"taxonomy":"product_brand","embeddable":true,"href":"https:\/\/junewax.com\/index.php?rest_route=%2Fwp%2Fv2%2Fproduct_brand&post=16736"},{"taxonomy":"product_cat","embeddable":true,"href":"https:\/\/junewax.com\/index.php?rest_route=%2Fwp%2Fv2%2Fproduct_cat&post=16736"},{"taxonomy":"product_tag","embeddable":true,"href":"https:\/\/junewax.com\/index.php?rest_route=%2Fwp%2Fv2%2Fproduct_tag&post=16736"}],"curies":[{"name":"wp","href":"https:\/\/api.w.org\/{rel}","templated":true}]}}