{"id":16739,"date":"2025-08-19T12:44:56","date_gmt":"2025-08-19T12:44:56","guid":{"rendered":"https:\/\/junewax.com\/?post_type=product&#038;p=16739"},"modified":"2026-04-10T13:18:58","modified_gmt":"2026-04-10T13:18:58","slug":"shine-mate-es550-elektrikli-rende-zimpara-makinesi","status":"publish","type":"product","link":"https:\/\/junewax.com\/?product=shine-mate-es550-elektrikli-rende-zimpara-makinesi","title":{"rendered":"Shine Mate ES550 Elektrikli Rende Z\u0131mpara Makinesi"},"content":{"rendered":"<div>Shine Mate ES550<\/div>\n<ul>\n<li>Taban Ebat\u0131 : 400x70mm<\/li>\n<li>Sal\u0131n\u0131m \u00c7ap\u0131 : 5mm<\/li>\n<li>G\u00fc\u00e7 : 600 Watt<\/li>\n<li>H\u0131z (Devir\/Dakika) : 4000 &#8211; 7000<\/li>\n<li>Kablo Uzunlu\u011fu : 5 mt.<\/li>\n<li>A\u011f\u0131rl\u0131k : 2.4 kg<\/li>\n<li>Toz Ta\u015f\u0131n\u0131m\u0131 : Merkezi Emi\u015f<\/li>\n<\/ul>\n","protected":false},"excerpt":{"rendered":"<p>Shine Mate ES550 Taban Ebat\u0131 : 400x70mm Sal\u0131n\u0131m \u00c7ap\u0131 : 5mm G\u00fc\u00e7 : 600 Watt H\u0131z (Devir\/Dakika) : 4000 &#8211;<\/p>\n","protected":false},"featured_media":16740,"comment_status":"open","ping_status":"closed","template":"","meta":[],"product_brand":[533],"product_cat":[534,518],"product_tag":[],"class_list":{"0":"post-16739","1":"product","2":"type-product","3":"status-publish","4":"has-post-thumbnail","6":"product_brand-shine-mate","7":"product_cat-polisaj-makineleri","8":"product_cat-polisaj-makineleri-ve-el-aletleri","10":"first","11":"instock","12":"shipping-taxable","13":"purchasable","14":"product-type-simple"},"jetpack_sharing_enabled":true,"_links":{"self":[{"href":"https:\/\/junewax.com\/index.php?rest_route=\/wp\/v2\/product\/16739","targetHints":{"allow":["GET"]}}],"collection":[{"href":"https:\/\/junewax.com\/index.php?rest_route=\/wp\/v2\/product"}],"about":[{"href":"https:\/\/junewax.com\/index.php?rest_route=\/wp\/v2\/types\/product"}],"replies":[{"embeddable":true,"href":"https:\/\/junewax.com\/index.php?rest_route=%2Fwp%2Fv2%2Fcomments&post=16739"}],"version-history":[{"count":1,"href":"https:\/\/junewax.com\/index.php?rest_route=\/wp\/v2\/product\/16739\/revisions"}],"predecessor-version":[{"id":16741,"href":"https:\/\/junewax.com\/index.php?rest_route=\/wp\/v2\/product\/16739\/revisions\/16741"}],"wp:featuredmedia":[{"embeddable":true,"href":"https:\/\/junewax.com\/index.php?rest_route=\/wp\/v2\/media\/16740"}],"wp:attachment":[{"href":"https:\/\/junewax.com\/index.php?rest_route=%2Fwp%2Fv2%2Fmedia&parent=16739"}],"wp:term":[{"taxonomy":"product_brand","embeddable":true,"href":"https:\/\/junewax.com\/index.php?rest_route=%2Fwp%2Fv2%2Fproduct_brand&post=16739"},{"taxonomy":"product_cat","embeddable":true,"href":"https:\/\/junewax.com\/index.php?rest_route=%2Fwp%2Fv2%2Fproduct_cat&post=16739"},{"taxonomy":"product_tag","embeddable":true,"href":"https:\/\/junewax.com\/index.php?rest_route=%2Fwp%2Fv2%2Fproduct_tag&post=16739"}],"curies":[{"name":"wp","href":"https:\/\/api.w.org\/{rel}","templated":true}]}}