{"id":16761,"date":"2025-08-19T12:52:57","date_gmt":"2025-08-19T12:52:57","guid":{"rendered":"https:\/\/junewax.com\/?post_type=product&#038;p=16761"},"modified":"2026-04-10T13:16:54","modified_gmt":"2026-04-10T13:16:54","slug":"shine-mate-ex603-orbital-polisaj-makinesi-75mm","status":"publish","type":"product","link":"https:\/\/junewax.com\/?product=shine-mate-ex603-orbital-polisaj-makinesi-75mm","title":{"rendered":"Shine Mate EX603 Orbital Polisaj Makinesi 75mm"},"content":{"rendered":"<div>\n<div>\u00d6zellikler ;<\/div>\n<div>Model: EX603<\/div>\n<div>Giri\u015f G\u00fcc\u00fc: 500W<\/div>\n<div>H\u0131z Aral\u0131\u011f\u0131 :2500-5500 \/ dakika<\/div>\n<div>Destek Plakas\u0131 Boyutu 75mm<\/div>\n<div>A\u011f\u0131rl\u0131k: 1,9<\/div>\n<div>4 in\u00e7 K\u00f6p\u00fck Pedi x 2<\/div>\n<div>G\u00fc\u00e7 Kayna\u011f\u0131 Kablosu 5 Metre<\/div>\n<div>Orbital Boyutu: 12mm<\/div>\n<\/div>\n<div><\/div>\n<div>De\u011fi\u015fken H\u0131z<\/div>\n<div>Kompakt G\u00f6vde Tasar\u0131m\u0131<\/div>\n<div>3 ila 4 \u2033 k\u00f6p\u00fck pedler<\/div>\n<div>1.9Kgs A\u011f\u0131rl\u0131k<\/div>\n","protected":false},"excerpt":{"rendered":"<p>\u00d6zellikler ; Model: EX603 Giri\u015f G\u00fcc\u00fc: 500W H\u0131z Aral\u0131\u011f\u0131 :2500-5500 \/ dakika Destek Plakas\u0131 Boyutu 75mm A\u011f\u0131rl\u0131k: 1,9 4 in\u00e7<\/p>\n","protected":false},"featured_media":16762,"comment_status":"open","ping_status":"closed","template":"","meta":[],"product_brand":[533],"product_cat":[534,518],"product_tag":[],"class_list":{"0":"post-16761","1":"product","2":"type-product","3":"status-publish","4":"has-post-thumbnail","6":"product_brand-shine-mate","7":"product_cat-polisaj-makineleri","8":"product_cat-polisaj-makineleri-ve-el-aletleri","10":"first","11":"instock","12":"shipping-taxable","13":"purchasable","14":"product-type-simple"},"jetpack_sharing_enabled":true,"_links":{"self":[{"href":"https:\/\/junewax.com\/index.php?rest_route=\/wp\/v2\/product\/16761","targetHints":{"allow":["GET"]}}],"collection":[{"href":"https:\/\/junewax.com\/index.php?rest_route=\/wp\/v2\/product"}],"about":[{"href":"https:\/\/junewax.com\/index.php?rest_route=\/wp\/v2\/types\/product"}],"replies":[{"embeddable":true,"href":"https:\/\/junewax.com\/index.php?rest_route=%2Fwp%2Fv2%2Fcomments&post=16761"}],"version-history":[{"count":1,"href":"https:\/\/junewax.com\/index.php?rest_route=\/wp\/v2\/product\/16761\/revisions"}],"predecessor-version":[{"id":16764,"href":"https:\/\/junewax.com\/index.php?rest_route=\/wp\/v2\/product\/16761\/revisions\/16764"}],"wp:featuredmedia":[{"embeddable":true,"href":"https:\/\/junewax.com\/index.php?rest_route=\/wp\/v2\/media\/16762"}],"wp:attachment":[{"href":"https:\/\/junewax.com\/index.php?rest_route=%2Fwp%2Fv2%2Fmedia&parent=16761"}],"wp:term":[{"taxonomy":"product_brand","embeddable":true,"href":"https:\/\/junewax.com\/index.php?rest_route=%2Fwp%2Fv2%2Fproduct_brand&post=16761"},{"taxonomy":"product_cat","embeddable":true,"href":"https:\/\/junewax.com\/index.php?rest_route=%2Fwp%2Fv2%2Fproduct_cat&post=16761"},{"taxonomy":"product_tag","embeddable":true,"href":"https:\/\/junewax.com\/index.php?rest_route=%2Fwp%2Fv2%2Fproduct_tag&post=16761"}],"curies":[{"name":"wp","href":"https:\/\/api.w.org\/{rel}","templated":true}]}}