{"id":16765,"date":"2025-08-19T12:54:11","date_gmt":"2025-08-19T12:54:11","guid":{"rendered":"https:\/\/junewax.com\/?post_type=product&#038;p=16765"},"modified":"2026-04-10T13:15:56","modified_gmt":"2026-04-10T13:15:56","slug":"shine-mate-ex610-5-15-orbital-polisaj-makinesi-125mm","status":"publish","type":"product","link":"https:\/\/junewax.com\/?product=shine-mate-ex610-5-15-orbital-polisaj-makinesi-125mm","title":{"rendered":"Shine Mate EX610 5\/15 Orbital Polisaj Makinesi 125mm"},"content":{"rendered":"<div>\u00d6zellikler<\/div>\n<div>Model EX610-5 \/ 15<\/div>\n<div>Giri\u015f G\u00fcc\u00fc 500W<\/div>\n<div>H\u0131z 2500-4500 \/ dakika<\/div>\n<div>Destek Plakas\u0131 Boyutu (123mm)<\/div>\n<div>A\u011f\u0131rl\u0131k 2,6 kg<\/div>\n<div>G\u00fc\u00e7 Kayna\u011f\u0131 Kablosu 5 Metre<\/div>\n<div>Orbital Hareket\u00a0 15mm<\/div>\n<div>\n<div>\u2022 Kullan\u0131c\u0131 yorgunlu\u011funu azaltmak i\u00e7in \u00f6nde gelen titre\u015fim giderme teknolojisi<\/div>\n<div>\u2022 Pad s\u0131cakl\u0131\u011f\u0131n\u0131 d\u00fc\u015f\u00fck tutmak i\u00e7in Dust-Devil \u00e7ok delikli destek plakas\u0131<\/div>\n<div>\u2022 S\u0131\u00e7ramay\u0131 azaltmak i\u00e7in Yumu\u015fak Ba\u015flatma<\/div>\n<div>\u2022 Sabit h\u0131z \u00e7\u0131k\u0131\u015f\u0131 sunmak i\u00e7in h\u0131z sabitleyici<\/div>\n<div>\u2022 Uzun \u00f6m\u00fcrl\u00fc motor ve karbon f\u0131r\u00e7a ile yap\u0131land\u0131r\u0131lm\u0131\u015ft\u0131r<\/div>\n<div>\u2022 Ergonomik g\u00f6vde tasar\u0131m\u0131<\/div>\n<div>\u2022 5 metre uzunlu\u011funda g\u00fc\u00e7 kablosu<\/div>\n<\/div>\n","protected":false},"excerpt":{"rendered":"<p>\u00d6zellikler Model EX610-5 \/ 15 Giri\u015f G\u00fcc\u00fc 500W H\u0131z 2500-4500 \/ dakika Destek Plakas\u0131 Boyutu (123mm) A\u011f\u0131rl\u0131k 2,6 kg G\u00fc\u00e7<\/p>\n","protected":false},"featured_media":16766,"comment_status":"open","ping_status":"closed","template":"","meta":[],"product_brand":[533],"product_cat":[534,518],"product_tag":[],"class_list":{"0":"post-16765","1":"product","2":"type-product","3":"status-publish","4":"has-post-thumbnail","6":"product_brand-shine-mate","7":"product_cat-polisaj-makineleri","8":"product_cat-polisaj-makineleri-ve-el-aletleri","10":"first","11":"instock","12":"shipping-taxable","13":"purchasable","14":"product-type-simple"},"jetpack_sharing_enabled":true,"_links":{"self":[{"href":"https:\/\/junewax.com\/index.php?rest_route=\/wp\/v2\/product\/16765","targetHints":{"allow":["GET"]}}],"collection":[{"href":"https:\/\/junewax.com\/index.php?rest_route=\/wp\/v2\/product"}],"about":[{"href":"https:\/\/junewax.com\/index.php?rest_route=\/wp\/v2\/types\/product"}],"replies":[{"embeddable":true,"href":"https:\/\/junewax.com\/index.php?rest_route=%2Fwp%2Fv2%2Fcomments&post=16765"}],"version-history":[{"count":1,"href":"https:\/\/junewax.com\/index.php?rest_route=\/wp\/v2\/product\/16765\/revisions"}],"predecessor-version":[{"id":16768,"href":"https:\/\/junewax.com\/index.php?rest_route=\/wp\/v2\/product\/16765\/revisions\/16768"}],"wp:featuredmedia":[{"embeddable":true,"href":"https:\/\/junewax.com\/index.php?rest_route=\/wp\/v2\/media\/16766"}],"wp:attachment":[{"href":"https:\/\/junewax.com\/index.php?rest_route=%2Fwp%2Fv2%2Fmedia&parent=16765"}],"wp:term":[{"taxonomy":"product_brand","embeddable":true,"href":"https:\/\/junewax.com\/index.php?rest_route=%2Fwp%2Fv2%2Fproduct_brand&post=16765"},{"taxonomy":"product_cat","embeddable":true,"href":"https:\/\/junewax.com\/index.php?rest_route=%2Fwp%2Fv2%2Fproduct_cat&post=16765"},{"taxonomy":"product_tag","embeddable":true,"href":"https:\/\/junewax.com\/index.php?rest_route=%2Fwp%2Fv2%2Fproduct_tag&post=16765"}],"curies":[{"name":"wp","href":"https:\/\/api.w.org\/{rel}","templated":true}]}}