{"id":16772,"date":"2025-08-19T13:02:02","date_gmt":"2025-08-19T13:02:02","guid":{"rendered":"https:\/\/junewax.com\/?post_type=product&#038;p=16772"},"modified":"2026-04-10T13:15:20","modified_gmt":"2026-04-10T13:15:20","slug":"shine-mate-ex620-5-15-orbital-deluxe-polisaj-makinesi-125mm","status":"publish","type":"product","link":"https:\/\/junewax.com\/?product=shine-mate-ex620-5-15-orbital-deluxe-polisaj-makinesi-125mm","title":{"rendered":"Shine Mate EX620 5\/15 Orbital Deluxe Polisaj Makinesi 125mm"},"content":{"rendered":"<div>Teknik \u00d6zellikler<\/div>\n<div>Model EX620 5\/15<\/div>\n<div>Sal\u0131n\u0131m Boyutu 15 mm<\/div>\n<div>Destek Plakas\u0131 5 in\u00e7 \/<\/div>\n<div>K\u00f6p\u00fck Pedi 6 in\u00e7 \/<\/div>\n<div>Giri\u015f G\u00fcc\u00fc :800W (Maks. 1200W)<\/div>\n<div>Kademeli H\u0131z :3000 ~ 5800 \/ dak<\/div>\n<div>Net A\u011f\u0131rl\u0131k : 2.6KG<\/div>\n<div><img fetchpriority=\"high\" decoding=\"async\" class=\"size-medium wp-image-16775 alignleft\" src=\"https:\/\/junewax.com\/wp-content\/uploads\/2025\/08\/ShineMate-EX620_01-183x300.webp\" alt=\"\" width=\"183\" height=\"300\" srcset=\"https:\/\/junewax.com\/wp-content\/uploads\/2025\/08\/ShineMate-EX620_01-183x300.webp 183w, https:\/\/junewax.com\/wp-content\/uploads\/2025\/08\/ShineMate-EX620_01-488x800.webp 488w, https:\/\/junewax.com\/wp-content\/uploads\/2025\/08\/ShineMate-EX620_01-600x983.webp 600w, https:\/\/junewax.com\/wp-content\/uploads\/2025\/08\/ShineMate-EX620_01-150x246.webp 150w, https:\/\/junewax.com\/wp-content\/uploads\/2025\/08\/ShineMate-EX620_01.webp 750w\" sizes=\"(max-width: 183px) 100vw, 183px\" \/><\/div>\n<div><\/div>\n<div><\/div>\n<div><\/div>\n<div><\/div>\n<div><\/div>\n<div><\/div>\n<div><\/div>\n<div><\/div>\n<div><\/div>\n<div><\/div>\n<div><\/div>\n<div><\/div>\n<div><\/div>\n<div><img decoding=\"async\" class=\"size-medium wp-image-16776 alignnone\" src=\"https:\/\/junewax.com\/wp-content\/uploads\/2025\/08\/ShineMate-EX620-EN-9_03-375x300.webp\" alt=\"\" width=\"375\" height=\"300\" srcset=\"https:\/\/junewax.com\/wp-content\/uploads\/2025\/08\/ShineMate-EX620-EN-9_03-375x300.webp 375w, https:\/\/junewax.com\/wp-content\/uploads\/2025\/08\/ShineMate-EX620-EN-9_03-600x480.webp 600w, https:\/\/junewax.com\/wp-content\/uploads\/2025\/08\/ShineMate-EX620-EN-9_03-150x120.webp 150w, https:\/\/junewax.com\/wp-content\/uploads\/2025\/08\/ShineMate-EX620-EN-9_03.webp 750w\" sizes=\"(max-width: 375px) 100vw, 375px\" \/><\/div>\n<div><img decoding=\"async\" class=\"alignnone size-medium wp-image-16777\" src=\"https:\/\/junewax.com\/wp-content\/uploads\/2025\/08\/ShineMate-EX620-EN-9_05-149x300.webp\" alt=\"\" width=\"149\" height=\"300\" srcset=\"https:\/\/junewax.com\/wp-content\/uploads\/2025\/08\/ShineMate-EX620-EN-9_05-149x300.webp 149w, https:\/\/junewax.com\/wp-content\/uploads\/2025\/08\/ShineMate-EX620-EN-9_05-397x800.webp 397w, https:\/\/junewax.com\/wp-content\/uploads\/2025\/08\/ShineMate-EX620-EN-9_05-600x1209.webp 600w, https:\/\/junewax.com\/wp-content\/uploads\/2025\/08\/ShineMate-EX620-EN-9_05-150x302.webp 150w, https:\/\/junewax.com\/wp-content\/uploads\/2025\/08\/ShineMate-EX620-EN-9_05.webp 750w\" sizes=\"(max-width: 149px) 100vw, 149px\" \/><\/div>\n","protected":false},"excerpt":{"rendered":"<p>Teknik \u00d6zellikler Model EX620 5\/15 Sal\u0131n\u0131m Boyutu 15 mm Destek Plakas\u0131 5 in\u00e7 \/ K\u00f6p\u00fck Pedi 6 in\u00e7 \/ Giri\u015f<\/p>\n","protected":false},"featured_media":16773,"comment_status":"open","ping_status":"closed","template":"","meta":[],"product_brand":[533],"product_cat":[534,518],"product_tag":[],"class_list":{"0":"post-16772","1":"product","2":"type-product","3":"status-publish","4":"has-post-thumbnail","6":"product_brand-shine-mate","7":"product_cat-polisaj-makineleri","8":"product_cat-polisaj-makineleri-ve-el-aletleri","10":"first","11":"instock","12":"shipping-taxable","13":"purchasable","14":"product-type-simple"},"jetpack_sharing_enabled":true,"_links":{"self":[{"href":"https:\/\/junewax.com\/index.php?rest_route=\/wp\/v2\/product\/16772","targetHints":{"allow":["GET"]}}],"collection":[{"href":"https:\/\/junewax.com\/index.php?rest_route=\/wp\/v2\/product"}],"about":[{"href":"https:\/\/junewax.com\/index.php?rest_route=\/wp\/v2\/types\/product"}],"replies":[{"embeddable":true,"href":"https:\/\/junewax.com\/index.php?rest_route=%2Fwp%2Fv2%2Fcomments&post=16772"}],"version-history":[{"count":1,"href":"https:\/\/junewax.com\/index.php?rest_route=\/wp\/v2\/product\/16772\/revisions"}],"predecessor-version":[{"id":16778,"href":"https:\/\/junewax.com\/index.php?rest_route=\/wp\/v2\/product\/16772\/revisions\/16778"}],"wp:featuredmedia":[{"embeddable":true,"href":"https:\/\/junewax.com\/index.php?rest_route=\/wp\/v2\/media\/16773"}],"wp:attachment":[{"href":"https:\/\/junewax.com\/index.php?rest_route=%2Fwp%2Fv2%2Fmedia&parent=16772"}],"wp:term":[{"taxonomy":"product_brand","embeddable":true,"href":"https:\/\/junewax.com\/index.php?rest_route=%2Fwp%2Fv2%2Fproduct_brand&post=16772"},{"taxonomy":"product_cat","embeddable":true,"href":"https:\/\/junewax.com\/index.php?rest_route=%2Fwp%2Fv2%2Fproduct_cat&post=16772"},{"taxonomy":"product_tag","embeddable":true,"href":"https:\/\/junewax.com\/index.php?rest_route=%2Fwp%2Fv2%2Fproduct_tag&post=16772"}],"curies":[{"name":"wp","href":"https:\/\/api.w.org\/{rel}","templated":true}]}}