{"id":16788,"date":"2025-08-19T13:07:29","date_gmt":"2025-08-19T13:07:29","guid":{"rendered":"https:\/\/junewax.com\/?post_type=product&#038;p=16788"},"modified":"2025-08-19T13:07:30","modified_gmt":"2025-08-19T13:07:30","slug":"shine-mate-sari-ince-pasta-sungeri-80-100mm","status":"publish","type":"product","link":"https:\/\/junewax.com\/?product=shine-mate-sari-ince-pasta-sungeri-80-100mm","title":{"rendered":"Shine Mate Sar\u0131 \u0130nce Pasta S\u00fcngeri 80\/100mm"},"content":{"rendered":"<div>Shine Mate Sar\u0131 \u0130nce Pasta S\u00fcngeri 80\/100mm<\/div>\n<div><\/div>\n<div>\n<div>ShineMate Patentinden D\u00fcnya \u00c7ap\u0131nda Yenilik\u00e7i S\u00fcnger Pad. Hem Rotary hem de DA parlatma i\u00e7in tasarlanm\u0131\u015ft\u0131r.Cila s\u0131\u00e7ramas\u0131n\u0131 ve \u0131s\u0131 olu\u015fumunu azalt\u0131r.Titre\u015fimi azalt\u0131n ve daha yumu\u015fak kullan\u0131m sunar.Y\u00fcksek s\u0131cakl\u0131\u011fa ve suyla y\u0131kamaya dayan\u0131kl\u0131d\u0131r.ShineMate EX serisi DA parlat\u0131c\u0131 ile m\u00fckemmel \u015fekilde \u00e7al\u0131\u015f\u0131r.<\/div>\n<\/div>\n","protected":false},"excerpt":{"rendered":"<p>Shine Mate Sar\u0131 \u0130nce Pasta S\u00fcngeri 80\/100mm ShineMate Patentinden D\u00fcnya \u00c7ap\u0131nda Yenilik\u00e7i S\u00fcnger Pad. Hem Rotary hem de DA parlatma<\/p>\n","protected":false},"featured_media":16789,"comment_status":"open","ping_status":"closed","template":"","meta":[],"product_brand":[533],"product_cat":[525,439],"product_tag":[],"class_list":{"0":"post-16788","1":"product","2":"type-product","3":"status-publish","4":"has-post-thumbnail","6":"product_brand-shine-mate","7":"product_cat-kurulama-havlulari-ve-cam-bezleri","8":"product_cat-uygulama-pedleri-ve-bezler","10":"first","11":"instock","12":"shipping-taxable","13":"purchasable","14":"product-type-simple"},"jetpack_sharing_enabled":true,"_links":{"self":[{"href":"https:\/\/junewax.com\/index.php?rest_route=\/wp\/v2\/product\/16788","targetHints":{"allow":["GET"]}}],"collection":[{"href":"https:\/\/junewax.com\/index.php?rest_route=\/wp\/v2\/product"}],"about":[{"href":"https:\/\/junewax.com\/index.php?rest_route=\/wp\/v2\/types\/product"}],"replies":[{"embeddable":true,"href":"https:\/\/junewax.com\/index.php?rest_route=%2Fwp%2Fv2%2Fcomments&post=16788"}],"version-history":[{"count":1,"href":"https:\/\/junewax.com\/index.php?rest_route=\/wp\/v2\/product\/16788\/revisions"}],"predecessor-version":[{"id":16790,"href":"https:\/\/junewax.com\/index.php?rest_route=\/wp\/v2\/product\/16788\/revisions\/16790"}],"wp:featuredmedia":[{"embeddable":true,"href":"https:\/\/junewax.com\/index.php?rest_route=\/wp\/v2\/media\/16789"}],"wp:attachment":[{"href":"https:\/\/junewax.com\/index.php?rest_route=%2Fwp%2Fv2%2Fmedia&parent=16788"}],"wp:term":[{"taxonomy":"product_brand","embeddable":true,"href":"https:\/\/junewax.com\/index.php?rest_route=%2Fwp%2Fv2%2Fproduct_brand&post=16788"},{"taxonomy":"product_cat","embeddable":true,"href":"https:\/\/junewax.com\/index.php?rest_route=%2Fwp%2Fv2%2Fproduct_cat&post=16788"},{"taxonomy":"product_tag","embeddable":true,"href":"https:\/\/junewax.com\/index.php?rest_route=%2Fwp%2Fv2%2Fproduct_tag&post=16788"}],"curies":[{"name":"wp","href":"https:\/\/api.w.org\/{rel}","templated":true}]}}