{"id":16798,"date":"2025-08-19T13:12:14","date_gmt":"2025-08-19T13:12:14","guid":{"rendered":"https:\/\/junewax.com\/?post_type=product&#038;p=16798"},"modified":"2025-08-19T13:12:16","modified_gmt":"2025-08-19T13:12:16","slug":"shine-mate-mini-polisher-kit-sungerleri-konik-kirmizi-5li-paket","status":"publish","type":"product","link":"https:\/\/junewax.com\/?product=shine-mate-mini-polisher-kit-sungerleri-konik-kirmizi-5li-paket","title":{"rendered":"Shine Mate Mini Polisher Kit S\u00fcngerleri Konik K\u0131rm\u0131z\u0131 5&#8217;li Paket"},"content":{"rendered":"<p>Shine Mate Mini Polisher Kit S\u00fcngerleri 5&#8217;li Paket<\/p>\n","protected":false},"excerpt":{"rendered":"<p>Shine Mate Mini Polisher Kit S\u00fcngerleri 5&#8217;li Paket<\/p>\n","protected":false},"featured_media":16799,"comment_status":"open","ping_status":"closed","template":"","meta":[],"product_brand":[533],"product_cat":[440,439],"product_tag":[],"class_list":{"0":"post-16798","1":"product","2":"type-product","3":"status-publish","4":"has-post-thumbnail","6":"product_brand-shine-mate","7":"product_cat-pedler-ve-keceler","8":"product_cat-uygulama-pedleri-ve-bezler","10":"first","11":"instock","12":"shipping-taxable","13":"purchasable","14":"product-type-simple"},"jetpack_sharing_enabled":true,"_links":{"self":[{"href":"https:\/\/junewax.com\/index.php?rest_route=\/wp\/v2\/product\/16798","targetHints":{"allow":["GET"]}}],"collection":[{"href":"https:\/\/junewax.com\/index.php?rest_route=\/wp\/v2\/product"}],"about":[{"href":"https:\/\/junewax.com\/index.php?rest_route=\/wp\/v2\/types\/product"}],"replies":[{"embeddable":true,"href":"https:\/\/junewax.com\/index.php?rest_route=%2Fwp%2Fv2%2Fcomments&post=16798"}],"version-history":[{"count":1,"href":"https:\/\/junewax.com\/index.php?rest_route=\/wp\/v2\/product\/16798\/revisions"}],"predecessor-version":[{"id":16801,"href":"https:\/\/junewax.com\/index.php?rest_route=\/wp\/v2\/product\/16798\/revisions\/16801"}],"wp:featuredmedia":[{"embeddable":true,"href":"https:\/\/junewax.com\/index.php?rest_route=\/wp\/v2\/media\/16799"}],"wp:attachment":[{"href":"https:\/\/junewax.com\/index.php?rest_route=%2Fwp%2Fv2%2Fmedia&parent=16798"}],"wp:term":[{"taxonomy":"product_brand","embeddable":true,"href":"https:\/\/junewax.com\/index.php?rest_route=%2Fwp%2Fv2%2Fproduct_brand&post=16798"},{"taxonomy":"product_cat","embeddable":true,"href":"https:\/\/junewax.com\/index.php?rest_route=%2Fwp%2Fv2%2Fproduct_cat&post=16798"},{"taxonomy":"product_tag","embeddable":true,"href":"https:\/\/junewax.com\/index.php?rest_route=%2Fwp%2Fv2%2Fproduct_tag&post=16798"}],"curies":[{"name":"wp","href":"https:\/\/api.w.org\/{rel}","templated":true}]}}