{"id":16813,"date":"2025-08-19T13:24:24","date_gmt":"2025-08-19T13:24:24","guid":{"rendered":"https:\/\/junewax.com\/?post_type=product&#038;p=16813"},"modified":"2025-09-20T07:32:55","modified_gmt":"2025-09-20T07:32:55","slug":"shine-mate-mavi-hare-giderici-sungeri-150-180mm","status":"publish","type":"product","link":"https:\/\/junewax.com\/?product=shine-mate-mavi-hare-giderici-sungeri-150-180mm","title":{"rendered":"Shine Mate Mavi Hare Giderici S\u00fcngeri 150\/180mm"},"content":{"rendered":"<div>Shine Mate Mavi Hare Giderici S\u00fcngeri 150\/180mm<\/div>\n<div><\/div>\n<div>\n<div>ShineMate Patentinden D\u00fcnya \u00c7ap\u0131nda Yenilik\u00e7i S\u00fcnger Pad. Hem Rotary hem de DA parlatma i\u00e7in tasarlanm\u0131\u015ft\u0131r.Cila s\u0131\u00e7ramas\u0131n\u0131 ve \u0131s\u0131 olu\u015fumunu azalt\u0131r.Titre\u015fimi azalt\u0131n ve daha yumu\u015fak kullan\u0131m sunar.Y\u00fcksek s\u0131cakl\u0131\u011fa ve suyla y\u0131kamaya dayan\u0131kl\u0131d\u0131r.ShineMate EX serisi DA parlat\u0131c\u0131 ile m\u00fckemmel \u015fekilde \u00e7al\u0131\u015f\u0131r.<\/div>\n<\/div>\n","protected":false},"excerpt":{"rendered":"<p>Shine Mate Mavi Hare Giderici S\u00fcngeri 150\/180mm ShineMate Patentinden D\u00fcnya \u00c7ap\u0131nda Yenilik\u00e7i S\u00fcnger Pad. Hem Rotary hem de DA parlatma<\/p>\n","protected":false},"featured_media":16814,"comment_status":"open","ping_status":"closed","template":"","meta":[],"product_brand":[533],"product_cat":[440,439],"product_tag":[],"class_list":{"0":"post-16813","1":"product","2":"type-product","3":"status-publish","4":"has-post-thumbnail","6":"product_brand-shine-mate","7":"product_cat-pedler-ve-keceler","8":"product_cat-uygulama-pedleri-ve-bezler","10":"first","11":"instock","12":"shipping-taxable","13":"purchasable","14":"product-type-simple"},"jetpack_sharing_enabled":true,"_links":{"self":[{"href":"https:\/\/junewax.com\/index.php?rest_route=\/wp\/v2\/product\/16813","targetHints":{"allow":["GET"]}}],"collection":[{"href":"https:\/\/junewax.com\/index.php?rest_route=\/wp\/v2\/product"}],"about":[{"href":"https:\/\/junewax.com\/index.php?rest_route=\/wp\/v2\/types\/product"}],"replies":[{"embeddable":true,"href":"https:\/\/junewax.com\/index.php?rest_route=%2Fwp%2Fv2%2Fcomments&post=16813"}],"version-history":[{"count":1,"href":"https:\/\/junewax.com\/index.php?rest_route=\/wp\/v2\/product\/16813\/revisions"}],"predecessor-version":[{"id":16815,"href":"https:\/\/junewax.com\/index.php?rest_route=\/wp\/v2\/product\/16813\/revisions\/16815"}],"wp:featuredmedia":[{"embeddable":true,"href":"https:\/\/junewax.com\/index.php?rest_route=\/wp\/v2\/media\/16814"}],"wp:attachment":[{"href":"https:\/\/junewax.com\/index.php?rest_route=%2Fwp%2Fv2%2Fmedia&parent=16813"}],"wp:term":[{"taxonomy":"product_brand","embeddable":true,"href":"https:\/\/junewax.com\/index.php?rest_route=%2Fwp%2Fv2%2Fproduct_brand&post=16813"},{"taxonomy":"product_cat","embeddable":true,"href":"https:\/\/junewax.com\/index.php?rest_route=%2Fwp%2Fv2%2Fproduct_cat&post=16813"},{"taxonomy":"product_tag","embeddable":true,"href":"https:\/\/junewax.com\/index.php?rest_route=%2Fwp%2Fv2%2Fproduct_tag&post=16813"}],"curies":[{"name":"wp","href":"https:\/\/api.w.org\/{rel}","templated":true}]}}