{"id":16820,"date":"2025-08-19T13:27:30","date_gmt":"2025-08-19T13:27:30","guid":{"rendered":"https:\/\/junewax.com\/?post_type=product&#038;p=16820"},"modified":"2025-10-03T07:09:01","modified_gmt":"2025-10-03T07:09:01","slug":"shine-mate-mini-pasta-cila-uzatma-seti","status":"publish","type":"product","link":"https:\/\/junewax.com\/?product=shine-mate-mini-pasta-cila-uzatma-seti","title":{"rendered":"Shine Mate Mini Pasta Cila Uzatma Seti"},"content":{"rendered":"<div>\u00d6zellikler<\/div>\n<div>Model: MPK-3<\/div>\n<div>Uzunluk: 1 Metre<\/div>\n<div>Tampon: \u015eaft3mm<\/div>\n<div>Maksimum Ped Boyutu: 27mm<\/div>\n<div>Max.Speed: 4000 \/ dakika<\/div>\n<div>T\u00fcm Rotary Makinelerle Uyumludur.<\/div>\n<div>K\u00f6p\u00fck Pedleri, Y\u00fcn Pedler, Konik Pedler<\/div>\n<div><\/div>\n<div>\n<div>Birden fazla aksesuara sahip esnek Uzatma Seti<\/div>\n<div>\u2022 Esnek kilit, kolay de\u011fi\u015ftirilebilir pedler<\/div>\n<div>\u2022 Birden fazla aksesuar dahildir, dar alanlara kolay eri\u015fim<\/div>\n<div>\u2022 Rotary Makine \u00fczerine monte edilebilir; EP803, EP801, EP802<\/div>\n<div>(Rotary Makine sete dahil de\u011fildir)<\/div>\n<\/div>\n","protected":false},"excerpt":{"rendered":"<p>\u00d6zellikler Model: MPK-3 Uzunluk: 1 Metre Tampon: \u015eaft3mm Maksimum Ped Boyutu: 27mm Max.Speed: 4000 \/ dakika T\u00fcm Rotary Makinelerle Uyumludur.<\/p>\n","protected":false},"featured_media":16821,"comment_status":"open","ping_status":"closed","template":"","meta":[],"product_brand":[],"product_cat":[519,534,518],"product_tag":[],"class_list":{"0":"post-16820","1":"product","2":"type-product","3":"status-publish","4":"has-post-thumbnail","6":"product_cat-makine-yedek-parcalar","7":"product_cat-polisaj-makineleri","8":"product_cat-polisaj-makineleri-ve-el-aletleri","10":"first","11":"outofstock","12":"shipping-taxable","13":"purchasable","14":"product-type-simple"},"jetpack_sharing_enabled":true,"_links":{"self":[{"href":"https:\/\/junewax.com\/index.php?rest_route=\/wp\/v2\/product\/16820","targetHints":{"allow":["GET"]}}],"collection":[{"href":"https:\/\/junewax.com\/index.php?rest_route=\/wp\/v2\/product"}],"about":[{"href":"https:\/\/junewax.com\/index.php?rest_route=\/wp\/v2\/types\/product"}],"replies":[{"embeddable":true,"href":"https:\/\/junewax.com\/index.php?rest_route=%2Fwp%2Fv2%2Fcomments&post=16820"}],"version-history":[{"count":1,"href":"https:\/\/junewax.com\/index.php?rest_route=\/wp\/v2\/product\/16820\/revisions"}],"predecessor-version":[{"id":16826,"href":"https:\/\/junewax.com\/index.php?rest_route=\/wp\/v2\/product\/16820\/revisions\/16826"}],"wp:featuredmedia":[{"embeddable":true,"href":"https:\/\/junewax.com\/index.php?rest_route=\/wp\/v2\/media\/16821"}],"wp:attachment":[{"href":"https:\/\/junewax.com\/index.php?rest_route=%2Fwp%2Fv2%2Fmedia&parent=16820"}],"wp:term":[{"taxonomy":"product_brand","embeddable":true,"href":"https:\/\/junewax.com\/index.php?rest_route=%2Fwp%2Fv2%2Fproduct_brand&post=16820"},{"taxonomy":"product_cat","embeddable":true,"href":"https:\/\/junewax.com\/index.php?rest_route=%2Fwp%2Fv2%2Fproduct_cat&post=16820"},{"taxonomy":"product_tag","embeddable":true,"href":"https:\/\/junewax.com\/index.php?rest_route=%2Fwp%2Fv2%2Fproduct_tag&post=16820"}],"curies":[{"name":"wp","href":"https:\/\/api.w.org\/{rel}","templated":true}]}}