{"id":16832,"date":"2025-08-19T13:30:30","date_gmt":"2025-08-19T13:30:30","guid":{"rendered":"https:\/\/junewax.com\/?post_type=product&#038;p=16832"},"modified":"2026-04-15T20:16:59","modified_gmt":"2026-04-15T20:16:59","slug":"shine-mate-makine-komuru-cift","status":"publish","type":"product","link":"https:\/\/junewax.com\/?product=shine-mate-makine-komuru-cift","title":{"rendered":"Shine Mate Makine K\u00f6m\u00fcr\u00fc (\u00c7ift)"},"content":{"rendered":"<p>Shine Mate Makine Yedek K\u00f6m\u00fcr\u00a02 Adet\u00a0Fiyat\u0131d\u0131r.<\/p>\n","protected":false},"excerpt":{"rendered":"<p>Shine Mate Makine Yedek K\u00f6m\u00fcr\u00a02 Adet\u00a0Fiyat\u0131d\u0131r.<\/p>\n","protected":false},"featured_media":16833,"comment_status":"open","ping_status":"closed","template":"","meta":[],"product_brand":[533],"product_cat":[519,534,518],"product_tag":[],"class_list":{"0":"post-16832","1":"product","2":"type-product","3":"status-publish","4":"has-post-thumbnail","6":"product_brand-shine-mate","7":"product_cat-makine-yedek-parcalar","8":"product_cat-polisaj-makineleri","9":"product_cat-polisaj-makineleri-ve-el-aletleri","11":"first","12":"outofstock","13":"shipping-taxable","14":"purchasable","15":"product-type-simple"},"jetpack_sharing_enabled":true,"_links":{"self":[{"href":"https:\/\/junewax.com\/index.php?rest_route=\/wp\/v2\/product\/16832","targetHints":{"allow":["GET"]}}],"collection":[{"href":"https:\/\/junewax.com\/index.php?rest_route=\/wp\/v2\/product"}],"about":[{"href":"https:\/\/junewax.com\/index.php?rest_route=\/wp\/v2\/types\/product"}],"replies":[{"embeddable":true,"href":"https:\/\/junewax.com\/index.php?rest_route=%2Fwp%2Fv2%2Fcomments&post=16832"}],"version-history":[{"count":1,"href":"https:\/\/junewax.com\/index.php?rest_route=\/wp\/v2\/product\/16832\/revisions"}],"predecessor-version":[{"id":16834,"href":"https:\/\/junewax.com\/index.php?rest_route=\/wp\/v2\/product\/16832\/revisions\/16834"}],"wp:featuredmedia":[{"embeddable":true,"href":"https:\/\/junewax.com\/index.php?rest_route=\/wp\/v2\/media\/16833"}],"wp:attachment":[{"href":"https:\/\/junewax.com\/index.php?rest_route=%2Fwp%2Fv2%2Fmedia&parent=16832"}],"wp:term":[{"taxonomy":"product_brand","embeddable":true,"href":"https:\/\/junewax.com\/index.php?rest_route=%2Fwp%2Fv2%2Fproduct_brand&post=16832"},{"taxonomy":"product_cat","embeddable":true,"href":"https:\/\/junewax.com\/index.php?rest_route=%2Fwp%2Fv2%2Fproduct_cat&post=16832"},{"taxonomy":"product_tag","embeddable":true,"href":"https:\/\/junewax.com\/index.php?rest_route=%2Fwp%2Fv2%2Fproduct_tag&post=16832"}],"curies":[{"name":"wp","href":"https:\/\/api.w.org\/{rel}","templated":true}]}}