{"id":16841,"date":"2025-08-19T13:36:12","date_gmt":"2025-08-19T13:36:12","guid":{"rendered":"https:\/\/junewax.com\/?post_type=product&#038;p=16841"},"modified":"2026-04-15T20:16:48","modified_gmt":"2026-04-15T20:16:48","slug":"shine-mate-sunger-kece-seti-30mm-13-parca","status":"publish","type":"product","link":"https:\/\/junewax.com\/?product=shine-mate-sunger-kece-seti-30mm-13-parca","title":{"rendered":"Shine Mate S\u00fcnger Ke\u00e7e Seti 30mm 13 Par\u00e7a"},"content":{"rendered":"<div>Rotary Makineniz varsa ve ula\u015f\u0131lmas\u0131 zor alanlar\u0131 nas\u0131l parlataca\u011f\u0131n\u0131z\u0131 merak ettiyseniz, o zaman bu Kit Size cevap olabilir. ShineMate&#8217;in bu yenilik\u00e7i ped kitleri, Rotary Makinenizle\u00a0 30mm ped destek plakas\u0131n\u0131 kullanman\u0131za izin verecek \u015fekilde tasarlanm\u0131\u015ft\u0131r, b\u00f6ylece daha \u00f6nce ula\u015f\u0131lmas\u0131 imkans\u0131z olan yerleri Pastalamak Veya cilalamak art\u0131k Daha Kolay.<\/div>\n<div><\/div>\n<div>1 x 30mm Esnek Ped Destek Diski<\/div>\n<div>2 x Y\u00fcn Pasta Ke\u00e7esi<\/div>\n<div>2 x Ye\u015fil Pasta S\u00fcngeri<\/div>\n<div>2 x Mavi Hare Giderici S\u00fcngeri<\/div>\n<div>2 x Turuncu Tek Ad\u0131m Pasta S\u00fcngeri<\/div>\n<div>2 x K\u0131rm\u0131z\u0131 Cila Pedi<\/div>\n<div>2 x Mikrofiber Hare Giderici Ke\u00e7eleri<\/div>\n","protected":false},"excerpt":{"rendered":"<p>Rotary Makineniz varsa ve ula\u015f\u0131lmas\u0131 zor alanlar\u0131 nas\u0131l parlataca\u011f\u0131n\u0131z\u0131 merak ettiyseniz, o zaman bu Kit Size cevap olabilir. ShineMate&#8217;in bu<\/p>\n","protected":false},"featured_media":16842,"comment_status":"open","ping_status":"closed","template":"","meta":[],"product_brand":[533],"product_cat":[440,439],"product_tag":[],"class_list":{"0":"post-16841","1":"product","2":"type-product","3":"status-publish","4":"has-post-thumbnail","6":"product_brand-shine-mate","7":"product_cat-pedler-ve-keceler","8":"product_cat-uygulama-pedleri-ve-bezler","10":"first","11":"outofstock","12":"shipping-taxable","13":"purchasable","14":"product-type-simple"},"jetpack_sharing_enabled":true,"_links":{"self":[{"href":"https:\/\/junewax.com\/index.php?rest_route=\/wp\/v2\/product\/16841","targetHints":{"allow":["GET"]}}],"collection":[{"href":"https:\/\/junewax.com\/index.php?rest_route=\/wp\/v2\/product"}],"about":[{"href":"https:\/\/junewax.com\/index.php?rest_route=\/wp\/v2\/types\/product"}],"replies":[{"embeddable":true,"href":"https:\/\/junewax.com\/index.php?rest_route=%2Fwp%2Fv2%2Fcomments&post=16841"}],"version-history":[{"count":1,"href":"https:\/\/junewax.com\/index.php?rest_route=\/wp\/v2\/product\/16841\/revisions"}],"predecessor-version":[{"id":16843,"href":"https:\/\/junewax.com\/index.php?rest_route=\/wp\/v2\/product\/16841\/revisions\/16843"}],"wp:featuredmedia":[{"embeddable":true,"href":"https:\/\/junewax.com\/index.php?rest_route=\/wp\/v2\/media\/16842"}],"wp:attachment":[{"href":"https:\/\/junewax.com\/index.php?rest_route=%2Fwp%2Fv2%2Fmedia&parent=16841"}],"wp:term":[{"taxonomy":"product_brand","embeddable":true,"href":"https:\/\/junewax.com\/index.php?rest_route=%2Fwp%2Fv2%2Fproduct_brand&post=16841"},{"taxonomy":"product_cat","embeddable":true,"href":"https:\/\/junewax.com\/index.php?rest_route=%2Fwp%2Fv2%2Fproduct_cat&post=16841"},{"taxonomy":"product_tag","embeddable":true,"href":"https:\/\/junewax.com\/index.php?rest_route=%2Fwp%2Fv2%2Fproduct_tag&post=16841"}],"curies":[{"name":"wp","href":"https:\/\/api.w.org\/{rel}","templated":true}]}}