{"id":16853,"date":"2025-08-19T13:40:33","date_gmt":"2025-08-19T13:40:33","guid":{"rendered":"https:\/\/junewax.com\/?post_type=product&#038;p=16853"},"modified":"2025-09-20T07:32:08","modified_gmt":"2025-09-20T07:32:08","slug":"shine-mate-yapiskan-kaplama-sokucu-disk","status":"publish","type":"product","link":"https:\/\/junewax.com\/?product=shine-mate-yapiskan-kaplama-sokucu-disk","title":{"rendered":"Shine Mate Yap\u0131\u015fkan Kaplama S\u00f6k\u00fcc\u00fc Disk"},"content":{"rendered":"<p>Araba \u00e7\u0131kartmalar\u0131, \u00e7\u0131kartmalar ve vinilleri birka\u00e7 dakika i\u00e7inde kolayca \u00e7\u0131karabilecek herhangi bir elektrikli matkap i\u00e7in Bant Silgi. Boya veya cam\u0131n zarar g\u00f6rmemesi i\u00e7in en zorlu \u00e7\u0131kartmalarda bile \u00e7\u0131kart\u0131r. Ayr\u0131ca, perdahlamadan \u00f6nce pinstripleri veya \u00e7ift tarafl\u0131 band\u0131 panel \u00e7al\u0131\u015fmalar\u0131ndan \u00e7\u0131karmak i\u00e7in. Plastik kullan\u0131m i\u00e7in uygun de\u011fildir. Boya \u00fczerindeki y\u00fczey izlerini b\u0131rakmak i\u00e7in orta ila hafif bas\u0131n\u00e7 kullan\u0131n.<\/p>\n","protected":false},"excerpt":{"rendered":"<p>Araba \u00e7\u0131kartmalar\u0131, \u00e7\u0131kartmalar ve vinilleri birka\u00e7 dakika i\u00e7inde kolayca \u00e7\u0131karabilecek herhangi bir elektrikli matkap i\u00e7in Bant Silgi. Boya veya cam\u0131n<\/p>\n","protected":false},"featured_media":16854,"comment_status":"open","ping_status":"closed","template":"","meta":[],"product_brand":[533],"product_cat":[396,519,440,534,518,439],"product_tag":[],"class_list":{"0":"post-16853","1":"product","2":"type-product","3":"status-publish","4":"has-post-thumbnail","6":"product_brand-shine-mate","7":"product_cat-dis-bakim-urunleri","8":"product_cat-makine-yedek-parcalar","9":"product_cat-pedler-ve-keceler","10":"product_cat-polisaj-makineleri","11":"product_cat-polisaj-makineleri-ve-el-aletleri","12":"product_cat-uygulama-pedleri-ve-bezler","14":"first","15":"instock","16":"shipping-taxable","17":"purchasable","18":"product-type-simple"},"jetpack_sharing_enabled":true,"_links":{"self":[{"href":"https:\/\/junewax.com\/index.php?rest_route=\/wp\/v2\/product\/16853","targetHints":{"allow":["GET"]}}],"collection":[{"href":"https:\/\/junewax.com\/index.php?rest_route=\/wp\/v2\/product"}],"about":[{"href":"https:\/\/junewax.com\/index.php?rest_route=\/wp\/v2\/types\/product"}],"replies":[{"embeddable":true,"href":"https:\/\/junewax.com\/index.php?rest_route=%2Fwp%2Fv2%2Fcomments&post=16853"}],"version-history":[{"count":1,"href":"https:\/\/junewax.com\/index.php?rest_route=\/wp\/v2\/product\/16853\/revisions"}],"predecessor-version":[{"id":16855,"href":"https:\/\/junewax.com\/index.php?rest_route=\/wp\/v2\/product\/16853\/revisions\/16855"}],"wp:featuredmedia":[{"embeddable":true,"href":"https:\/\/junewax.com\/index.php?rest_route=\/wp\/v2\/media\/16854"}],"wp:attachment":[{"href":"https:\/\/junewax.com\/index.php?rest_route=%2Fwp%2Fv2%2Fmedia&parent=16853"}],"wp:term":[{"taxonomy":"product_brand","embeddable":true,"href":"https:\/\/junewax.com\/index.php?rest_route=%2Fwp%2Fv2%2Fproduct_brand&post=16853"},{"taxonomy":"product_cat","embeddable":true,"href":"https:\/\/junewax.com\/index.php?rest_route=%2Fwp%2Fv2%2Fproduct_cat&post=16853"},{"taxonomy":"product_tag","embeddable":true,"href":"https:\/\/junewax.com\/index.php?rest_route=%2Fwp%2Fv2%2Fproduct_tag&post=16853"}],"curies":[{"name":"wp","href":"https:\/\/api.w.org\/{rel}","templated":true}]}}