{"id":16864,"date":"2025-08-19T13:44:25","date_gmt":"2025-08-19T13:44:25","guid":{"rendered":"https:\/\/junewax.com\/?post_type=product&#038;p=16864"},"modified":"2026-04-15T20:34:29","modified_gmt":"2026-04-15T20:34:29","slug":"shine-mate-yikama-kovasi-ve-kova-aparati","status":"publish","type":"product","link":"https:\/\/junewax.com\/?product=shine-mate-yikama-kovasi-ve-kova-aparati","title":{"rendered":"Shine Mate Y\u0131kama Kovas\u0131 Ve Kova Aparat\u0131"},"content":{"rendered":"<p>Profesyoneller ve ara\u00e7 tutkunlar\u0131 i\u00e7in yap\u0131lm\u0131\u015ft\u0131r.Kova Aparat\u0131\u00a0 y\u0131kama s\u00fcngerinden veya y\u0131kama eldiveninden d\u00f6k\u00fclen a\u015f\u0131nd\u0131r\u0131c\u0131 par\u00e7ac\u0131klar\u0131 giderir. Izgara, pislik ve par\u00e7ac\u0131klar\u0131 y\u0131kama \u015fampuanlar\u0131n\u0131zdan ve ekipmanlar\u0131n\u0131zdan \u00e7\u0131kartarak tabana \u00e7\u00f6keltir.\u00a0 Dolay\u0131s\u0131 ile suyunuz daha uzun s\u00fcre temiz kal\u0131r ve boyan\u0131z a\u015f\u0131nd\u0131r\u0131c\u0131lardan olu\u015fan harelerden korunur.<\/p>\n","protected":false},"excerpt":{"rendered":"<p>Profesyoneller ve ara\u00e7 tutkunlar\u0131 i\u00e7in yap\u0131lm\u0131\u015ft\u0131r.Kova Aparat\u0131\u00a0 y\u0131kama s\u00fcngerinden veya y\u0131kama eldiveninden d\u00f6k\u00fclen a\u015f\u0131nd\u0131r\u0131c\u0131 par\u00e7ac\u0131klar\u0131 giderir. Izgara, pislik ve par\u00e7ac\u0131klar\u0131<\/p>\n","protected":false},"featured_media":16865,"comment_status":"open","ping_status":"closed","template":"","meta":[],"product_brand":[533],"product_cat":[515,527,524,516],"product_tag":[],"class_list":{"0":"post-16864","1":"product","2":"type-product","3":"status-publish","4":"has-post-thumbnail","6":"product_brand-shine-mate","7":"product_cat-dagitici-siseler-fircalar-aksesuarlar","8":"product_cat-ekipman-standlari","9":"product_cat-fircalar","10":"product_cat-sprey-siseler-ve-basincli-pompalar","12":"first","13":"instock","14":"shipping-taxable","15":"purchasable","16":"product-type-simple"},"jetpack_sharing_enabled":true,"_links":{"self":[{"href":"https:\/\/junewax.com\/index.php?rest_route=\/wp\/v2\/product\/16864","targetHints":{"allow":["GET"]}}],"collection":[{"href":"https:\/\/junewax.com\/index.php?rest_route=\/wp\/v2\/product"}],"about":[{"href":"https:\/\/junewax.com\/index.php?rest_route=\/wp\/v2\/types\/product"}],"replies":[{"embeddable":true,"href":"https:\/\/junewax.com\/index.php?rest_route=%2Fwp%2Fv2%2Fcomments&post=16864"}],"version-history":[{"count":1,"href":"https:\/\/junewax.com\/index.php?rest_route=\/wp\/v2\/product\/16864\/revisions"}],"predecessor-version":[{"id":16866,"href":"https:\/\/junewax.com\/index.php?rest_route=\/wp\/v2\/product\/16864\/revisions\/16866"}],"wp:featuredmedia":[{"embeddable":true,"href":"https:\/\/junewax.com\/index.php?rest_route=\/wp\/v2\/media\/16865"}],"wp:attachment":[{"href":"https:\/\/junewax.com\/index.php?rest_route=%2Fwp%2Fv2%2Fmedia&parent=16864"}],"wp:term":[{"taxonomy":"product_brand","embeddable":true,"href":"https:\/\/junewax.com\/index.php?rest_route=%2Fwp%2Fv2%2Fproduct_brand&post=16864"},{"taxonomy":"product_cat","embeddable":true,"href":"https:\/\/junewax.com\/index.php?rest_route=%2Fwp%2Fv2%2Fproduct_cat&post=16864"},{"taxonomy":"product_tag","embeddable":true,"href":"https:\/\/junewax.com\/index.php?rest_route=%2Fwp%2Fv2%2Fproduct_tag&post=16864"}],"curies":[{"name":"wp","href":"https:\/\/api.w.org\/{rel}","templated":true}]}}