{"id":16878,"date":"2025-08-20T07:36:18","date_gmt":"2025-08-20T07:36:18","guid":{"rendered":"https:\/\/junewax.com\/?post_type=product&#038;p=16878"},"modified":"2025-08-20T07:36:18","modified_gmt":"2025-08-20T07:36:18","slug":"basincli-soguk-yikama-makinasi-c-seri","status":"publish","type":"product","link":"https:\/\/junewax.com\/?product=basincli-soguk-yikama-makinasi-c-seri","title":{"rendered":"Bas\u0131n\u00e7l\u0131 So\u011fuk Y\u0131kama Makinas\u0131 C Seri"},"content":{"rendered":"<p><strong>Pax Y\u00fcksek Bas\u0131n\u00e7l\u0131 Y\u0131kama Makinalar\u0131<\/strong>, \u0130talyan pompa teknolojisi kullan\u0131larak, d\u00fc\u015f\u00fck su t\u00fcketimi ve kullan\u0131m rahatl\u0131\u011f\u0131 ile maximum performans elde etmeniz i\u00e7in tasarlanm\u0131\u015f makinalard\u0131r.<\/p>\n<p>Kullan\u0131m alan\u0131na g\u00f6re, so\u011fuk ve s\u0131cak su olarak farkl\u0131 model ve bas\u0131n\u00e7da \u00fcretilen makinalar\u0131m\u0131z sadece oto y\u0131kama ve kuaf\u00f6rlerinde de\u011fil, sanayi alanlar\u0131, karayollar\u0131, havayollar\u0131, gemicilik, hayvanc\u0131l\u0131k ve tar\u0131m gibi bir\u00e7ok farkl\u0131 alanda kullan\u0131ma uygundur.<\/p>\n<table style=\"height: 371px;\" border=\"1\" width=\"973\" cellspacing=\"1\" cellpadding=\"1\">\n<tbody>\n<tr>\n<td><strong>\u00a0 \u00dcr\u00fcn Kodu\u00a0\u00a0<\/strong><\/td>\n<td><strong>\u00a0 Pompa Bas\u0131nc\u0131 (Bar)\u00a0\u00a0<\/strong><\/td>\n<td><strong>\u00a0 \u00c7al\u0131\u015fma Bas\u0131nc\u0131 (Bar)\u00a0\u00a0<\/strong><\/td>\n<td><strong>Debi\u00a0<\/strong><strong>(Lt. \/Dk.)<\/strong><\/td>\n<td><strong>\u00a0 Motor G\u00fcc\u00fc (kW-Hp)\u00a0\u00a0<\/strong><\/td>\n<td><strong>\u00a0 Gerilim (Faz-Volt)\u00a0\u00a0<\/strong><\/td>\n<td><strong>Pompa Tipi<\/strong><\/td>\n<td><strong>\u00a0 Hortum Uzunlu\u011fu\u011fu\u00a0\u00a0<\/strong><\/td>\n<\/tr>\n<tr>\n<td><strong>C-150<\/strong><\/td>\n<td>150 &#8211; AR<\/td>\n<td>30 &#8211; 150 Ayarlanabilir<\/td>\n<td>15 Ayarlanabilir<\/td>\n<td>4 \/ 5,5<\/td>\n<td>220 &#8211; 1<\/td>\n<td>3 Silindirli\u00a0Seramik Pistonlu<\/td>\n<td>R2 \/ 12 mt.<\/td>\n<\/tr>\n<tr>\n<td><strong>C-200<\/strong><\/td>\n<td>200 &#8211; AR<\/td>\n<td>30 &#8211; 200 Ayarlanabilir<\/td>\n<td>15 Ayarlanabilir<\/td>\n<td>5,5 \/ 7,5<\/td>\n<td>380 &#8211; 3<\/td>\n<td>3 Silindirli\u00a0Seramik Pistonlu<\/td>\n<td>R2 \/ 12 mt.<\/td>\n<\/tr>\n<tr>\n<td><strong>C-250<\/strong><\/td>\n<td>250 &#8211; AR<\/td>\n<td>30 &#8211; 250 Ayarlanabilir<\/td>\n<td>15 Ayarlanabilir<\/td>\n<td>7,5 \/ 10<\/td>\n<td>380 &#8211; 3<\/td>\n<td>3 Silindirli\u00a0Seramik Pistonlu<\/td>\n<td>R2 \/ 12 mt.<\/td>\n<\/tr>\n<tr>\n<td><strong>C-300<\/strong><\/td>\n<td>300 &#8211; AR<\/td>\n<td>30 &#8211; 300 Ayarlanabilir<\/td>\n<td>15 Ayarlanabilir<\/td>\n<td>11 \/ 15<\/td>\n<td>380 &#8211; 3<\/td>\n<td>3 Silindirli\u00a0Seramik Pistonlu<\/td>\n<td>R2 \/ 12 mt.<\/td>\n<\/tr>\n<\/tbody>\n<\/table>\n","protected":false},"excerpt":{"rendered":"<p>Pax Y\u00fcksek Bas\u0131n\u00e7l\u0131 Y\u0131kama Makinalar\u0131, \u0130talyan pompa teknolojisi kullan\u0131larak, d\u00fc\u015f\u00fck su t\u00fcketimi ve kullan\u0131m rahatl\u0131\u011f\u0131 ile maximum performans elde etmeniz<\/p>\n","protected":false},"featured_media":16880,"comment_status":"open","ping_status":"closed","template":"","meta":[],"product_brand":[536],"product_cat":[518,535],"product_tag":[],"class_list":{"0":"post-16878","1":"product","2":"type-product","3":"status-publish","4":"has-post-thumbnail","6":"product_brand-pax","7":"product_cat-polisaj-makineleri-ve-el-aletleri","8":"product_cat-yuksek-basincli-yikamalar-ve-kompresorler","10":"first","11":"outofstock","12":"shipping-taxable","13":"product-type-simple"},"jetpack_sharing_enabled":true,"_links":{"self":[{"href":"https:\/\/junewax.com\/index.php?rest_route=\/wp\/v2\/product\/16878","targetHints":{"allow":["GET"]}}],"collection":[{"href":"https:\/\/junewax.com\/index.php?rest_route=\/wp\/v2\/product"}],"about":[{"href":"https:\/\/junewax.com\/index.php?rest_route=\/wp\/v2\/types\/product"}],"replies":[{"embeddable":true,"href":"https:\/\/junewax.com\/index.php?rest_route=%2Fwp%2Fv2%2Fcomments&post=16878"}],"version-history":[{"count":1,"href":"https:\/\/junewax.com\/index.php?rest_route=\/wp\/v2\/product\/16878\/revisions"}],"predecessor-version":[{"id":16884,"href":"https:\/\/junewax.com\/index.php?rest_route=\/wp\/v2\/product\/16878\/revisions\/16884"}],"wp:featuredmedia":[{"embeddable":true,"href":"https:\/\/junewax.com\/index.php?rest_route=\/wp\/v2\/media\/16880"}],"wp:attachment":[{"href":"https:\/\/junewax.com\/index.php?rest_route=%2Fwp%2Fv2%2Fmedia&parent=16878"}],"wp:term":[{"taxonomy":"product_brand","embeddable":true,"href":"https:\/\/junewax.com\/index.php?rest_route=%2Fwp%2Fv2%2Fproduct_brand&post=16878"},{"taxonomy":"product_cat","embeddable":true,"href":"https:\/\/junewax.com\/index.php?rest_route=%2Fwp%2Fv2%2Fproduct_cat&post=16878"},{"taxonomy":"product_tag","embeddable":true,"href":"https:\/\/junewax.com\/index.php?rest_route=%2Fwp%2Fv2%2Fproduct_tag&post=16878"}],"curies":[{"name":"wp","href":"https:\/\/api.w.org\/{rel}","templated":true}]}}