{"id":16888,"date":"2025-08-21T11:46:07","date_gmt":"2025-08-21T11:46:07","guid":{"rendered":"https:\/\/junewax.com\/?post_type=product&#038;p=16888"},"modified":"2025-08-21T11:46:07","modified_gmt":"2025-08-21T11:46:07","slug":"kpal-km-plus-tpu-ppf-190-mikron","status":"publish","type":"product","link":"https:\/\/junewax.com\/?product=kpal-km-plus-tpu-ppf-190-mikron","title":{"rendered":"KPAL KM PLUS TPU PPF 190 M\u0130KRON"},"content":{"rendered":"<p><strong>Arac\u0131n\u0131z\u0131n de\u011ferini y\u0131llarca koruyun!<\/strong><br data-start=\"162\" data-end=\"165\" \/><strong>KPAL KM PLUS, geli\u015fmi\u015f TPU teknolojisi, 190 mikron kal\u0131nl\u0131\u011f\u0131 ve 10 y\u0131l garanti avantaj\u0131yla, \u00e7iziklere, ta\u015f izlerine ve UV \u0131\u015f\u0131nlar\u0131na kar\u015f\u0131 \u00fcst\u00fcn dayan\u0131kl\u0131l\u0131k sunar. Y\u00fcksek esnekli\u011fi sayesinde m\u00fckemmel uygulanabilirlik sa\u011flar, y\u00fczeye tam uyum g\u00f6sterir. Sararma kar\u015f\u0131t\u0131 yap\u0131s\u0131yla uzun s\u00fcre ilk g\u00fcnk\u00fc berrakl\u0131\u011f\u0131n\u0131 korur.<\/strong><\/p>\n","protected":false},"excerpt":{"rendered":"<p>Arac\u0131n\u0131z\u0131n de\u011ferini y\u0131llarca koruyun!KPAL KM PLUS, geli\u015fmi\u015f TPU teknolojisi, 190 mikron kal\u0131nl\u0131\u011f\u0131 ve 10 y\u0131l garanti avantaj\u0131yla, \u00e7iziklere, ta\u015f izlerine<\/p>\n","protected":false},"featured_media":16889,"comment_status":"open","ping_status":"closed","template":"","meta":[],"product_brand":[537],"product_cat":[528,298],"product_tag":[],"class_list":{"0":"post-16888","1":"product","2":"type-product","3":"status-publish","4":"has-post-thumbnail","6":"product_brand-kpal-ppf","7":"product_cat-ppf-arac-koruma-filmi","8":"product_cat-seramik-ve-korumalar","10":"first","11":"instock","12":"shipping-taxable","13":"product-type-simple"},"jetpack_sharing_enabled":true,"_links":{"self":[{"href":"https:\/\/junewax.com\/index.php?rest_route=\/wp\/v2\/product\/16888","targetHints":{"allow":["GET"]}}],"collection":[{"href":"https:\/\/junewax.com\/index.php?rest_route=\/wp\/v2\/product"}],"about":[{"href":"https:\/\/junewax.com\/index.php?rest_route=\/wp\/v2\/types\/product"}],"replies":[{"embeddable":true,"href":"https:\/\/junewax.com\/index.php?rest_route=%2Fwp%2Fv2%2Fcomments&post=16888"}],"version-history":[{"count":1,"href":"https:\/\/junewax.com\/index.php?rest_route=\/wp\/v2\/product\/16888\/revisions"}],"predecessor-version":[{"id":16890,"href":"https:\/\/junewax.com\/index.php?rest_route=\/wp\/v2\/product\/16888\/revisions\/16890"}],"wp:featuredmedia":[{"embeddable":true,"href":"https:\/\/junewax.com\/index.php?rest_route=\/wp\/v2\/media\/16889"}],"wp:attachment":[{"href":"https:\/\/junewax.com\/index.php?rest_route=%2Fwp%2Fv2%2Fmedia&parent=16888"}],"wp:term":[{"taxonomy":"product_brand","embeddable":true,"href":"https:\/\/junewax.com\/index.php?rest_route=%2Fwp%2Fv2%2Fproduct_brand&post=16888"},{"taxonomy":"product_cat","embeddable":true,"href":"https:\/\/junewax.com\/index.php?rest_route=%2Fwp%2Fv2%2Fproduct_cat&post=16888"},{"taxonomy":"product_tag","embeddable":true,"href":"https:\/\/junewax.com\/index.php?rest_route=%2Fwp%2Fv2%2Fproduct_tag&post=16888"}],"curies":[{"name":"wp","href":"https:\/\/api.w.org\/{rel}","templated":true}]}}